{"id":18,"date":"2022-09-15T08:23:05","date_gmt":"2022-09-15T11:23:05","guid":{"rendered":"https:\/\/clinicajorgejaber.com.br\/espanhol\/?page_id=18"},"modified":"2022-11-21T11:53:43","modified_gmt":"2022-11-21T14:53:43","slug":"seguros-de-salud","status":"publish","type":"page","link":"https:\/\/clinicajorgejaber.com.br\/espanhol\/seguros-de-salud\/","title":{"rendered":"Seguros de salud"},"content":{"rendered":"<p>Aceptado en la cl\u00ednica en Vargem Pequena:<\/p>\n<ul>\n<li>Amafrerj<\/li>\n<li>Amil<\/li>\n<li>Assim<\/li>\n<li>Bradesco Sa\u00fade<\/li>\n<li>Cac \u2013 Cedae<\/li>\n<li>Cassi<\/li>\n<li>Eletros-Sa\u00fade<\/li>\n<li>Embratel | Pame<\/li>\n<li>Golden Cross<\/li>\n<li>Leve Sa\u00fade<\/li>\n<li>Sompo Sa\u00fade<\/li>\n<li>Mediservice<\/li>\n<li>Notredame<\/li>\n<li>Petrobr\u00e1s<\/li>\n<li>Sa\u00fade Caixa<\/li>\n<li>SulAm\u00e9rica<\/li>\n<li>Unafisco<\/li>\n<li>Unimed<\/li>\n<li>Vale<\/li>\n<\/ul>\n","protected":false},"excerpt":{"rendered":"<p>Aceptado en la cl\u00ednica en Vargem Pequena: Amafrerj Amil Assim Bradesco Sa\u00fade Cac \u2013 Cedae Cassi Eletros-Sa\u00fade Embratel | Pame Golden Cross Leve Sa\u00fade Sompo Sa\u00fade Mediservice Notredame Petrobr\u00e1s Sa\u00fade Caixa SulAm\u00e9rica Unafisco Unimed Vale<\/p>\n","protected":false},"author":1,"featured_media":0,"parent":0,"menu_order":0,"comment_status":"closed","ping_status":"closed","template":"","meta":{"footnotes":""},"class_list":["post-18","page","type-page","status-publish","hentry"],"_links":{"self":[{"href":"https:\/\/clinicajorgejaber.com.br\/espanhol\/wp-json\/wp\/v2\/pages\/18","targetHints":{"allow":["GET"]}}],"collection":[{"href":"https:\/\/clinicajorgejaber.com.br\/espanhol\/wp-json\/wp\/v2\/pages"}],"about":[{"href":"https:\/\/clinicajorgejaber.com.br\/espanhol\/wp-json\/wp\/v2\/types\/page"}],"author":[{"embeddable":true,"href":"https:\/\/clinicajorgejaber.com.br\/espanhol\/wp-json\/wp\/v2\/users\/1"}],"replies":[{"embeddable":true,"href":"https:\/\/clinicajorgejaber.com.br\/espanhol\/wp-json\/wp\/v2\/comments?post=18"}],"version-history":[{"count":2,"href":"https:\/\/clinicajorgejaber.com.br\/espanhol\/wp-json\/wp\/v2\/pages\/18\/revisions"}],"predecessor-version":[{"id":122,"href":"https:\/\/clinicajorgejaber.com.br\/espanhol\/wp-json\/wp\/v2\/pages\/18\/revisions\/122"}],"wp:attachment":[{"href":"https:\/\/clinicajorgejaber.com.br\/espanhol\/wp-json\/wp\/v2\/media?parent=18"}],"curies":[{"name":"wp","href":"https:\/\/api.w.org\/{rel}","templated":true}]}}