{"id":20,"date":"2022-09-15T08:23:55","date_gmt":"2022-09-15T11:23:55","guid":{"rendered":"https:\/\/clinicajorgejaber.com.br\/espanhol\/?page_id=20"},"modified":"2022-09-15T18:45:47","modified_gmt":"2022-09-15T21:45:47","slug":"entrenamiento-profesional","status":"publish","type":"page","link":"https:\/\/clinicajorgejaber.com.br\/espanhol\/entrenamiento-profesional\/","title":{"rendered":"Entrenamiento profesional"},"content":{"rendered":"<p>El Curso de Capacitaci\u00f3n en Psicoterapia y Consejer\u00eda en Dependencia Qu\u00edmica se estableci\u00f3 con el fin de satisfacer la creciente demanda de profesionales debidamente calificados (para cubrir vacantes en la Cl\u00ednica Jorge Jaber y en otros lugares) y tambi\u00e9n para brindar a quienes ya trabajan en el campo una fuente de informaci\u00f3n especializada y actualizada. El curso cubre una amplia gama de temas centrados en la Dependencia Qu\u00edmica y los trastornos mentales, y busca combinar la comprensi\u00f3n de los aspectos te\u00f3ricos involucrados con la realidad pr\u00e1ctica de las enfermedades y su tratamiento.<\/p>\n<p>El curso tiene una duraci\u00f3n de un a\u00f1o y se divide en dos segmentos principales:<\/p>\n<ol>\n<li>PSICOPATOLOG\u00cdA: Abarca todos los aspectos relacionados con la psicopatolog\u00eda del trastorno mental.<\/li>\n<li>DEPENDENCIA QU\u00cdMICA: cubre todos los aspectos de la Dependencia Qu\u00edmica, tales como: m\u00e9todos de tratamiento, farmacolog\u00eda, terapia cognitiva\/conductual, el Programa de 12 Pasos.<\/li>\n<\/ol>\n<p>El an\u00e1lisis mensual de casos cl\u00ednicos es un componente importante del curso, destinado a brindar a los estudiantes una mayor comprensi\u00f3n del proceso de tratamiento con enfoques terap\u00e9uticos. Conferencias regulares son proporcionadas por destacados especialistas en salud mental.<\/p>\n<p>Las conferencias ocurren los s\u00e1bados de 2 pm a 5 pm. Para m\u00e1s informaci\u00f3n, env\u00ede un correo electr\u00f3nico a\u00a0<a style=\"font-style: inherit; font-weight: inherit;\" href=\"mailto:cr@clinicajorgejaber.com.br\">cr@clinicajorgejaber.com.br<\/a>.<\/p>\n","protected":false},"excerpt":{"rendered":"<p>El Curso de Capacitaci\u00f3n en Psicoterapia y Consejer\u00eda en Dependencia Qu\u00edmica se estableci\u00f3 con el fin de satisfacer la creciente demanda de profesionales debidamente calificados (para cubrir vacantes en la Cl\u00ednica Jorge Jaber y en otros lugares) y tambi\u00e9n para<\/p>\n","protected":false},"author":1,"featured_media":0,"parent":0,"menu_order":0,"comment_status":"closed","ping_status":"closed","template":"","meta":{"footnotes":""},"class_list":["post-20","page","type-page","status-publish","hentry"],"_links":{"self":[{"href":"https:\/\/clinicajorgejaber.com.br\/espanhol\/wp-json\/wp\/v2\/pages\/20","targetHints":{"allow":["GET"]}}],"collection":[{"href":"https:\/\/clinicajorgejaber.com.br\/espanhol\/wp-json\/wp\/v2\/pages"}],"about":[{"href":"https:\/\/clinicajorgejaber.com.br\/espanhol\/wp-json\/wp\/v2\/types\/page"}],"author":[{"embeddable":true,"href":"https:\/\/clinicajorgejaber.com.br\/espanhol\/wp-json\/wp\/v2\/users\/1"}],"replies":[{"embeddable":true,"href":"https:\/\/clinicajorgejaber.com.br\/espanhol\/wp-json\/wp\/v2\/comments?post=20"}],"version-history":[{"count":2,"href":"https:\/\/clinicajorgejaber.com.br\/espanhol\/wp-json\/wp\/v2\/pages\/20\/revisions"}],"predecessor-version":[{"id":119,"href":"https:\/\/clinicajorgejaber.com.br\/espanhol\/wp-json\/wp\/v2\/pages\/20\/revisions\/119"}],"wp:attachment":[{"href":"https:\/\/clinicajorgejaber.com.br\/espanhol\/wp-json\/wp\/v2\/media?parent=20"}],"curies":[{"name":"wp","href":"https:\/\/api.w.org\/{rel}","templated":true}]}}