{"id":22,"date":"2022-09-15T08:26:24","date_gmt":"2022-09-15T11:26:24","guid":{"rendered":"https:\/\/clinicajorgejaber.com.br\/espanhol\/?page_id=22"},"modified":"2022-09-15T08:26:24","modified_gmt":"2022-09-15T11:26:24","slug":"direccion","status":"publish","type":"page","link":"https:\/\/clinicajorgejaber.com.br\/espanhol\/direccion\/","title":{"rendered":"Direcci\u00f3n"},"content":{"rendered":"<p><strong>CENTRO DE RECUPERACION<\/strong><\/p>\n<p>263 El\u00edsio de Ara\u00fajo, Vargem Pequena, R\u00edo de Janeiro, RJ 22763-360<\/p>\n<p>Tel\u00e9fono: +55(21) 2442-2230, +55 (21) 2442-2583, +55 (21) 2529-8585, +55 (21) 2540-9091<\/p>\n<p>Correo electr\u00f3nico: <a href=\"mailto:cr@clinicajorgejaber.com.br\">cr@clinicajorgejaber.com.br<\/a><\/p>\n<p style=\"text-align: center;\"><iframe loading=\"lazy\" style=\"border: 0;\" src=\"https:\/\/www.google.com\/maps\/embed?pb=!1m14!1m8!1m3!1d29384.799337709606!2d-43.459071!3d-22.983353!3m2!1i1024!2i768!4f13.1!3m3!1m2!1s0x9bdd09f027467f%3A0x66d01c1f1bd917cd!2sR.+El%C3%ADsio+de+Ara%C3%BAjo%2C+263+-+Vargem+Pequena%2C+Rio+de+Janeiro+-+RJ%2C+22783-415%2C+Brasil!5e0!3m2!1spt-PT!2sus!4v1492120354000\" width=\"600\" height=\"300\" frameborder=\"0\" allowfullscreen=\"allowfullscreen\" data-mce-fragment=\"1\"><\/iframe><\/p>\n","protected":false},"excerpt":{"rendered":"<p>CENTRO DE RECUPERACION 263 El\u00edsio de Ara\u00fajo, Vargem Pequena, R\u00edo de Janeiro, RJ 22763-360 Tel\u00e9fono: +55(21) 2442-2230, +55 (21) 2442-2583, +55 (21) 2529-8585, +55 (21) 2540-9091 Correo electr\u00f3nico: cr@clinicajorgejaber.com.br<\/p>\n","protected":false},"author":1,"featured_media":0,"parent":0,"menu_order":0,"comment_status":"closed","ping_status":"closed","template":"","meta":{"footnotes":""},"class_list":["post-22","page","type-page","status-publish","hentry"],"_links":{"self":[{"href":"https:\/\/clinicajorgejaber.com.br\/espanhol\/wp-json\/wp\/v2\/pages\/22","targetHints":{"allow":["GET"]}}],"collection":[{"href":"https:\/\/clinicajorgejaber.com.br\/espanhol\/wp-json\/wp\/v2\/pages"}],"about":[{"href":"https:\/\/clinicajorgejaber.com.br\/espanhol\/wp-json\/wp\/v2\/types\/page"}],"author":[{"embeddable":true,"href":"https:\/\/clinicajorgejaber.com.br\/espanhol\/wp-json\/wp\/v2\/users\/1"}],"replies":[{"embeddable":true,"href":"https:\/\/clinicajorgejaber.com.br\/espanhol\/wp-json\/wp\/v2\/comments?post=22"}],"version-history":[{"count":1,"href":"https:\/\/clinicajorgejaber.com.br\/espanhol\/wp-json\/wp\/v2\/pages\/22\/revisions"}],"predecessor-version":[{"id":23,"href":"https:\/\/clinicajorgejaber.com.br\/espanhol\/wp-json\/wp\/v2\/pages\/22\/revisions\/23"}],"wp:attachment":[{"href":"https:\/\/clinicajorgejaber.com.br\/espanhol\/wp-json\/wp\/v2\/media?parent=22"}],"curies":[{"name":"wp","href":"https:\/\/api.w.org\/{rel}","templated":true}]}}