{"id":26,"date":"2022-09-15T08:30:02","date_gmt":"2022-09-15T11:30:02","guid":{"rendered":"https:\/\/clinicajorgejaber.com.br\/espanhol\/?page_id=26"},"modified":"2022-09-15T08:30:02","modified_gmt":"2022-09-15T11:30:02","slug":"tratamientos-y-servicios","status":"publish","type":"page","link":"https:\/\/clinicajorgejaber.com.br\/espanhol\/tratamientos-y-servicios\/","title":{"rendered":"Tratamientos y servicios"},"content":{"rendered":"<ol>\n<li><strong>Dependencia qu\u00edmica<\/strong> Tratamos a personas que abusan de sustancias qu\u00edmicas (alcohol, coca\u00edna, marihuana, \u00e9xtasis, crack, etc.), causando p\u00e9rdidas al individuo. El tratamiento del tabaquismo se proporciona con terapia de grupo, uso de adhesivos, chicles y medicaci\u00f3n).<\/li>\n<li><strong>Fumar <\/strong>Fumar es una enfermedad cr\u00f3nica y es responsable de la mayor cantidad de muertes innecesarias en el mundo, seg\u00fan datos de la Organizaci\u00f3n Mundial de la Salud. Sin embargo, se puede tratar con eficacia. Ofrecemos t\u00e9cnicas de tratamiento del tabaquismo de \u00faltima generaci\u00f3n a trav\u00e9s de la participaci\u00f3n de un equipo multidisciplinar de expertos. La intervenci\u00f3n coordinada de un equipo de m\u00e9dicos, psic\u00f3logos, orientadores, grupos de autoayuda y familiares consigue excelentes resultados, como demuestra nuestra experiencia cl\u00ednica de m\u00e1s de 20 a\u00f1os en el tratamiento de este problema. Se realizan actividades terap\u00e9uticas, como el grupo de tabaquismo, que se re\u00fane dos veces por semana, durante una hora, con el fin de sensibilizar al paciente en el cambio de estilo de vida, mostrando los efectos nocivos del tabaquismo y la importancia de seguir sin fumar despu\u00e9s del alta.<\/li>\n<li><strong>Tratamiento dual<\/strong> La cl\u00ednica atiende a personas que presentan dos o m\u00e1s patolog\u00edas simult\u00e1neamente, tales como trastornos mentales y de conducta derivados del uso abusivo de sustancias qu\u00edmicas, asociados a alg\u00fan tipo de psicopatolog\u00eda como esquizofrenia, depresi\u00f3n, trastorno afectivo bipolar, entre otras enfermedades psiqui\u00e1tricas.<\/li>\n<li><strong>Trastornos psiqui\u00e1tricos<\/strong> La cl\u00ednica ofrece tratamiento para los m\u00e1s diversos trastornos psiqui\u00e1tricos como depresi\u00f3n, fobias, ansiedad, trastorno obsesivo compulsivo (TOC), esquizofrenia, etc.<\/li>\n<li><strong>Trastornos de la Alimentaci\u00f3n<\/strong> La Cl\u00ednica Jorge Jaber tambi\u00e9n brinda tratamiento a personas que tienen problemas relacionados con la obesidad. La Cl\u00ednica brinda terapia de grupo y dieta balanceada orientada al nutricionista para personas que tienen anorexia y bulimia.<\/li>\n<\/ol>\n<p><strong>SERVICIOS<\/strong><\/p>\n<ol>\n<li><strong>Pasant\u00edas 24 horas<\/strong> La Cl\u00ednica ofrece instalaciones adecuadas para albergar al paciente durante el proceso de hospitalizaci\u00f3n. Comidas abundantes, equilibradas y sabrosas; Entorno con amplia zona exterior, piscina y cancha, para actividades f\u00edsicas; y se ofrece terapia individual y grupal a cargo de un equipo multidisciplinario para que el paciente se recupere en el menor tiempo posible y gane mayor autonom\u00eda.<\/li>\n<li><strong>Hospital de D\u00eda<\/strong> Utilizado por pacientes post-tratamiento o aquellos que no desean hospitalizarse. Diariamente realizan las actividades terap\u00e9uticas habituales de la cl\u00ednica con desayuno, merienda y almuerzo.<\/li>\n<li><strong>Grupo de Valoraci\u00f3n de la Vida Formado<\/strong> por pacientes que intentaron suicidarse. Diariamente, durante una hora, se re\u00fanen con miembros del equipo multidisciplinario y conversan sobre sentimiento, espiritualidad, motivaci\u00f3n, de manera intensiva para que haya mayor adherencia al tratamiento.<\/li>\n<\/ol>\n<p>La Cl\u00ednica Jorge Jaber ofrece atenci\u00f3n a pacientes psiqui\u00e1tricos y dependientes qu\u00edmicos en los m\u00e1s diversos escenarios y etapas -estado agudo, grave y cr\u00f3nico- a trav\u00e9s de atenci\u00f3n individual, terapia de grupo, terapia familiar, tratamiento ambulatorio, atenci\u00f3n domiciliaria, semi-hospitalizaci\u00f3n y hospitalizaci\u00f3n (incluyendo involuntario).<\/p>\n","protected":false},"excerpt":{"rendered":"<p>Dependencia qu\u00edmica Tratamos a personas que abusan de sustancias qu\u00edmicas (alcohol, coca\u00edna, marihuana, \u00e9xtasis, crack, etc.), causando p\u00e9rdidas al individuo. El tratamiento del tabaquismo se proporciona con terapia de grupo, uso de adhesivos, chicles y medicaci\u00f3n). Fumar Fumar es una<\/p>\n","protected":false},"author":1,"featured_media":0,"parent":0,"menu_order":0,"comment_status":"closed","ping_status":"closed","template":"","meta":{"footnotes":""},"class_list":["post-26","page","type-page","status-publish","hentry"],"_links":{"self":[{"href":"https:\/\/clinicajorgejaber.com.br\/espanhol\/wp-json\/wp\/v2\/pages\/26","targetHints":{"allow":["GET"]}}],"collection":[{"href":"https:\/\/clinicajorgejaber.com.br\/espanhol\/wp-json\/wp\/v2\/pages"}],"about":[{"href":"https:\/\/clinicajorgejaber.com.br\/espanhol\/wp-json\/wp\/v2\/types\/page"}],"author":[{"embeddable":true,"href":"https:\/\/clinicajorgejaber.com.br\/espanhol\/wp-json\/wp\/v2\/users\/1"}],"replies":[{"embeddable":true,"href":"https:\/\/clinicajorgejaber.com.br\/espanhol\/wp-json\/wp\/v2\/comments?post=26"}],"version-history":[{"count":1,"href":"https:\/\/clinicajorgejaber.com.br\/espanhol\/wp-json\/wp\/v2\/pages\/26\/revisions"}],"predecessor-version":[{"id":27,"href":"https:\/\/clinicajorgejaber.com.br\/espanhol\/wp-json\/wp\/v2\/pages\/26\/revisions\/27"}],"wp:attachment":[{"href":"https:\/\/clinicajorgejaber.com.br\/espanhol\/wp-json\/wp\/v2\/media?parent=26"}],"curies":[{"name":"wp","href":"https:\/\/api.w.org\/{rel}","templated":true}]}}