{"id":28,"date":"2022-09-15T08:32:51","date_gmt":"2022-09-15T11:32:51","guid":{"rendered":"https:\/\/clinicajorgejaber.com.br\/espanhol\/?page_id=28"},"modified":"2022-09-15T08:32:51","modified_gmt":"2022-09-15T11:32:51","slug":"curso-de-educacion-fisica-en-el-tratamiento-de-la-dependencia-quimica","status":"publish","type":"page","link":"https:\/\/clinicajorgejaber.com.br\/espanhol\/curso-de-educacion-fisica-en-el-tratamiento-de-la-dependencia-quimica\/","title":{"rendered":"Curso de Educaci\u00f3n F\u00edsica en el Tratamiento de la Dependencia Qu\u00edmica"},"content":{"rendered":"<h3 style=\"text-align: center;\">CENTRO DE ACTIVIDADES F\u00cdSICAS DE LA CL\u00cdNICA JORGE JABER PRESENTA<\/h3>\n<p style=\"text-align: center;\">Curso \u201cEDUCACI\u00d3N F\u00cdSICA EN EL TRATAMIENTO DE LA DEPENDENCIA\u201d<\/p>\n<p><strong>Metas:<\/strong><\/p>\n<ul>\n<li>Enfatice la importancia de la actividad f\u00edsica en la preservaci\u00f3n del cuerpo y la mente, tanto en la prevenci\u00f3n como en el tratamiento de enfermedades.<\/li>\n<li>Presentar las diferentes actividades f\u00edsicas que se realizan en una Cl\u00ednica Psiqui\u00e1trica, respetando las diferencias y necesidades de cada paciente.<\/li>\n<li>Ofrecer experiencia pr\u00e1ctica a los alumnos, con una pasant\u00eda presencial en la Cl\u00ednica Jorge Jaber.<\/li>\n<\/ul>\n<p><strong>\u00bfQui\u00e9n puede asistir al curso?<\/strong><\/p>\n<p>El Curso de Educaci\u00f3n F\u00edsica en el Tratamiento de la Dependencia Qu\u00edmica es un curso gratuito, con especial inter\u00e9s en profesionales y estudiantes de las \u00e1reas de Educaci\u00f3n F\u00edsica, Medicina, Fisioterapia y otras.<\/p>\n<p><strong>Modelo:<\/strong><\/p>\n<p>Curso online gratuito, con clases retransmitidas por Facebook. Las clases se graban y se pueden ver.<\/p>\n<p><strong>Carga de trabajo:<\/strong><\/p>\n<p>M\u00f3dulo te\u00f3rico: Cuatro clases, los jueves, a las 19 horas, de 90 minutos cada una, para un total de 6 horas.<\/p>\n<p>M\u00f3dulo pr\u00e1ctico: 24 clases presenciales, en la Cl\u00ednica Jorge Jaber, en fechas acordadas entre el alumno y el coordinador del curso.<\/p>\n<p><strong>PROGRAMA<\/strong><\/p>\n<ul>\n<li>Clase I &#8211; 7 de julio<\/li>\n<\/ul>\n<p>Contexto hist\u00f3rico y social de la actividad f\u00edsica<\/p>\n<ol>\n<li>Historia de la Actividad F\u00edsica<\/li>\n<li>Actividad F\u00edsica X Ejercicio F\u00edsico<\/li>\n<li>Estilo de vida sedentario<\/li>\n<li>La Organizaci\u00f3n Mundial de la Salud (OMS) y el Ejercicio F\u00edsico<\/li>\n<\/ol>\n<ul>\n<li>Clase II &#8211; 14 de julio<\/li>\n<\/ul>\n<p>Fisiolog\u00eda aplicada al entrenamiento f\u00edsico en Cl\u00ednica Psiqui\u00e1trica<\/p>\n<ol>\n<li>Hormonas y actividad f\u00edsica<\/li>\n<li>Actividad f\u00edsica en las diferentes etapas de la vida<\/li>\n<\/ol>\n<ul>\n<li>Clase III &#8211; 21 de julio<\/li>\n<\/ul>\n<p>La actividad f\u00edsica en la salud mental, la dependencia qu\u00edmica y los 12 Pasos<\/p>\n<ol>\n<li>Beneficios de la actividad f\u00edsica en pacientes psiqui\u00e1tricos y qu\u00edmicamente dependientes<\/li>\n<li>Qu\u00e9 es la dependencia qu\u00edmica y c\u00f3mo contribuye la actividad f\u00edsica a la recuperaci\u00f3n<\/li>\n<li>La experiencia del Programa de 12 Pasos en actividades f\u00edsicas<\/li>\n<\/ol>\n<p><strong>Inscripciones:<\/strong><\/p>\n<p>Env\u00ede un correo electr\u00f3nico para el correo electr\u00f3nico <a href=\"mailto:cr@clinicajorgejaber.com.br\">cr@clinicajorgejaber.com.br<\/a>, escribiendo \u201cCURSO EDUCA\u00c7\u00c3O F\u00cdSICA\u201d en el campo \u201cAsunto\u201d.<\/p>\n<p>En el cuerpo del correo electr\u00f3nico, escriba su nombre, n\u00famero de tel\u00e9fono completo, nombre con el que est\u00e1 registrado en Facebook y antecedentes acad\u00e9micos.<\/p>\n<p>ATENCI\u00d3N: La participaci\u00f3n en el Curso es gratuita. El Certificado de Finalizaci\u00f3n del M\u00f3dulo (opcional) costar\u00e1 R$ 80,00 cada uno.<\/p>\n<p>&nbsp;<\/p>\n","protected":false},"excerpt":{"rendered":"<p>CENTRO DE ACTIVIDADES F\u00cdSICAS DE LA CL\u00cdNICA JORGE JABER PRESENTA Curso \u201cEDUCACI\u00d3N F\u00cdSICA EN EL TRATAMIENTO DE LA DEPENDENCIA\u201d Metas: Enfatice la importancia de la actividad f\u00edsica en la preservaci\u00f3n del cuerpo y la mente, tanto en la prevenci\u00f3n como<\/p>\n","protected":false},"author":1,"featured_media":0,"parent":0,"menu_order":0,"comment_status":"closed","ping_status":"closed","template":"","meta":{"footnotes":""},"class_list":["post-28","page","type-page","status-publish","hentry"],"_links":{"self":[{"href":"https:\/\/clinicajorgejaber.com.br\/espanhol\/wp-json\/wp\/v2\/pages\/28","targetHints":{"allow":["GET"]}}],"collection":[{"href":"https:\/\/clinicajorgejaber.com.br\/espanhol\/wp-json\/wp\/v2\/pages"}],"about":[{"href":"https:\/\/clinicajorgejaber.com.br\/espanhol\/wp-json\/wp\/v2\/types\/page"}],"author":[{"embeddable":true,"href":"https:\/\/clinicajorgejaber.com.br\/espanhol\/wp-json\/wp\/v2\/users\/1"}],"replies":[{"embeddable":true,"href":"https:\/\/clinicajorgejaber.com.br\/espanhol\/wp-json\/wp\/v2\/comments?post=28"}],"version-history":[{"count":1,"href":"https:\/\/clinicajorgejaber.com.br\/espanhol\/wp-json\/wp\/v2\/pages\/28\/revisions"}],"predecessor-version":[{"id":29,"href":"https:\/\/clinicajorgejaber.com.br\/espanhol\/wp-json\/wp\/v2\/pages\/28\/revisions\/29"}],"wp:attachment":[{"href":"https:\/\/clinicajorgejaber.com.br\/espanhol\/wp-json\/wp\/v2\/media?parent=28"}],"curies":[{"name":"wp","href":"https:\/\/api.w.org\/{rel}","templated":true}]}}