{"id":42,"date":"2022-09-15T08:49:51","date_gmt":"2022-09-15T11:49:51","guid":{"rendered":"https:\/\/clinicajorgejaber.com.br\/espanhol\/?page_id=42"},"modified":"2022-09-15T09:10:07","modified_gmt":"2022-09-15T12:10:07","slug":"42-2","status":"publish","type":"page","link":"https:\/\/clinicajorgejaber.com.br\/espanhol\/","title":{"rendered":"."},"content":{"rendered":"<p style=\"text-align: center;\"><img loading=\"lazy\" decoding=\"async\" class=\"aligncenter wp-image-68 size-full\" src=\"http:\/\/clinicajorgejaber.com.br\/espanhol\/wp-content\/uploads\/2022\/09\/icone_clinica-300x200-1.jpg\" alt=\"\" width=\"300\" height=\"200\" \/><\/p>\n<p style=\"text-align: center;\"><strong>TEL\u00c9FONOS<\/strong> +55 (21) 2442-4354 | + 55 (21) 2442-2583 | +55 (21) 2442-2230<\/p>\n<p style=\"text-align: center;\"><img loading=\"lazy\" decoding=\"async\" class=\"aligncenter size-full wp-image-70\" src=\"http:\/\/clinicajorgejaber.com.br\/espanhol\/wp-content\/uploads\/2022\/09\/location-300x200-1.png\" alt=\"\" width=\"300\" height=\"200\" \/><\/p>\n<p style=\"text-align: center;\"><strong>CENTRO DE RECUPERACION<\/strong> 263 El\u00edsio de Ara\u00fajo, Vargem Pequena, Rio de Janeiro, RJ<\/p>\n<p style=\"text-align: center;\"><img loading=\"lazy\" decoding=\"async\" class=\"aligncenter size-full wp-image-69\" src=\"http:\/\/clinicajorgejaber.com.br\/espanhol\/wp-content\/uploads\/2022\/09\/icone_portugues_version-300x200-1.jpg\" alt=\"\" width=\"300\" height=\"200\" \/><\/p>\n<p style=\"text-align: center;\"><strong>VERS\u00c3O EM PORTUGU\u00caS<\/strong>\u00a0<a href=\"http:\/\/clinicajorgejaber.com.br\/novo\/\" target=\"_blank\" rel=\"noopener noreferrer\">Acesse a vers\u00e3o em portugu\u00eas do nosso site<\/a><\/p>\n","protected":false},"excerpt":{"rendered":"<p>TEL\u00c9FONOS +55 (21) 2442-4354 | + 55 (21) 2442-2583 | +55 (21) 2442-2230 CENTRO DE RECUPERACION 263 El\u00edsio de Ara\u00fajo, Vargem Pequena, Rio de Janeiro, RJ VERS\u00c3O EM PORTUGU\u00caS\u00a0Acesse a vers\u00e3o em portugu\u00eas do nosso site<\/p>\n","protected":false},"author":1,"featured_media":0,"parent":0,"menu_order":0,"comment_status":"closed","ping_status":"closed","template":"","meta":{"footnotes":""},"class_list":["post-42","page","type-page","status-publish","hentry"],"_links":{"self":[{"href":"https:\/\/clinicajorgejaber.com.br\/espanhol\/wp-json\/wp\/v2\/pages\/42","targetHints":{"allow":["GET"]}}],"collection":[{"href":"https:\/\/clinicajorgejaber.com.br\/espanhol\/wp-json\/wp\/v2\/pages"}],"about":[{"href":"https:\/\/clinicajorgejaber.com.br\/espanhol\/wp-json\/wp\/v2\/types\/page"}],"author":[{"embeddable":true,"href":"https:\/\/clinicajorgejaber.com.br\/espanhol\/wp-json\/wp\/v2\/users\/1"}],"replies":[{"embeddable":true,"href":"https:\/\/clinicajorgejaber.com.br\/espanhol\/wp-json\/wp\/v2\/comments?post=42"}],"version-history":[{"count":3,"href":"https:\/\/clinicajorgejaber.com.br\/espanhol\/wp-json\/wp\/v2\/pages\/42\/revisions"}],"predecessor-version":[{"id":71,"href":"https:\/\/clinicajorgejaber.com.br\/espanhol\/wp-json\/wp\/v2\/pages\/42\/revisions\/71"}],"wp:attachment":[{"href":"https:\/\/clinicajorgejaber.com.br\/espanhol\/wp-json\/wp\/v2\/media?parent=42"}],"curies":[{"name":"wp","href":"https:\/\/api.w.org\/{rel}","templated":true}]}}