{"id":5,"date":"2022-09-15T08:10:20","date_gmt":"2022-09-15T11:10:20","guid":{"rendered":"https:\/\/clinicajorgejaber.com.br\/espanhol\/?page_id=5"},"modified":"2022-09-15T18:46:30","modified_gmt":"2022-09-15T21:46:30","slug":"la-clinica","status":"publish","type":"page","link":"https:\/\/clinicajorgejaber.com.br\/espanhol\/la-clinica\/","title":{"rendered":"La cl\u00ednica"},"content":{"rendered":"<p>La Cl\u00ednica Jorge Jaber afiliada a la Federaci\u00f3n Mundial de Salud Mental (WFMH) ha estado activa durante m\u00e1s de 35 a\u00f1os en el campo de la prevenci\u00f3n y tratamiento de los trastornos de salud mental. Nos enfocamos en cuatro \u00e1reas principales y conectadas:<\/p>\n<ol>\n<li>Prevenci\u00f3n: este es el primer paso para lidiar con las drogas. Con esto en mente, nuestra cl\u00ednica ha desarrollado un programa de charlas dictadas en colegios, asociaciones comunitarias e iglesias, as\u00ed como el Programa Empresa, advirtiendo sobre los da\u00f1os causados por el uso de sustancias qu\u00edmicas y alcohol.<\/li>\n<li>Tratamiento \u2013 Ofrecemos tratamiento para todo tipo de patolog\u00edas psicol\u00f3gicas\/psiqui\u00e1tricas como depresi\u00f3n, fobias, trastorno obsesivo-compulsivo, obesidad, anorexia, bulimia, esquizofrenia, etc.) As\u00ed como dependencia qu\u00edmica (tabaco, alcohol, marihuana, coca\u00edna, disolventes) etc.<\/li>\n<li>Ense\u00f1anza \u2013 La Cl\u00ednica Jorge Jaber realiza un Curso de Capacitaci\u00f3n en Psicoterapia\/Consejer\u00eda en Dependencia Qu\u00edmica. Tambi\u00e9n contamos con un Programa de Educaci\u00f3n Continua (PEC) destinado a desarrollar profesionales que ya est\u00e1n trabajando en el \u00e1rea y desean mejorar sus conocimientos y habilidades para mejorar su desempe\u00f1o y atenci\u00f3n al paciente.<\/li>\n<li>Investigaci\u00f3n \u2013 En la b\u00fasqueda de la mejora constante en la calidad de sus servicios, la Cl\u00ednica Jorge Jaber realiza investigaciones con el fin de desarrollar nuevos y mejores m\u00e9todos de tratamiento. Los resultados de dicha investigaci\u00f3n se publican y presentan a nivel nacional e internacional.<\/li>\n<\/ol>\n<p>Acompa\u00f1amiento familiar\/ Terapia Familiar -Si tiene preguntas sobre la hospitalizaci\u00f3n o el tratamiento en el hospital de d\u00eda de su ser querido, comun\u00edquese con la profesora \u00c2ngela Hollanda, especialista en dependencia qu\u00edmica y coordinadora del programa familiar de la Cl\u00ednica, en\u00a0<a style=\"font-style: inherit; font-weight: inherit;\" href=\"mailto:ahollandajjaber@gmail.com\">ahollandajjaber@gmail.com<\/a><\/p>\n","protected":false},"excerpt":{"rendered":"<p>La Cl\u00ednica Jorge Jaber afiliada a la Federaci\u00f3n Mundial de Salud Mental (WFMH) ha estado activa durante m\u00e1s de 35 a\u00f1os en el campo de la prevenci\u00f3n y tratamiento de los trastornos de salud mental. Nos enfocamos en cuatro \u00e1reas<\/p>\n","protected":false},"author":1,"featured_media":0,"parent":0,"menu_order":0,"comment_status":"closed","ping_status":"closed","template":"","meta":{"footnotes":""},"class_list":["post-5","page","type-page","status-publish","hentry"],"_links":{"self":[{"href":"https:\/\/clinicajorgejaber.com.br\/espanhol\/wp-json\/wp\/v2\/pages\/5","targetHints":{"allow":["GET"]}}],"collection":[{"href":"https:\/\/clinicajorgejaber.com.br\/espanhol\/wp-json\/wp\/v2\/pages"}],"about":[{"href":"https:\/\/clinicajorgejaber.com.br\/espanhol\/wp-json\/wp\/v2\/types\/page"}],"author":[{"embeddable":true,"href":"https:\/\/clinicajorgejaber.com.br\/espanhol\/wp-json\/wp\/v2\/users\/1"}],"replies":[{"embeddable":true,"href":"https:\/\/clinicajorgejaber.com.br\/espanhol\/wp-json\/wp\/v2\/comments?post=5"}],"version-history":[{"count":4,"href":"https:\/\/clinicajorgejaber.com.br\/espanhol\/wp-json\/wp\/v2\/pages\/5\/revisions"}],"predecessor-version":[{"id":120,"href":"https:\/\/clinicajorgejaber.com.br\/espanhol\/wp-json\/wp\/v2\/pages\/5\/revisions\/120"}],"wp:attachment":[{"href":"https:\/\/clinicajorgejaber.com.br\/espanhol\/wp-json\/wp\/v2\/media?parent=5"}],"curies":[{"name":"wp","href":"https:\/\/api.w.org\/{rel}","templated":true}]}}