{"id":25,"date":"2015-04-22T13:25:03","date_gmt":"2015-04-22T16:25:03","guid":{"rendered":"http:\/\/clinicajorgejaber.com.br\/novo\/?page_id=25"},"modified":"2017-04-20T14:14:43","modified_gmt":"2017-04-20T17:14:43","slug":"imprensa","status":"publish","type":"page","link":"https:\/\/clinicajorgejaber.com.br\/novo\/imprensa\/","title":{"rendered":"Imprensa"},"content":{"rendered":"<p><strong>Assessoria de Imprensa<\/strong> Patr\u00edcia Terra &#8211; (21) 99859-3662 &#8211; <a href=\"mailto:patriterra@gmail.com\" target=\"_blank\">patriterra@gmail.com<\/a><\/p>\n","protected":false},"excerpt":{"rendered":"<p>Assessoria de Imprensa Patr\u00edcia Terra &#8211; (21) 99859-3662 &#8211; patriterra@gmail.com<\/p>\n","protected":false},"author":1,"featured_media":0,"parent":0,"menu_order":0,"comment_status":"closed","ping_status":"closed","template":"","meta":{"footnotes":""},"class_list":["post-25","page","type-page","status-publish","hentry"],"yoast_head":"<!-- This site is optimized with the Yoast SEO plugin v27.4 - https:\/\/yoast.com\/product\/yoast-seo-wordpress\/ -->\n<title>Imprensa - Cl\u00ednica Jorge Jaber<\/title>\n<meta name=\"robots\" content=\"index, follow, max-snippet:-1, max-image-preview:large, max-video-preview:-1\" \/>\n<link rel=\"canonical\" href=\"https:\/\/clinicajorgejaber.com.br\/novo\/imprensa\/\" \/>\n<meta property=\"og:locale\" content=\"pt_BR\" \/>\n<meta property=\"og:type\" content=\"article\" \/>\n<meta property=\"og:title\" content=\"Imprensa - Cl\u00ednica Jorge Jaber\" \/>\n<meta property=\"og:description\" content=\"Assessoria de Imprensa Patr\u00edcia Terra &#8211; (21) 99859-3662 &#8211; patriterra@gmail.com\" \/>\n<meta property=\"og:url\" content=\"https:\/\/clinicajorgejaber.com.br\/novo\/imprensa\/\" \/>\n<meta property=\"og:site_name\" content=\"Cl\u00ednica Jorge Jaber\" \/>\n<meta property=\"article:modified_time\" content=\"2017-04-20T17:14:43+00:00\" \/>\n<meta name=\"twitter:card\" content=\"summary_large_image\" \/>\n<script type=\"application\/ld+json\" class=\"yoast-schema-graph\">{\"@context\":\"https:\\\/\\\/schema.org\",\"@graph\":[{\"@type\":\"WebPage\",\"@id\":\"https:\\\/\\\/clinicajorgejaber.com.br\\\/novo\\\/imprensa\\\/\",\"url\":\"https:\\\/\\\/clinicajorgejaber.com.br\\\/novo\\\/imprensa\\\/\",\"name\":\"Imprensa - Cl\u00ednica Jorge Jaber\",\"isPartOf\":{\"@id\":\"https:\\\/\\\/clinicajorgejaber.com.br\\\/novo\\\/#website\"},\"datePublished\":\"2015-04-22T16:25:03+00:00\",\"dateModified\":\"2017-04-20T17:14:43+00:00\",\"breadcrumb\":{\"@id\":\"https:\\\/\\\/clinicajorgejaber.com.br\\\/novo\\\/imprensa\\\/#breadcrumb\"},\"inLanguage\":\"pt-BR\",\"potentialAction\":[{\"@type\":\"ReadAction\",\"target\":[\"https:\\\/\\\/clinicajorgejaber.com.br\\\/novo\\\/imprensa\\\/\"]}]},{\"@type\":\"BreadcrumbList\",\"@id\":\"https:\\\/\\\/clinicajorgejaber.com.br\\\/novo\\\/imprensa\\\/#breadcrumb\",\"itemListElement\":[{\"@type\":\"ListItem\",\"position\":1,\"name\":\"In\u00edcio\",\"item\":\"https:\\\/\\\/clinicajorgejaber.com.br\\\/novo\\\/\"},{\"@type\":\"ListItem\",\"position\":2,\"name\":\"Imprensa\"}]},{\"@type\":\"WebSite\",\"@id\":\"https:\\\/\\\/clinicajorgejaber.com.br\\\/novo\\\/#website\",\"url\":\"https:\\\/\\\/clinicajorgejaber.com.br\\\/novo\\\/\",\"name\":\"Cl\u00ednica Jorge Jaber\",\"description\":\"A Cl\u00ednica Jorge Jaber, filiada \u00e0 World Federation for Mental Health (WFMH), atua na preven\u00e7\u00e3o e tratamento da sa\u00fade mental\",\"publisher\":{\"@id\":\"https:\\\/\\\/clinicajorgejaber.com.br\\\/novo\\\/#organization\"},\"potentialAction\":[{\"@type\":\"SearchAction\",\"target\":{\"@type\":\"EntryPoint\",\"urlTemplate\":\"https:\\\/\\\/clinicajorgejaber.com.br\\\/novo\\\/?s={search_term_string}\"},\"query-input\":{\"@type\":\"PropertyValueSpecification\",\"valueRequired\":true,\"valueName\":\"search_term_string\"}}],\"inLanguage\":\"pt-BR\"},{\"@type\":\"Organization\",\"@id\":\"https:\\\/\\\/clinicajorgejaber.com.br\\\/novo\\\/#organization\",\"name\":\"Cl\u00ednica Jorge Jaber\",\"url\":\"https:\\\/\\\/clinicajorgejaber.com.br\\\/novo\\\/\",\"logo\":{\"@type\":\"ImageObject\",\"inLanguage\":\"pt-BR\",\"@id\":\"https:\\\/\\\/clinicajorgejaber.com.br\\\/novo\\\/#\\\/schema\\\/logo\\\/image\\\/\",\"url\":\"https:\\\/\\\/clinicajorgejaber.com.br\\\/novo\\\/wp-content\\\/uploads\\\/2017\\\/04\\\/logo_nova_site.png\",\"contentUrl\":\"https:\\\/\\\/clinicajorgejaber.com.br\\\/novo\\\/wp-content\\\/uploads\\\/2017\\\/04\\\/logo_nova_site.png\",\"width\":283,\"height\":100,\"caption\":\"Cl\u00ednica Jorge Jaber\"},\"image\":{\"@id\":\"https:\\\/\\\/clinicajorgejaber.com.br\\\/novo\\\/#\\\/schema\\\/logo\\\/image\\\/\"}}]}<\/script>\n<!-- \/ Yoast SEO plugin. -->","yoast_head_json":{"title":"Imprensa - Cl\u00ednica Jorge Jaber","robots":{"index":"index","follow":"follow","max-snippet":"max-snippet:-1","max-image-preview":"max-image-preview:large","max-video-preview":"max-video-preview:-1"},"canonical":"https:\/\/clinicajorgejaber.com.br\/novo\/imprensa\/","og_locale":"pt_BR","og_type":"article","og_title":"Imprensa - Cl\u00ednica Jorge Jaber","og_description":"Assessoria de Imprensa Patr\u00edcia Terra &#8211; (21) 99859-3662 &#8211; patriterra@gmail.com","og_url":"https:\/\/clinicajorgejaber.com.br\/novo\/imprensa\/","og_site_name":"Cl\u00ednica Jorge Jaber","article_modified_time":"2017-04-20T17:14:43+00:00","twitter_card":"summary_large_image","schema":{"@context":"https:\/\/schema.org","@graph":[{"@type":"WebPage","@id":"https:\/\/clinicajorgejaber.com.br\/novo\/imprensa\/","url":"https:\/\/clinicajorgejaber.com.br\/novo\/imprensa\/","name":"Imprensa - Cl\u00ednica Jorge Jaber","isPartOf":{"@id":"https:\/\/clinicajorgejaber.com.br\/novo\/#website"},"datePublished":"2015-04-22T16:25:03+00:00","dateModified":"2017-04-20T17:14:43+00:00","breadcrumb":{"@id":"https:\/\/clinicajorgejaber.com.br\/novo\/imprensa\/#breadcrumb"},"inLanguage":"pt-BR","potentialAction":[{"@type":"ReadAction","target":["https:\/\/clinicajorgejaber.com.br\/novo\/imprensa\/"]}]},{"@type":"BreadcrumbList","@id":"https:\/\/clinicajorgejaber.com.br\/novo\/imprensa\/#breadcrumb","itemListElement":[{"@type":"ListItem","position":1,"name":"In\u00edcio","item":"https:\/\/clinicajorgejaber.com.br\/novo\/"},{"@type":"ListItem","position":2,"name":"Imprensa"}]},{"@type":"WebSite","@id":"https:\/\/clinicajorgejaber.com.br\/novo\/#website","url":"https:\/\/clinicajorgejaber.com.br\/novo\/","name":"Cl\u00ednica Jorge Jaber","description":"A Cl\u00ednica Jorge Jaber, filiada \u00e0 World Federation for Mental Health (WFMH), atua na preven\u00e7\u00e3o e tratamento da sa\u00fade mental","publisher":{"@id":"https:\/\/clinicajorgejaber.com.br\/novo\/#organization"},"potentialAction":[{"@type":"SearchAction","target":{"@type":"EntryPoint","urlTemplate":"https:\/\/clinicajorgejaber.com.br\/novo\/?s={search_term_string}"},"query-input":{"@type":"PropertyValueSpecification","valueRequired":true,"valueName":"search_term_string"}}],"inLanguage":"pt-BR"},{"@type":"Organization","@id":"https:\/\/clinicajorgejaber.com.br\/novo\/#organization","name":"Cl\u00ednica Jorge Jaber","url":"https:\/\/clinicajorgejaber.com.br\/novo\/","logo":{"@type":"ImageObject","inLanguage":"pt-BR","@id":"https:\/\/clinicajorgejaber.com.br\/novo\/#\/schema\/logo\/image\/","url":"https:\/\/clinicajorgejaber.com.br\/novo\/wp-content\/uploads\/2017\/04\/logo_nova_site.png","contentUrl":"https:\/\/clinicajorgejaber.com.br\/novo\/wp-content\/uploads\/2017\/04\/logo_nova_site.png","width":283,"height":100,"caption":"Cl\u00ednica Jorge Jaber"},"image":{"@id":"https:\/\/clinicajorgejaber.com.br\/novo\/#\/schema\/logo\/image\/"}}]}},"_links":{"self":[{"href":"https:\/\/clinicajorgejaber.com.br\/novo\/wp-json\/wp\/v2\/pages\/25","targetHints":{"allow":["GET"]}}],"collection":[{"href":"https:\/\/clinicajorgejaber.com.br\/novo\/wp-json\/wp\/v2\/pages"}],"about":[{"href":"https:\/\/clinicajorgejaber.com.br\/novo\/wp-json\/wp\/v2\/types\/page"}],"author":[{"embeddable":true,"href":"https:\/\/clinicajorgejaber.com.br\/novo\/wp-json\/wp\/v2\/users\/1"}],"replies":[{"embeddable":true,"href":"https:\/\/clinicajorgejaber.com.br\/novo\/wp-json\/wp\/v2\/comments?post=25"}],"version-history":[{"count":3,"href":"https:\/\/clinicajorgejaber.com.br\/novo\/wp-json\/wp\/v2\/pages\/25\/revisions"}],"predecessor-version":[{"id":477,"href":"https:\/\/clinicajorgejaber.com.br\/novo\/wp-json\/wp\/v2\/pages\/25\/revisions\/477"}],"wp:attachment":[{"href":"https:\/\/clinicajorgejaber.com.br\/novo\/wp-json\/wp\/v2\/media?parent=25"}],"curies":[{"name":"wp","href":"https:\/\/api.w.org\/{rel}","templated":true}]}}