{"id":306,"date":"2017-04-07T12:36:30","date_gmt":"2017-04-07T15:36:30","guid":{"rendered":"http:\/\/clinicajorgejaber.com.br\/novo\/?page_id=306"},"modified":"2021-08-24T08:43:36","modified_gmt":"2021-08-24T11:43:36","slug":"ouvidoria","status":"publish","type":"page","link":"https:\/\/clinicajorgejaber.com.br\/novo\/fale-conosco\/ouvidoria\/","title":{"rendered":"Ouvidoria"},"content":{"rendered":"<p>Caso tenha alguma queixa ou cr\u00edtica a fazer sobre a Cl\u00ednica Jorge Jaber, por favor n\u00e3o deixe de colaborar.<\/p>\n<p>Telefone para (21) 2442 4354 | 2442 2230 | 2442 2583 |\u00a02529 8585 | 2540 9091<\/p>\n","protected":false},"excerpt":{"rendered":"<p>Caso tenha alguma queixa ou cr\u00edtica a fazer sobre a Cl\u00ednica Jorge Jaber, por favor n\u00e3o deixe de colaborar. Telefone para (21) 2442 4354 | 2442 2230 | 2442 2583 |\u00a02529 8585 | 2540 9091<\/p>\n","protected":false},"author":1,"featured_media":0,"parent":34,"menu_order":0,"comment_status":"closed","ping_status":"closed","template":"","meta":{"footnotes":""},"class_list":["post-306","page","type-page","status-publish","hentry"],"yoast_head":"<!-- This site is optimized with the Yoast SEO plugin v27.4 - https:\/\/yoast.com\/product\/yoast-seo-wordpress\/ -->\n<title>Ouvidoria - Cl\u00ednica Jorge Jaber<\/title>\n<meta name=\"robots\" content=\"index, follow, max-snippet:-1, max-image-preview:large, max-video-preview:-1\" \/>\n<link rel=\"canonical\" href=\"https:\/\/clinicajorgejaber.com.br\/novo\/fale-conosco\/ouvidoria\/\" \/>\n<meta property=\"og:locale\" content=\"pt_BR\" \/>\n<meta property=\"og:type\" content=\"article\" \/>\n<meta property=\"og:title\" content=\"Ouvidoria - Cl\u00ednica Jorge Jaber\" \/>\n<meta property=\"og:description\" content=\"Caso tenha alguma queixa ou cr\u00edtica a fazer sobre a Cl\u00ednica Jorge Jaber, por favor n\u00e3o deixe de colaborar. Telefone para (21) 2442 4354 | 2442 2230 | 2442 2583 |\u00a02529 8585 | 2540 9091\" \/>\n<meta property=\"og:url\" content=\"https:\/\/clinicajorgejaber.com.br\/novo\/fale-conosco\/ouvidoria\/\" \/>\n<meta property=\"og:site_name\" content=\"Cl\u00ednica Jorge Jaber\" \/>\n<meta property=\"article:modified_time\" content=\"2021-08-24T11:43:36+00:00\" \/>\n<meta name=\"twitter:card\" content=\"summary_large_image\" \/>\n<script type=\"application\/ld+json\" class=\"yoast-schema-graph\">{\"@context\":\"https:\\\/\\\/schema.org\",\"@graph\":[{\"@type\":\"WebPage\",\"@id\":\"https:\\\/\\\/clinicajorgejaber.com.br\\\/novo\\\/fale-conosco\\\/ouvidoria\\\/\",\"url\":\"https:\\\/\\\/clinicajorgejaber.com.br\\\/novo\\\/fale-conosco\\\/ouvidoria\\\/\",\"name\":\"Ouvidoria - Cl\u00ednica Jorge Jaber\",\"isPartOf\":{\"@id\":\"https:\\\/\\\/clinicajorgejaber.com.br\\\/novo\\\/#website\"},\"datePublished\":\"2017-04-07T15:36:30+00:00\",\"dateModified\":\"2021-08-24T11:43:36+00:00\",\"breadcrumb\":{\"@id\":\"https:\\\/\\\/clinicajorgejaber.com.br\\\/novo\\\/fale-conosco\\\/ouvidoria\\\/#breadcrumb\"},\"inLanguage\":\"pt-BR\",\"potentialAction\":[{\"@type\":\"ReadAction\",\"target\":[\"https:\\\/\\\/clinicajorgejaber.com.br\\\/novo\\\/fale-conosco\\\/ouvidoria\\\/\"]}]},{\"@type\":\"BreadcrumbList\",\"@id\":\"https:\\\/\\\/clinicajorgejaber.com.br\\\/novo\\\/fale-conosco\\\/ouvidoria\\\/#breadcrumb\",\"itemListElement\":[{\"@type\":\"ListItem\",\"position\":1,\"name\":\"In\u00edcio\",\"item\":\"https:\\\/\\\/clinicajorgejaber.com.br\\\/novo\\\/\"},{\"@type\":\"ListItem\",\"position\":2,\"name\":\"Fale conosco\",\"item\":\"https:\\\/\\\/clinicajorgejaber.com.br\\\/novo\\\/fale-conosco\\\/\"},{\"@type\":\"ListItem\",\"position\":3,\"name\":\"Ouvidoria\"}]},{\"@type\":\"WebSite\",\"@id\":\"https:\\\/\\\/clinicajorgejaber.com.br\\\/novo\\\/#website\",\"url\":\"https:\\\/\\\/clinicajorgejaber.com.br\\\/novo\\\/\",\"name\":\"Cl\u00ednica Jorge Jaber\",\"description\":\"A Cl\u00ednica Jorge Jaber, filiada \u00e0 World Federation for Mental Health (WFMH), atua na preven\u00e7\u00e3o e tratamento da sa\u00fade mental\",\"publisher\":{\"@id\":\"https:\\\/\\\/clinicajorgejaber.com.br\\\/novo\\\/#organization\"},\"potentialAction\":[{\"@type\":\"SearchAction\",\"target\":{\"@type\":\"EntryPoint\",\"urlTemplate\":\"https:\\\/\\\/clinicajorgejaber.com.br\\\/novo\\\/?s={search_term_string}\"},\"query-input\":{\"@type\":\"PropertyValueSpecification\",\"valueRequired\":true,\"valueName\":\"search_term_string\"}}],\"inLanguage\":\"pt-BR\"},{\"@type\":\"Organization\",\"@id\":\"https:\\\/\\\/clinicajorgejaber.com.br\\\/novo\\\/#organization\",\"name\":\"Cl\u00ednica Jorge Jaber\",\"url\":\"https:\\\/\\\/clinicajorgejaber.com.br\\\/novo\\\/\",\"logo\":{\"@type\":\"ImageObject\",\"inLanguage\":\"pt-BR\",\"@id\":\"https:\\\/\\\/clinicajorgejaber.com.br\\\/novo\\\/#\\\/schema\\\/logo\\\/image\\\/\",\"url\":\"https:\\\/\\\/clinicajorgejaber.com.br\\\/novo\\\/wp-content\\\/uploads\\\/2017\\\/04\\\/logo_nova_site.png\",\"contentUrl\":\"https:\\\/\\\/clinicajorgejaber.com.br\\\/novo\\\/wp-content\\\/uploads\\\/2017\\\/04\\\/logo_nova_site.png\",\"width\":283,\"height\":100,\"caption\":\"Cl\u00ednica Jorge Jaber\"},\"image\":{\"@id\":\"https:\\\/\\\/clinicajorgejaber.com.br\\\/novo\\\/#\\\/schema\\\/logo\\\/image\\\/\"}}]}<\/script>\n<!-- \/ Yoast SEO plugin. -->","yoast_head_json":{"title":"Ouvidoria - Cl\u00ednica Jorge Jaber","robots":{"index":"index","follow":"follow","max-snippet":"max-snippet:-1","max-image-preview":"max-image-preview:large","max-video-preview":"max-video-preview:-1"},"canonical":"https:\/\/clinicajorgejaber.com.br\/novo\/fale-conosco\/ouvidoria\/","og_locale":"pt_BR","og_type":"article","og_title":"Ouvidoria - Cl\u00ednica Jorge Jaber","og_description":"Caso tenha alguma queixa ou cr\u00edtica a fazer sobre a Cl\u00ednica Jorge Jaber, por favor n\u00e3o deixe de colaborar. Telefone para (21) 2442 4354 | 2442 2230 | 2442 2583 |\u00a02529 8585 | 2540 9091","og_url":"https:\/\/clinicajorgejaber.com.br\/novo\/fale-conosco\/ouvidoria\/","og_site_name":"Cl\u00ednica Jorge Jaber","article_modified_time":"2021-08-24T11:43:36+00:00","twitter_card":"summary_large_image","schema":{"@context":"https:\/\/schema.org","@graph":[{"@type":"WebPage","@id":"https:\/\/clinicajorgejaber.com.br\/novo\/fale-conosco\/ouvidoria\/","url":"https:\/\/clinicajorgejaber.com.br\/novo\/fale-conosco\/ouvidoria\/","name":"Ouvidoria - Cl\u00ednica Jorge Jaber","isPartOf":{"@id":"https:\/\/clinicajorgejaber.com.br\/novo\/#website"},"datePublished":"2017-04-07T15:36:30+00:00","dateModified":"2021-08-24T11:43:36+00:00","breadcrumb":{"@id":"https:\/\/clinicajorgejaber.com.br\/novo\/fale-conosco\/ouvidoria\/#breadcrumb"},"inLanguage":"pt-BR","potentialAction":[{"@type":"ReadAction","target":["https:\/\/clinicajorgejaber.com.br\/novo\/fale-conosco\/ouvidoria\/"]}]},{"@type":"BreadcrumbList","@id":"https:\/\/clinicajorgejaber.com.br\/novo\/fale-conosco\/ouvidoria\/#breadcrumb","itemListElement":[{"@type":"ListItem","position":1,"name":"In\u00edcio","item":"https:\/\/clinicajorgejaber.com.br\/novo\/"},{"@type":"ListItem","position":2,"name":"Fale conosco","item":"https:\/\/clinicajorgejaber.com.br\/novo\/fale-conosco\/"},{"@type":"ListItem","position":3,"name":"Ouvidoria"}]},{"@type":"WebSite","@id":"https:\/\/clinicajorgejaber.com.br\/novo\/#website","url":"https:\/\/clinicajorgejaber.com.br\/novo\/","name":"Cl\u00ednica Jorge Jaber","description":"A Cl\u00ednica Jorge Jaber, filiada \u00e0 World Federation for Mental Health (WFMH), atua na preven\u00e7\u00e3o e tratamento da sa\u00fade mental","publisher":{"@id":"https:\/\/clinicajorgejaber.com.br\/novo\/#organization"},"potentialAction":[{"@type":"SearchAction","target":{"@type":"EntryPoint","urlTemplate":"https:\/\/clinicajorgejaber.com.br\/novo\/?s={search_term_string}"},"query-input":{"@type":"PropertyValueSpecification","valueRequired":true,"valueName":"search_term_string"}}],"inLanguage":"pt-BR"},{"@type":"Organization","@id":"https:\/\/clinicajorgejaber.com.br\/novo\/#organization","name":"Cl\u00ednica Jorge Jaber","url":"https:\/\/clinicajorgejaber.com.br\/novo\/","logo":{"@type":"ImageObject","inLanguage":"pt-BR","@id":"https:\/\/clinicajorgejaber.com.br\/novo\/#\/schema\/logo\/image\/","url":"https:\/\/clinicajorgejaber.com.br\/novo\/wp-content\/uploads\/2017\/04\/logo_nova_site.png","contentUrl":"https:\/\/clinicajorgejaber.com.br\/novo\/wp-content\/uploads\/2017\/04\/logo_nova_site.png","width":283,"height":100,"caption":"Cl\u00ednica Jorge Jaber"},"image":{"@id":"https:\/\/clinicajorgejaber.com.br\/novo\/#\/schema\/logo\/image\/"}}]}},"_links":{"self":[{"href":"https:\/\/clinicajorgejaber.com.br\/novo\/wp-json\/wp\/v2\/pages\/306","targetHints":{"allow":["GET"]}}],"collection":[{"href":"https:\/\/clinicajorgejaber.com.br\/novo\/wp-json\/wp\/v2\/pages"}],"about":[{"href":"https:\/\/clinicajorgejaber.com.br\/novo\/wp-json\/wp\/v2\/types\/page"}],"author":[{"embeddable":true,"href":"https:\/\/clinicajorgejaber.com.br\/novo\/wp-json\/wp\/v2\/users\/1"}],"replies":[{"embeddable":true,"href":"https:\/\/clinicajorgejaber.com.br\/novo\/wp-json\/wp\/v2\/comments?post=306"}],"version-history":[{"count":2,"href":"https:\/\/clinicajorgejaber.com.br\/novo\/wp-json\/wp\/v2\/pages\/306\/revisions"}],"predecessor-version":[{"id":4249,"href":"https:\/\/clinicajorgejaber.com.br\/novo\/wp-json\/wp\/v2\/pages\/306\/revisions\/4249"}],"up":[{"embeddable":true,"href":"https:\/\/clinicajorgejaber.com.br\/novo\/wp-json\/wp\/v2\/pages\/34"}],"wp:attachment":[{"href":"https:\/\/clinicajorgejaber.com.br\/novo\/wp-json\/wp\/v2\/media?parent=306"}],"curies":[{"name":"wp","href":"https:\/\/api.w.org\/{rel}","templated":true}]}}