{"id":366,"date":"2017-04-13T18:31:49","date_gmt":"2017-04-13T21:31:49","guid":{"rendered":"http:\/\/clinicajorgejaber.com.br\/novo\/?page_id=366"},"modified":"2019-02-18T14:37:24","modified_gmt":"2019-02-18T17:37:24","slug":"alegria-sem-ressaca","status":"publish","type":"page","link":"https:\/\/clinicajorgejaber.com.br\/novo\/alegria-sem-ressaca\/","title":{"rendered":"Alegria Sem Ressaca"},"content":{"rendered":"<p><img decoding=\"async\" class=\"alignleft size-full wp-image-368\" src=\"http:\/\/clinicajorgejaber.com.br\/novo\/wp-content\/uploads\/2017\/04\/logo_alegria.jpg\" alt=\"logo_alegria\" width=\"170\" height=\"123\" \/><\/p>\n<p>O bloco Alegria Sem Ressaca faz preven\u00e7\u00e3o ao abuso de \u00e1lcool e ao uso de drogas e sai sempre duas semanas antes do carnaval na orla de Copacabana. A promo\u00e7\u00e3o do bloco \u00e9 do psiquiatra Jorge Jaber, especializado em depend\u00eancia qu\u00edmica em Harvard e membro da Associa\u00e7\u00e3o Brasileira de Psiquiatria. O\u00a0desfile ocorre desde 2004 na orla de Copacabana.<\/p>\n<p><a href=\"http:\/\/clinicajorgejaber.com.br\/novo\/alegria-sem-ressaca\/carnaval-2019\/\">CARNAVAL 2019<\/a><\/p>\n<p><a href=\"http:\/\/clinicajorgejaber.com.br\/novo\/2018\/01\/saiba-como-foi-o-desfile-do-alegria-sem-ressaca-2018\/\">CARNAVAL 2018<\/a><\/p>\n<p><a href=\"http:\/\/clinicajorgejaber.com.br\/novo\/alegria-sem-ressaca\/carnaval-2017\/\">CARNAVAL 2017<\/a><\/p>\n<p><a href=\"http:\/\/clinicajorgejaber.com.br\/novo\/alegria-sem-ressaca\/carnaval-2016\/\">CARNAVAL 2016<\/a><\/p>\n<p><a href=\"http:\/\/clinicajorgejaber.com.br\/novo\/alegria-sem-ressaca\/carnaval-2015\/\">CARNAVAL 2015<\/a><\/p>\n<p><a href=\"http:\/\/clinicajorgejaber.com.br\/novo\/alegria-sem-ressaca\/carnaval-2014\/\">CARNAVAL 2014<\/a><\/p>\n<p><a href=\"http:\/\/clinicajorgejaber.com.br\/novo\/alegria-sem-ressaca\/carnaval-2013\/\">CARNAVAL 2013<\/a><\/p>\n","protected":false},"excerpt":{"rendered":"<p>O bloco Alegria Sem Ressaca faz preven\u00e7\u00e3o ao abuso de \u00e1lcool e ao uso de drogas e sai sempre duas semanas antes do carnaval na orla de Copacabana. A promo\u00e7\u00e3o do bloco \u00e9 do psiquiatra Jorge Jaber, especializado em depend\u00eancia<\/p>\n","protected":false},"author":1,"featured_media":0,"parent":0,"menu_order":0,"comment_status":"closed","ping_status":"closed","template":"","meta":{"footnotes":""},"class_list":["post-366","page","type-page","status-publish","hentry"],"yoast_head":"<!-- This site is optimized with the Yoast SEO plugin v27.4 - https:\/\/yoast.com\/product\/yoast-seo-wordpress\/ -->\n<title>Alegria Sem Ressaca - Cl\u00ednica Jorge Jaber<\/title>\n<meta name=\"robots\" content=\"index, follow, max-snippet:-1, max-image-preview:large, max-video-preview:-1\" \/>\n<link rel=\"canonical\" href=\"https:\/\/clinicajorgejaber.com.br\/novo\/alegria-sem-ressaca\/\" \/>\n<meta property=\"og:locale\" content=\"pt_BR\" \/>\n<meta property=\"og:type\" content=\"article\" \/>\n<meta property=\"og:title\" content=\"Alegria Sem Ressaca - Cl\u00ednica Jorge Jaber\" \/>\n<meta property=\"og:description\" content=\"O bloco Alegria Sem Ressaca faz preven\u00e7\u00e3o ao abuso de \u00e1lcool e ao uso de drogas e sai sempre duas semanas antes do carnaval na orla de Copacabana. A promo\u00e7\u00e3o do bloco \u00e9 do psiquiatra Jorge Jaber, especializado em depend\u00eancia\" \/>\n<meta property=\"og:url\" content=\"https:\/\/clinicajorgejaber.com.br\/novo\/alegria-sem-ressaca\/\" \/>\n<meta property=\"og:site_name\" content=\"Cl\u00ednica Jorge Jaber\" \/>\n<meta property=\"article:modified_time\" content=\"2019-02-18T17:37:24+00:00\" \/>\n<meta property=\"og:image\" content=\"http:\/\/clinicajorgejaber.com.br\/novo\/wp-content\/uploads\/2017\/04\/logo_alegria.jpg\" \/>\n<meta name=\"twitter:card\" content=\"summary_large_image\" \/>\n<script type=\"application\/ld+json\" class=\"yoast-schema-graph\">{\"@context\":\"https:\\\/\\\/schema.org\",\"@graph\":[{\"@type\":\"WebPage\",\"@id\":\"https:\\\/\\\/clinicajorgejaber.com.br\\\/novo\\\/alegria-sem-ressaca\\\/\",\"url\":\"https:\\\/\\\/clinicajorgejaber.com.br\\\/novo\\\/alegria-sem-ressaca\\\/\",\"name\":\"Alegria Sem Ressaca - Cl\u00ednica Jorge Jaber\",\"isPartOf\":{\"@id\":\"https:\\\/\\\/clinicajorgejaber.com.br\\\/novo\\\/#website\"},\"primaryImageOfPage\":{\"@id\":\"https:\\\/\\\/clinicajorgejaber.com.br\\\/novo\\\/alegria-sem-ressaca\\\/#primaryimage\"},\"image\":{\"@id\":\"https:\\\/\\\/clinicajorgejaber.com.br\\\/novo\\\/alegria-sem-ressaca\\\/#primaryimage\"},\"thumbnailUrl\":\"http:\\\/\\\/clinicajorgejaber.com.br\\\/novo\\\/wp-content\\\/uploads\\\/2017\\\/04\\\/logo_alegria.jpg\",\"datePublished\":\"2017-04-13T21:31:49+00:00\",\"dateModified\":\"2019-02-18T17:37:24+00:00\",\"breadcrumb\":{\"@id\":\"https:\\\/\\\/clinicajorgejaber.com.br\\\/novo\\\/alegria-sem-ressaca\\\/#breadcrumb\"},\"inLanguage\":\"pt-BR\",\"potentialAction\":[{\"@type\":\"ReadAction\",\"target\":[\"https:\\\/\\\/clinicajorgejaber.com.br\\\/novo\\\/alegria-sem-ressaca\\\/\"]}]},{\"@type\":\"ImageObject\",\"inLanguage\":\"pt-BR\",\"@id\":\"https:\\\/\\\/clinicajorgejaber.com.br\\\/novo\\\/alegria-sem-ressaca\\\/#primaryimage\",\"url\":\"https:\\\/\\\/clinicajorgejaber.com.br\\\/novo\\\/wp-content\\\/uploads\\\/2017\\\/04\\\/logo_alegria.jpg\",\"contentUrl\":\"https:\\\/\\\/clinicajorgejaber.com.br\\\/novo\\\/wp-content\\\/uploads\\\/2017\\\/04\\\/logo_alegria.jpg\",\"width\":170,\"height\":123},{\"@type\":\"BreadcrumbList\",\"@id\":\"https:\\\/\\\/clinicajorgejaber.com.br\\\/novo\\\/alegria-sem-ressaca\\\/#breadcrumb\",\"itemListElement\":[{\"@type\":\"ListItem\",\"position\":1,\"name\":\"In\u00edcio\",\"item\":\"https:\\\/\\\/clinicajorgejaber.com.br\\\/novo\\\/\"},{\"@type\":\"ListItem\",\"position\":2,\"name\":\"Alegria Sem Ressaca\"}]},{\"@type\":\"WebSite\",\"@id\":\"https:\\\/\\\/clinicajorgejaber.com.br\\\/novo\\\/#website\",\"url\":\"https:\\\/\\\/clinicajorgejaber.com.br\\\/novo\\\/\",\"name\":\"Cl\u00ednica Jorge Jaber\",\"description\":\"A Cl\u00ednica Jorge Jaber, filiada \u00e0 World Federation for Mental Health (WFMH), atua na preven\u00e7\u00e3o e tratamento da sa\u00fade mental\",\"publisher\":{\"@id\":\"https:\\\/\\\/clinicajorgejaber.com.br\\\/novo\\\/#organization\"},\"potentialAction\":[{\"@type\":\"SearchAction\",\"target\":{\"@type\":\"EntryPoint\",\"urlTemplate\":\"https:\\\/\\\/clinicajorgejaber.com.br\\\/novo\\\/?s={search_term_string}\"},\"query-input\":{\"@type\":\"PropertyValueSpecification\",\"valueRequired\":true,\"valueName\":\"search_term_string\"}}],\"inLanguage\":\"pt-BR\"},{\"@type\":\"Organization\",\"@id\":\"https:\\\/\\\/clinicajorgejaber.com.br\\\/novo\\\/#organization\",\"name\":\"Cl\u00ednica Jorge Jaber\",\"url\":\"https:\\\/\\\/clinicajorgejaber.com.br\\\/novo\\\/\",\"logo\":{\"@type\":\"ImageObject\",\"inLanguage\":\"pt-BR\",\"@id\":\"https:\\\/\\\/clinicajorgejaber.com.br\\\/novo\\\/#\\\/schema\\\/logo\\\/image\\\/\",\"url\":\"https:\\\/\\\/clinicajorgejaber.com.br\\\/novo\\\/wp-content\\\/uploads\\\/2017\\\/04\\\/logo_nova_site.png\",\"contentUrl\":\"https:\\\/\\\/clinicajorgejaber.com.br\\\/novo\\\/wp-content\\\/uploads\\\/2017\\\/04\\\/logo_nova_site.png\",\"width\":283,\"height\":100,\"caption\":\"Cl\u00ednica Jorge Jaber\"},\"image\":{\"@id\":\"https:\\\/\\\/clinicajorgejaber.com.br\\\/novo\\\/#\\\/schema\\\/logo\\\/image\\\/\"}}]}<\/script>\n<!-- \/ Yoast SEO plugin. -->","yoast_head_json":{"title":"Alegria Sem Ressaca - Cl\u00ednica Jorge Jaber","robots":{"index":"index","follow":"follow","max-snippet":"max-snippet:-1","max-image-preview":"max-image-preview:large","max-video-preview":"max-video-preview:-1"},"canonical":"https:\/\/clinicajorgejaber.com.br\/novo\/alegria-sem-ressaca\/","og_locale":"pt_BR","og_type":"article","og_title":"Alegria Sem Ressaca - Cl\u00ednica Jorge Jaber","og_description":"O bloco Alegria Sem Ressaca faz preven\u00e7\u00e3o ao abuso de \u00e1lcool e ao uso de drogas e sai sempre duas semanas antes do carnaval na orla de Copacabana. A promo\u00e7\u00e3o do bloco \u00e9 do psiquiatra Jorge Jaber, especializado em depend\u00eancia","og_url":"https:\/\/clinicajorgejaber.com.br\/novo\/alegria-sem-ressaca\/","og_site_name":"Cl\u00ednica Jorge Jaber","article_modified_time":"2019-02-18T17:37:24+00:00","og_image":[{"url":"http:\/\/clinicajorgejaber.com.br\/novo\/wp-content\/uploads\/2017\/04\/logo_alegria.jpg","type":"","width":"","height":""}],"twitter_card":"summary_large_image","schema":{"@context":"https:\/\/schema.org","@graph":[{"@type":"WebPage","@id":"https:\/\/clinicajorgejaber.com.br\/novo\/alegria-sem-ressaca\/","url":"https:\/\/clinicajorgejaber.com.br\/novo\/alegria-sem-ressaca\/","name":"Alegria Sem Ressaca - Cl\u00ednica Jorge Jaber","isPartOf":{"@id":"https:\/\/clinicajorgejaber.com.br\/novo\/#website"},"primaryImageOfPage":{"@id":"https:\/\/clinicajorgejaber.com.br\/novo\/alegria-sem-ressaca\/#primaryimage"},"image":{"@id":"https:\/\/clinicajorgejaber.com.br\/novo\/alegria-sem-ressaca\/#primaryimage"},"thumbnailUrl":"http:\/\/clinicajorgejaber.com.br\/novo\/wp-content\/uploads\/2017\/04\/logo_alegria.jpg","datePublished":"2017-04-13T21:31:49+00:00","dateModified":"2019-02-18T17:37:24+00:00","breadcrumb":{"@id":"https:\/\/clinicajorgejaber.com.br\/novo\/alegria-sem-ressaca\/#breadcrumb"},"inLanguage":"pt-BR","potentialAction":[{"@type":"ReadAction","target":["https:\/\/clinicajorgejaber.com.br\/novo\/alegria-sem-ressaca\/"]}]},{"@type":"ImageObject","inLanguage":"pt-BR","@id":"https:\/\/clinicajorgejaber.com.br\/novo\/alegria-sem-ressaca\/#primaryimage","url":"https:\/\/clinicajorgejaber.com.br\/novo\/wp-content\/uploads\/2017\/04\/logo_alegria.jpg","contentUrl":"https:\/\/clinicajorgejaber.com.br\/novo\/wp-content\/uploads\/2017\/04\/logo_alegria.jpg","width":170,"height":123},{"@type":"BreadcrumbList","@id":"https:\/\/clinicajorgejaber.com.br\/novo\/alegria-sem-ressaca\/#breadcrumb","itemListElement":[{"@type":"ListItem","position":1,"name":"In\u00edcio","item":"https:\/\/clinicajorgejaber.com.br\/novo\/"},{"@type":"ListItem","position":2,"name":"Alegria Sem Ressaca"}]},{"@type":"WebSite","@id":"https:\/\/clinicajorgejaber.com.br\/novo\/#website","url":"https:\/\/clinicajorgejaber.com.br\/novo\/","name":"Cl\u00ednica Jorge Jaber","description":"A Cl\u00ednica Jorge Jaber, filiada \u00e0 World Federation for Mental Health (WFMH), atua na preven\u00e7\u00e3o e tratamento da sa\u00fade mental","publisher":{"@id":"https:\/\/clinicajorgejaber.com.br\/novo\/#organization"},"potentialAction":[{"@type":"SearchAction","target":{"@type":"EntryPoint","urlTemplate":"https:\/\/clinicajorgejaber.com.br\/novo\/?s={search_term_string}"},"query-input":{"@type":"PropertyValueSpecification","valueRequired":true,"valueName":"search_term_string"}}],"inLanguage":"pt-BR"},{"@type":"Organization","@id":"https:\/\/clinicajorgejaber.com.br\/novo\/#organization","name":"Cl\u00ednica Jorge Jaber","url":"https:\/\/clinicajorgejaber.com.br\/novo\/","logo":{"@type":"ImageObject","inLanguage":"pt-BR","@id":"https:\/\/clinicajorgejaber.com.br\/novo\/#\/schema\/logo\/image\/","url":"https:\/\/clinicajorgejaber.com.br\/novo\/wp-content\/uploads\/2017\/04\/logo_nova_site.png","contentUrl":"https:\/\/clinicajorgejaber.com.br\/novo\/wp-content\/uploads\/2017\/04\/logo_nova_site.png","width":283,"height":100,"caption":"Cl\u00ednica Jorge Jaber"},"image":{"@id":"https:\/\/clinicajorgejaber.com.br\/novo\/#\/schema\/logo\/image\/"}}]}},"_links":{"self":[{"href":"https:\/\/clinicajorgejaber.com.br\/novo\/wp-json\/wp\/v2\/pages\/366","targetHints":{"allow":["GET"]}}],"collection":[{"href":"https:\/\/clinicajorgejaber.com.br\/novo\/wp-json\/wp\/v2\/pages"}],"about":[{"href":"https:\/\/clinicajorgejaber.com.br\/novo\/wp-json\/wp\/v2\/types\/page"}],"author":[{"embeddable":true,"href":"https:\/\/clinicajorgejaber.com.br\/novo\/wp-json\/wp\/v2\/users\/1"}],"replies":[{"embeddable":true,"href":"https:\/\/clinicajorgejaber.com.br\/novo\/wp-json\/wp\/v2\/comments?post=366"}],"version-history":[{"count":18,"href":"https:\/\/clinicajorgejaber.com.br\/novo\/wp-json\/wp\/v2\/pages\/366\/revisions"}],"predecessor-version":[{"id":3446,"href":"https:\/\/clinicajorgejaber.com.br\/novo\/wp-json\/wp\/v2\/pages\/366\/revisions\/3446"}],"wp:attachment":[{"href":"https:\/\/clinicajorgejaber.com.br\/novo\/wp-json\/wp\/v2\/media?parent=366"}],"curies":[{"name":"wp","href":"https:\/\/api.w.org\/{rel}","templated":true}]}}