{"id":379,"date":"2017-04-13T19:01:00","date_gmt":"2017-04-13T22:01:00","guid":{"rendered":"http:\/\/clinicajorgejaber.com.br\/novo\/?page_id=379"},"modified":"2017-04-13T19:01:00","modified_gmt":"2017-04-13T22:01:00","slug":"carnaval-2013","status":"publish","type":"page","link":"https:\/\/clinicajorgejaber.com.br\/novo\/alegria-sem-ressaca\/carnaval-2013\/","title":{"rendered":"Carnaval 2013"},"content":{"rendered":"<p align=\"left\"><strong>EDUARDO DUSSEK SER\u00c1 O REI DO 10\u00ba DESFILE DA BANDA ALEGRIA SEM RESSACA<\/strong><\/p>\n<p>A ABRAD &#8211; Associa\u00e7\u00e3o Brasileira de Alcoolismo e Drogas convida para o desfile que comemora uma d\u00e9cada de Alegria Sem Ressaca na orla de Copacabana, com a participa\u00e7\u00e3o ilustr\u00edssima do rei Eduardo Dussek, que cantar\u00e1 marchinhas junto aos m\u00fasicos da Velha Guarda Musical da Vila Isabel.<\/p>\n<p>O desfile preventivo ao uso de drogas e abuso de \u00e1lcool no Carnaval ser\u00e1 domingo, dia 3 de fevereiro de 2013, a partir das 9h, com concentra\u00e7\u00e3o na esquina de Av. Atl\u00e2ntica com R. Rep\u00fablica do Peru.<\/p>\n<p>Traga sua anima\u00e7\u00e3o e venha brincar Carnaval por toda a orla de Copacabana at\u00e9 o Posto 6 com quem sabe que divers\u00e3o boa \u00e9 divers\u00e3o sem droga!<\/p>\n<p>www.abradonline.org.br<br \/>\napoios: SESC, CCBT e SBT<\/p>\n<p align=\"center\"><a href=\"http:\/\/www.clinicajorgejaber.com.br\/imagens\/conteudo\/release_alegria_2013.pdf\" target=\"_blank\">RELEASE ALEGRIA SEM RESSACA 2013<\/a><\/p>\n<p align=\"center\"><iframe src=\"https:\/\/www.youtube.com\/embed\/j8hSqhQxayk\" width=\"640\" height=\"360\" frameborder=\"0\" allowfullscreen=\"allowfullscreen\"><\/iframe><\/p>\n<p align=\"center\"><iframe src=\"https:\/\/www.youtube.com\/embed\/_0VazLDawjw\" width=\"640\" height=\"360\" frameborder=\"0\" allowfullscreen=\"allowfullscreen\"><\/iframe><\/p>\n","protected":false},"excerpt":{"rendered":"<p>EDUARDO DUSSEK SER\u00c1 O REI DO 10\u00ba DESFILE DA BANDA ALEGRIA SEM RESSACA A ABRAD &#8211; Associa\u00e7\u00e3o Brasileira de Alcoolismo e Drogas convida para o desfile que comemora uma d\u00e9cada de Alegria Sem Ressaca na orla de Copacabana, com a<\/p>\n","protected":false},"author":1,"featured_media":0,"parent":366,"menu_order":0,"comment_status":"closed","ping_status":"closed","template":"","meta":{"footnotes":""},"class_list":["post-379","page","type-page","status-publish","hentry"],"yoast_head":"<!-- This site is optimized with the Yoast SEO plugin v27.4 - https:\/\/yoast.com\/product\/yoast-seo-wordpress\/ -->\n<title>Carnaval 2013 - Cl\u00ednica Jorge Jaber<\/title>\n<meta name=\"robots\" content=\"index, follow, max-snippet:-1, max-image-preview:large, max-video-preview:-1\" \/>\n<link rel=\"canonical\" href=\"https:\/\/clinicajorgejaber.com.br\/novo\/alegria-sem-ressaca\/carnaval-2013\/\" \/>\n<meta property=\"og:locale\" content=\"pt_BR\" \/>\n<meta property=\"og:type\" content=\"article\" \/>\n<meta property=\"og:title\" content=\"Carnaval 2013 - Cl\u00ednica Jorge Jaber\" \/>\n<meta property=\"og:description\" content=\"EDUARDO DUSSEK SER\u00c1 O REI DO 10\u00ba DESFILE DA BANDA ALEGRIA SEM RESSACA A ABRAD &#8211; Associa\u00e7\u00e3o Brasileira de Alcoolismo e Drogas convida para o desfile que comemora uma d\u00e9cada de Alegria Sem Ressaca na orla de Copacabana, com a\" \/>\n<meta property=\"og:url\" content=\"https:\/\/clinicajorgejaber.com.br\/novo\/alegria-sem-ressaca\/carnaval-2013\/\" \/>\n<meta property=\"og:site_name\" content=\"Cl\u00ednica Jorge Jaber\" \/>\n<meta name=\"twitter:card\" content=\"summary_large_image\" \/>\n<meta name=\"twitter:label1\" content=\"Est. tempo de leitura\" \/>\n\t<meta name=\"twitter:data1\" content=\"1 minuto\" \/>\n<script type=\"application\/ld+json\" class=\"yoast-schema-graph\">{\"@context\":\"https:\\\/\\\/schema.org\",\"@graph\":[{\"@type\":\"WebPage\",\"@id\":\"https:\\\/\\\/clinicajorgejaber.com.br\\\/novo\\\/alegria-sem-ressaca\\\/carnaval-2013\\\/\",\"url\":\"https:\\\/\\\/clinicajorgejaber.com.br\\\/novo\\\/alegria-sem-ressaca\\\/carnaval-2013\\\/\",\"name\":\"Carnaval 2013 - Cl\u00ednica Jorge Jaber\",\"isPartOf\":{\"@id\":\"https:\\\/\\\/clinicajorgejaber.com.br\\\/novo\\\/#website\"},\"datePublished\":\"2017-04-13T22:01:00+00:00\",\"breadcrumb\":{\"@id\":\"https:\\\/\\\/clinicajorgejaber.com.br\\\/novo\\\/alegria-sem-ressaca\\\/carnaval-2013\\\/#breadcrumb\"},\"inLanguage\":\"pt-BR\",\"potentialAction\":[{\"@type\":\"ReadAction\",\"target\":[\"https:\\\/\\\/clinicajorgejaber.com.br\\\/novo\\\/alegria-sem-ressaca\\\/carnaval-2013\\\/\"]}]},{\"@type\":\"BreadcrumbList\",\"@id\":\"https:\\\/\\\/clinicajorgejaber.com.br\\\/novo\\\/alegria-sem-ressaca\\\/carnaval-2013\\\/#breadcrumb\",\"itemListElement\":[{\"@type\":\"ListItem\",\"position\":1,\"name\":\"In\u00edcio\",\"item\":\"https:\\\/\\\/clinicajorgejaber.com.br\\\/novo\\\/\"},{\"@type\":\"ListItem\",\"position\":2,\"name\":\"Alegria Sem Ressaca\",\"item\":\"https:\\\/\\\/clinicajorgejaber.com.br\\\/novo\\\/alegria-sem-ressaca\\\/\"},{\"@type\":\"ListItem\",\"position\":3,\"name\":\"Carnaval 2013\"}]},{\"@type\":\"WebSite\",\"@id\":\"https:\\\/\\\/clinicajorgejaber.com.br\\\/novo\\\/#website\",\"url\":\"https:\\\/\\\/clinicajorgejaber.com.br\\\/novo\\\/\",\"name\":\"Cl\u00ednica Jorge Jaber\",\"description\":\"A Cl\u00ednica Jorge Jaber, filiada \u00e0 World Federation for Mental Health (WFMH), atua na preven\u00e7\u00e3o e tratamento da sa\u00fade mental\",\"publisher\":{\"@id\":\"https:\\\/\\\/clinicajorgejaber.com.br\\\/novo\\\/#organization\"},\"potentialAction\":[{\"@type\":\"SearchAction\",\"target\":{\"@type\":\"EntryPoint\",\"urlTemplate\":\"https:\\\/\\\/clinicajorgejaber.com.br\\\/novo\\\/?s={search_term_string}\"},\"query-input\":{\"@type\":\"PropertyValueSpecification\",\"valueRequired\":true,\"valueName\":\"search_term_string\"}}],\"inLanguage\":\"pt-BR\"},{\"@type\":\"Organization\",\"@id\":\"https:\\\/\\\/clinicajorgejaber.com.br\\\/novo\\\/#organization\",\"name\":\"Cl\u00ednica Jorge Jaber\",\"url\":\"https:\\\/\\\/clinicajorgejaber.com.br\\\/novo\\\/\",\"logo\":{\"@type\":\"ImageObject\",\"inLanguage\":\"pt-BR\",\"@id\":\"https:\\\/\\\/clinicajorgejaber.com.br\\\/novo\\\/#\\\/schema\\\/logo\\\/image\\\/\",\"url\":\"https:\\\/\\\/clinicajorgejaber.com.br\\\/novo\\\/wp-content\\\/uploads\\\/2017\\\/04\\\/logo_nova_site.png\",\"contentUrl\":\"https:\\\/\\\/clinicajorgejaber.com.br\\\/novo\\\/wp-content\\\/uploads\\\/2017\\\/04\\\/logo_nova_site.png\",\"width\":283,\"height\":100,\"caption\":\"Cl\u00ednica Jorge Jaber\"},\"image\":{\"@id\":\"https:\\\/\\\/clinicajorgejaber.com.br\\\/novo\\\/#\\\/schema\\\/logo\\\/image\\\/\"}}]}<\/script>\n<!-- \/ Yoast SEO plugin. -->","yoast_head_json":{"title":"Carnaval 2013 - Cl\u00ednica Jorge Jaber","robots":{"index":"index","follow":"follow","max-snippet":"max-snippet:-1","max-image-preview":"max-image-preview:large","max-video-preview":"max-video-preview:-1"},"canonical":"https:\/\/clinicajorgejaber.com.br\/novo\/alegria-sem-ressaca\/carnaval-2013\/","og_locale":"pt_BR","og_type":"article","og_title":"Carnaval 2013 - Cl\u00ednica Jorge Jaber","og_description":"EDUARDO DUSSEK SER\u00c1 O REI DO 10\u00ba DESFILE DA BANDA ALEGRIA SEM RESSACA A ABRAD &#8211; Associa\u00e7\u00e3o Brasileira de Alcoolismo e Drogas convida para o desfile que comemora uma d\u00e9cada de Alegria Sem Ressaca na orla de Copacabana, com a","og_url":"https:\/\/clinicajorgejaber.com.br\/novo\/alegria-sem-ressaca\/carnaval-2013\/","og_site_name":"Cl\u00ednica Jorge Jaber","twitter_card":"summary_large_image","twitter_misc":{"Est. tempo de leitura":"1 minuto"},"schema":{"@context":"https:\/\/schema.org","@graph":[{"@type":"WebPage","@id":"https:\/\/clinicajorgejaber.com.br\/novo\/alegria-sem-ressaca\/carnaval-2013\/","url":"https:\/\/clinicajorgejaber.com.br\/novo\/alegria-sem-ressaca\/carnaval-2013\/","name":"Carnaval 2013 - Cl\u00ednica Jorge Jaber","isPartOf":{"@id":"https:\/\/clinicajorgejaber.com.br\/novo\/#website"},"datePublished":"2017-04-13T22:01:00+00:00","breadcrumb":{"@id":"https:\/\/clinicajorgejaber.com.br\/novo\/alegria-sem-ressaca\/carnaval-2013\/#breadcrumb"},"inLanguage":"pt-BR","potentialAction":[{"@type":"ReadAction","target":["https:\/\/clinicajorgejaber.com.br\/novo\/alegria-sem-ressaca\/carnaval-2013\/"]}]},{"@type":"BreadcrumbList","@id":"https:\/\/clinicajorgejaber.com.br\/novo\/alegria-sem-ressaca\/carnaval-2013\/#breadcrumb","itemListElement":[{"@type":"ListItem","position":1,"name":"In\u00edcio","item":"https:\/\/clinicajorgejaber.com.br\/novo\/"},{"@type":"ListItem","position":2,"name":"Alegria Sem Ressaca","item":"https:\/\/clinicajorgejaber.com.br\/novo\/alegria-sem-ressaca\/"},{"@type":"ListItem","position":3,"name":"Carnaval 2013"}]},{"@type":"WebSite","@id":"https:\/\/clinicajorgejaber.com.br\/novo\/#website","url":"https:\/\/clinicajorgejaber.com.br\/novo\/","name":"Cl\u00ednica Jorge Jaber","description":"A Cl\u00ednica Jorge Jaber, filiada \u00e0 World Federation for Mental Health (WFMH), atua na preven\u00e7\u00e3o e tratamento da sa\u00fade mental","publisher":{"@id":"https:\/\/clinicajorgejaber.com.br\/novo\/#organization"},"potentialAction":[{"@type":"SearchAction","target":{"@type":"EntryPoint","urlTemplate":"https:\/\/clinicajorgejaber.com.br\/novo\/?s={search_term_string}"},"query-input":{"@type":"PropertyValueSpecification","valueRequired":true,"valueName":"search_term_string"}}],"inLanguage":"pt-BR"},{"@type":"Organization","@id":"https:\/\/clinicajorgejaber.com.br\/novo\/#organization","name":"Cl\u00ednica Jorge Jaber","url":"https:\/\/clinicajorgejaber.com.br\/novo\/","logo":{"@type":"ImageObject","inLanguage":"pt-BR","@id":"https:\/\/clinicajorgejaber.com.br\/novo\/#\/schema\/logo\/image\/","url":"https:\/\/clinicajorgejaber.com.br\/novo\/wp-content\/uploads\/2017\/04\/logo_nova_site.png","contentUrl":"https:\/\/clinicajorgejaber.com.br\/novo\/wp-content\/uploads\/2017\/04\/logo_nova_site.png","width":283,"height":100,"caption":"Cl\u00ednica Jorge Jaber"},"image":{"@id":"https:\/\/clinicajorgejaber.com.br\/novo\/#\/schema\/logo\/image\/"}}]}},"_links":{"self":[{"href":"https:\/\/clinicajorgejaber.com.br\/novo\/wp-json\/wp\/v2\/pages\/379","targetHints":{"allow":["GET"]}}],"collection":[{"href":"https:\/\/clinicajorgejaber.com.br\/novo\/wp-json\/wp\/v2\/pages"}],"about":[{"href":"https:\/\/clinicajorgejaber.com.br\/novo\/wp-json\/wp\/v2\/types\/page"}],"author":[{"embeddable":true,"href":"https:\/\/clinicajorgejaber.com.br\/novo\/wp-json\/wp\/v2\/users\/1"}],"replies":[{"embeddable":true,"href":"https:\/\/clinicajorgejaber.com.br\/novo\/wp-json\/wp\/v2\/comments?post=379"}],"version-history":[{"count":1,"href":"https:\/\/clinicajorgejaber.com.br\/novo\/wp-json\/wp\/v2\/pages\/379\/revisions"}],"predecessor-version":[{"id":380,"href":"https:\/\/clinicajorgejaber.com.br\/novo\/wp-json\/wp\/v2\/pages\/379\/revisions\/380"}],"up":[{"embeddable":true,"href":"https:\/\/clinicajorgejaber.com.br\/novo\/wp-json\/wp\/v2\/pages\/366"}],"wp:attachment":[{"href":"https:\/\/clinicajorgejaber.com.br\/novo\/wp-json\/wp\/v2\/media?parent=379"}],"curies":[{"name":"wp","href":"https:\/\/api.w.org\/{rel}","templated":true}]}}