{"id":383,"date":"2017-04-13T19:03:51","date_gmt":"2017-04-13T22:03:51","guid":{"rendered":"http:\/\/clinicajorgejaber.com.br\/novo\/?page_id=383"},"modified":"2017-04-13T19:05:08","modified_gmt":"2017-04-13T22:05:08","slug":"carnaval-2015","status":"publish","type":"page","link":"https:\/\/clinicajorgejaber.com.br\/novo\/alegria-sem-ressaca\/carnaval-2015\/","title":{"rendered":"Carnaval 2015"},"content":{"rendered":"<p align=\"center\"><strong>Alegria Sem Ressaca leva a nova rainha Teresa Cristina e a Banda Oficial do Cord\u00e3o da Bola Preta para a orla de Copacabana em 2015<\/strong><\/p>\n<p>A banda Alegria Sem Ressaca j\u00e1 \u00e9 uma tradi\u00e7\u00e3o no pr\u00e9-Carnaval carioca e far\u00e1 seu 12\u00ba desfile preventivo em 2015, domingo, 8 de fevereiro, com concentra\u00e7\u00e3o \u00e0s 9h na esquina de R. Rep\u00fablica do Peru com Av. Atl\u00e2ntica, e dispers\u00e3o \u00e0s 12h no Posto 6.<\/p>\n<p>A rainha da Alegria Sem Ressaca este ano ser\u00e1 a cantora Teresa Cristina, a Flor da Lapa, que far\u00e1 uma participa\u00e7\u00e3o especial, cantando durante o desfile com a Banda Oficial do Cord\u00e3o da Bola Preta. A sambista substitui a atriz Luiza Tom\u00e9, que reinou na pista por 4 anos, arrastando milhares de foli\u00f5es pela orla de Copacabana.<\/p>\n<p>A Alegria Sem Ressaca \u00e9 uma iniciativa da ABRAD &#8211; Associa\u00e7\u00e3o Brasileira de Alcoolismo e Drogas, presidida pelo psiquiatra Jorge Jaber. O desfile faz preven\u00e7\u00e3o \u00e0 depend\u00eancia qu\u00edmica, lembrando que ningu\u00e9m precisa usar drogas ou abusar de bebida alco\u00f3lica para se divertir.<\/p>\n<p>Este ano, com o apadrinhamento do Bola Preta, o mais antigo bloco de Carnaval de rua do Rio, anima\u00e7\u00e3o \u00e9 o que n\u00e3o vai mesmo faltar! &#8220;Vamos com tudo no apoio contra as drogas e abrir com chave de ouro o carnaval 2015. Participar dessa corrente do bem que a ABRAD propaga n\u00e3o tem pre\u00e7o. O Bola \u00e9 alegria e festa, mas tamb\u00e9m tem um papel social a cumprir. Vamos levar isso para o esquenta com eles em Copacabana e engrossar esse coro com nossos 2 milh\u00f5es de foli\u00f5es. Teremos muitas surpresas&#8221;, diz Pedro Ernesto Marinho, Presidente do Bola.<\/p>\n<p>Para o m\u00e9dico especialista Jorge Jaber, a parceria com o Bola Preta amplia o alcance da Alegria Sem Ressaca e a mensagem de sa\u00fade vai tomar conta da cidade: \u201cCarnaval \u00e9 m\u00fasica, \u00e9 samba, \u00e9 fantasia e n\u00f3s do Alegria Sem Ressaca, que somos a alternativa 100% saud\u00e1vel h\u00e1 12 anos, vamos espalhar a mensagem de que divers\u00e3o boa \u00e9 aquela sem excessos, sem acidentes, sem viol\u00eancia, sem interna\u00e7\u00f5es hospitalares, antes e durante a folia\u201c.<\/p>\n<p>Os terapeutas-conselheiros em depend\u00eancia qu\u00edmica, formados no curso gratuito oferecido na C\u00e2mara Comunit\u00e1ria da Barra da Tijuca pela ABRAD, s\u00e3o os anfitri\u00f5es da festa, que tamb\u00e9m contar\u00e1 com a presen\u00e7a de ex-usu\u00e1rios de drogas e seus familiares, atendidos gratuitamente pelo servi\u00e7o (www.ccbt.org.br). Em 2015, este servi\u00e7o passar\u00e1 a ser oferecido tamb\u00e9m na Lapa.<\/p>\n<p>A Alegria Sem Ressaca conta com a participa\u00e7\u00e3o do presidente da Associa\u00e7\u00e3o Brasileira de Psiquiatria &#8211; ABP, Antonio Geraldo da Silva. Tamb\u00e9m ap\u00f3iam a iniciativa os conselhos municipal e estadual Anti-Drogas, a APERJ, OAB e o IAB, as ONGs Tr\u00e2nsito Amigo e BRAHA, e as emissoras SBT e Record.<\/p>\n<p style=\"text-align: center;\"><a title=\"Alegria Sem Ressaca 2015\" href=\"https:\/\/www.flickr.com\/gp\/135362049@N04\/83Cv36\" data-flickr-embed=\"true\"><img fetchpriority=\"high\" decoding=\"async\" src=\"https:\/\/c1.staticflickr.com\/3\/2655\/32539468470_bf19771356_z.jpg\" alt=\"Alegria Sem Ressaca 2015\" width=\"640\" height=\"427\" \/><\/a><script src=\"\/\/embedr.flickr.com\/assets\/client-code.js\" async=\"\" charset=\"utf-8\"><\/script><\/p>\n","protected":false},"excerpt":{"rendered":"<p>Alegria Sem Ressaca leva a nova rainha Teresa Cristina e a Banda Oficial do Cord\u00e3o da Bola Preta para a orla de Copacabana em 2015 A banda Alegria Sem Ressaca j\u00e1 \u00e9 uma tradi\u00e7\u00e3o no pr\u00e9-Carnaval carioca e far\u00e1 seu<\/p>\n","protected":false},"author":1,"featured_media":0,"parent":366,"menu_order":0,"comment_status":"closed","ping_status":"closed","template":"","meta":{"footnotes":""},"class_list":["post-383","page","type-page","status-publish","hentry"],"yoast_head":"<!-- This site is optimized with the Yoast SEO plugin v27.4 - https:\/\/yoast.com\/product\/yoast-seo-wordpress\/ -->\n<title>Carnaval 2015 - Cl\u00ednica Jorge Jaber<\/title>\n<meta name=\"robots\" content=\"index, follow, max-snippet:-1, max-image-preview:large, max-video-preview:-1\" \/>\n<link rel=\"canonical\" href=\"https:\/\/clinicajorgejaber.com.br\/novo\/alegria-sem-ressaca\/carnaval-2015\/\" \/>\n<meta property=\"og:locale\" content=\"pt_BR\" \/>\n<meta property=\"og:type\" content=\"article\" \/>\n<meta property=\"og:title\" content=\"Carnaval 2015 - Cl\u00ednica Jorge Jaber\" \/>\n<meta property=\"og:description\" content=\"Alegria Sem Ressaca leva a nova rainha Teresa Cristina e a Banda Oficial do Cord\u00e3o da Bola Preta para a orla de Copacabana em 2015 A banda Alegria Sem Ressaca j\u00e1 \u00e9 uma tradi\u00e7\u00e3o no pr\u00e9-Carnaval carioca e far\u00e1 seu\" \/>\n<meta property=\"og:url\" content=\"https:\/\/clinicajorgejaber.com.br\/novo\/alegria-sem-ressaca\/carnaval-2015\/\" \/>\n<meta property=\"og:site_name\" content=\"Cl\u00ednica Jorge Jaber\" \/>\n<meta property=\"article:modified_time\" content=\"2017-04-13T22:05:08+00:00\" \/>\n<meta property=\"og:image\" content=\"https:\/\/c1.staticflickr.com\/3\/2655\/32539468470_bf19771356_z.jpg\" \/>\n<meta name=\"twitter:card\" content=\"summary_large_image\" \/>\n<meta name=\"twitter:label1\" content=\"Est. tempo de leitura\" \/>\n\t<meta name=\"twitter:data1\" content=\"2 minutos\" \/>\n<script type=\"application\/ld+json\" class=\"yoast-schema-graph\">{\"@context\":\"https:\\\/\\\/schema.org\",\"@graph\":[{\"@type\":\"WebPage\",\"@id\":\"https:\\\/\\\/clinicajorgejaber.com.br\\\/novo\\\/alegria-sem-ressaca\\\/carnaval-2015\\\/\",\"url\":\"https:\\\/\\\/clinicajorgejaber.com.br\\\/novo\\\/alegria-sem-ressaca\\\/carnaval-2015\\\/\",\"name\":\"Carnaval 2015 - Cl\u00ednica Jorge Jaber\",\"isPartOf\":{\"@id\":\"https:\\\/\\\/clinicajorgejaber.com.br\\\/novo\\\/#website\"},\"primaryImageOfPage\":{\"@id\":\"https:\\\/\\\/clinicajorgejaber.com.br\\\/novo\\\/alegria-sem-ressaca\\\/carnaval-2015\\\/#primaryimage\"},\"image\":{\"@id\":\"https:\\\/\\\/clinicajorgejaber.com.br\\\/novo\\\/alegria-sem-ressaca\\\/carnaval-2015\\\/#primaryimage\"},\"thumbnailUrl\":\"https:\\\/\\\/c1.staticflickr.com\\\/3\\\/2655\\\/32539468470_bf19771356_z.jpg\",\"datePublished\":\"2017-04-13T22:03:51+00:00\",\"dateModified\":\"2017-04-13T22:05:08+00:00\",\"breadcrumb\":{\"@id\":\"https:\\\/\\\/clinicajorgejaber.com.br\\\/novo\\\/alegria-sem-ressaca\\\/carnaval-2015\\\/#breadcrumb\"},\"inLanguage\":\"pt-BR\",\"potentialAction\":[{\"@type\":\"ReadAction\",\"target\":[\"https:\\\/\\\/clinicajorgejaber.com.br\\\/novo\\\/alegria-sem-ressaca\\\/carnaval-2015\\\/\"]}]},{\"@type\":\"ImageObject\",\"inLanguage\":\"pt-BR\",\"@id\":\"https:\\\/\\\/clinicajorgejaber.com.br\\\/novo\\\/alegria-sem-ressaca\\\/carnaval-2015\\\/#primaryimage\",\"url\":\"https:\\\/\\\/c1.staticflickr.com\\\/3\\\/2655\\\/32539468470_bf19771356_z.jpg\",\"contentUrl\":\"https:\\\/\\\/c1.staticflickr.com\\\/3\\\/2655\\\/32539468470_bf19771356_z.jpg\"},{\"@type\":\"BreadcrumbList\",\"@id\":\"https:\\\/\\\/clinicajorgejaber.com.br\\\/novo\\\/alegria-sem-ressaca\\\/carnaval-2015\\\/#breadcrumb\",\"itemListElement\":[{\"@type\":\"ListItem\",\"position\":1,\"name\":\"In\u00edcio\",\"item\":\"https:\\\/\\\/clinicajorgejaber.com.br\\\/novo\\\/\"},{\"@type\":\"ListItem\",\"position\":2,\"name\":\"Alegria Sem Ressaca\",\"item\":\"https:\\\/\\\/clinicajorgejaber.com.br\\\/novo\\\/alegria-sem-ressaca\\\/\"},{\"@type\":\"ListItem\",\"position\":3,\"name\":\"Carnaval 2015\"}]},{\"@type\":\"WebSite\",\"@id\":\"https:\\\/\\\/clinicajorgejaber.com.br\\\/novo\\\/#website\",\"url\":\"https:\\\/\\\/clinicajorgejaber.com.br\\\/novo\\\/\",\"name\":\"Cl\u00ednica Jorge Jaber\",\"description\":\"A Cl\u00ednica Jorge Jaber, filiada \u00e0 World Federation for Mental Health (WFMH), atua na preven\u00e7\u00e3o e tratamento da sa\u00fade mental\",\"publisher\":{\"@id\":\"https:\\\/\\\/clinicajorgejaber.com.br\\\/novo\\\/#organization\"},\"potentialAction\":[{\"@type\":\"SearchAction\",\"target\":{\"@type\":\"EntryPoint\",\"urlTemplate\":\"https:\\\/\\\/clinicajorgejaber.com.br\\\/novo\\\/?s={search_term_string}\"},\"query-input\":{\"@type\":\"PropertyValueSpecification\",\"valueRequired\":true,\"valueName\":\"search_term_string\"}}],\"inLanguage\":\"pt-BR\"},{\"@type\":\"Organization\",\"@id\":\"https:\\\/\\\/clinicajorgejaber.com.br\\\/novo\\\/#organization\",\"name\":\"Cl\u00ednica Jorge Jaber\",\"url\":\"https:\\\/\\\/clinicajorgejaber.com.br\\\/novo\\\/\",\"logo\":{\"@type\":\"ImageObject\",\"inLanguage\":\"pt-BR\",\"@id\":\"https:\\\/\\\/clinicajorgejaber.com.br\\\/novo\\\/#\\\/schema\\\/logo\\\/image\\\/\",\"url\":\"https:\\\/\\\/clinicajorgejaber.com.br\\\/novo\\\/wp-content\\\/uploads\\\/2017\\\/04\\\/logo_nova_site.png\",\"contentUrl\":\"https:\\\/\\\/clinicajorgejaber.com.br\\\/novo\\\/wp-content\\\/uploads\\\/2017\\\/04\\\/logo_nova_site.png\",\"width\":283,\"height\":100,\"caption\":\"Cl\u00ednica Jorge Jaber\"},\"image\":{\"@id\":\"https:\\\/\\\/clinicajorgejaber.com.br\\\/novo\\\/#\\\/schema\\\/logo\\\/image\\\/\"}}]}<\/script>\n<!-- \/ Yoast SEO plugin. -->","yoast_head_json":{"title":"Carnaval 2015 - Cl\u00ednica Jorge Jaber","robots":{"index":"index","follow":"follow","max-snippet":"max-snippet:-1","max-image-preview":"max-image-preview:large","max-video-preview":"max-video-preview:-1"},"canonical":"https:\/\/clinicajorgejaber.com.br\/novo\/alegria-sem-ressaca\/carnaval-2015\/","og_locale":"pt_BR","og_type":"article","og_title":"Carnaval 2015 - Cl\u00ednica Jorge Jaber","og_description":"Alegria Sem Ressaca leva a nova rainha Teresa Cristina e a Banda Oficial do Cord\u00e3o da Bola Preta para a orla de Copacabana em 2015 A banda Alegria Sem Ressaca j\u00e1 \u00e9 uma tradi\u00e7\u00e3o no pr\u00e9-Carnaval carioca e far\u00e1 seu","og_url":"https:\/\/clinicajorgejaber.com.br\/novo\/alegria-sem-ressaca\/carnaval-2015\/","og_site_name":"Cl\u00ednica Jorge Jaber","article_modified_time":"2017-04-13T22:05:08+00:00","og_image":[{"url":"https:\/\/c1.staticflickr.com\/3\/2655\/32539468470_bf19771356_z.jpg","type":"","width":"","height":""}],"twitter_card":"summary_large_image","twitter_misc":{"Est. tempo de leitura":"2 minutos"},"schema":{"@context":"https:\/\/schema.org","@graph":[{"@type":"WebPage","@id":"https:\/\/clinicajorgejaber.com.br\/novo\/alegria-sem-ressaca\/carnaval-2015\/","url":"https:\/\/clinicajorgejaber.com.br\/novo\/alegria-sem-ressaca\/carnaval-2015\/","name":"Carnaval 2015 - Cl\u00ednica Jorge Jaber","isPartOf":{"@id":"https:\/\/clinicajorgejaber.com.br\/novo\/#website"},"primaryImageOfPage":{"@id":"https:\/\/clinicajorgejaber.com.br\/novo\/alegria-sem-ressaca\/carnaval-2015\/#primaryimage"},"image":{"@id":"https:\/\/clinicajorgejaber.com.br\/novo\/alegria-sem-ressaca\/carnaval-2015\/#primaryimage"},"thumbnailUrl":"https:\/\/c1.staticflickr.com\/3\/2655\/32539468470_bf19771356_z.jpg","datePublished":"2017-04-13T22:03:51+00:00","dateModified":"2017-04-13T22:05:08+00:00","breadcrumb":{"@id":"https:\/\/clinicajorgejaber.com.br\/novo\/alegria-sem-ressaca\/carnaval-2015\/#breadcrumb"},"inLanguage":"pt-BR","potentialAction":[{"@type":"ReadAction","target":["https:\/\/clinicajorgejaber.com.br\/novo\/alegria-sem-ressaca\/carnaval-2015\/"]}]},{"@type":"ImageObject","inLanguage":"pt-BR","@id":"https:\/\/clinicajorgejaber.com.br\/novo\/alegria-sem-ressaca\/carnaval-2015\/#primaryimage","url":"https:\/\/c1.staticflickr.com\/3\/2655\/32539468470_bf19771356_z.jpg","contentUrl":"https:\/\/c1.staticflickr.com\/3\/2655\/32539468470_bf19771356_z.jpg"},{"@type":"BreadcrumbList","@id":"https:\/\/clinicajorgejaber.com.br\/novo\/alegria-sem-ressaca\/carnaval-2015\/#breadcrumb","itemListElement":[{"@type":"ListItem","position":1,"name":"In\u00edcio","item":"https:\/\/clinicajorgejaber.com.br\/novo\/"},{"@type":"ListItem","position":2,"name":"Alegria Sem Ressaca","item":"https:\/\/clinicajorgejaber.com.br\/novo\/alegria-sem-ressaca\/"},{"@type":"ListItem","position":3,"name":"Carnaval 2015"}]},{"@type":"WebSite","@id":"https:\/\/clinicajorgejaber.com.br\/novo\/#website","url":"https:\/\/clinicajorgejaber.com.br\/novo\/","name":"Cl\u00ednica Jorge Jaber","description":"A Cl\u00ednica Jorge Jaber, filiada \u00e0 World Federation for Mental Health (WFMH), atua na preven\u00e7\u00e3o e tratamento da sa\u00fade mental","publisher":{"@id":"https:\/\/clinicajorgejaber.com.br\/novo\/#organization"},"potentialAction":[{"@type":"SearchAction","target":{"@type":"EntryPoint","urlTemplate":"https:\/\/clinicajorgejaber.com.br\/novo\/?s={search_term_string}"},"query-input":{"@type":"PropertyValueSpecification","valueRequired":true,"valueName":"search_term_string"}}],"inLanguage":"pt-BR"},{"@type":"Organization","@id":"https:\/\/clinicajorgejaber.com.br\/novo\/#organization","name":"Cl\u00ednica Jorge Jaber","url":"https:\/\/clinicajorgejaber.com.br\/novo\/","logo":{"@type":"ImageObject","inLanguage":"pt-BR","@id":"https:\/\/clinicajorgejaber.com.br\/novo\/#\/schema\/logo\/image\/","url":"https:\/\/clinicajorgejaber.com.br\/novo\/wp-content\/uploads\/2017\/04\/logo_nova_site.png","contentUrl":"https:\/\/clinicajorgejaber.com.br\/novo\/wp-content\/uploads\/2017\/04\/logo_nova_site.png","width":283,"height":100,"caption":"Cl\u00ednica Jorge Jaber"},"image":{"@id":"https:\/\/clinicajorgejaber.com.br\/novo\/#\/schema\/logo\/image\/"}}]}},"_links":{"self":[{"href":"https:\/\/clinicajorgejaber.com.br\/novo\/wp-json\/wp\/v2\/pages\/383","targetHints":{"allow":["GET"]}}],"collection":[{"href":"https:\/\/clinicajorgejaber.com.br\/novo\/wp-json\/wp\/v2\/pages"}],"about":[{"href":"https:\/\/clinicajorgejaber.com.br\/novo\/wp-json\/wp\/v2\/types\/page"}],"author":[{"embeddable":true,"href":"https:\/\/clinicajorgejaber.com.br\/novo\/wp-json\/wp\/v2\/users\/1"}],"replies":[{"embeddable":true,"href":"https:\/\/clinicajorgejaber.com.br\/novo\/wp-json\/wp\/v2\/comments?post=383"}],"version-history":[{"count":2,"href":"https:\/\/clinicajorgejaber.com.br\/novo\/wp-json\/wp\/v2\/pages\/383\/revisions"}],"predecessor-version":[{"id":385,"href":"https:\/\/clinicajorgejaber.com.br\/novo\/wp-json\/wp\/v2\/pages\/383\/revisions\/385"}],"up":[{"embeddable":true,"href":"https:\/\/clinicajorgejaber.com.br\/novo\/wp-json\/wp\/v2\/pages\/366"}],"wp:attachment":[{"href":"https:\/\/clinicajorgejaber.com.br\/novo\/wp-json\/wp\/v2\/media?parent=383"}],"curies":[{"name":"wp","href":"https:\/\/api.w.org\/{rel}","templated":true}]}}