{"id":387,"date":"2017-04-13T19:09:08","date_gmt":"2017-04-13T22:09:08","guid":{"rendered":"http:\/\/clinicajorgejaber.com.br\/novo\/?page_id=387"},"modified":"2017-04-13T19:09:08","modified_gmt":"2017-04-13T22:09:08","slug":"carnaval-2016","status":"publish","type":"page","link":"https:\/\/clinicajorgejaber.com.br\/novo\/alegria-sem-ressaca\/carnaval-2016\/","title":{"rendered":"Carnaval 2016"},"content":{"rendered":"<p align=\"center\"><strong>Saiba como foi o desfile do Alegria Sem Ressaca<\/strong><\/p>\n<p align=\"justify\">O Alegria Sem Ressaca fez sua 13\u00aa apresenta\u00e7\u00e3o na manh\u00e3 deste domingo, na esquina de Rep\u00fablica do Peru com Atl\u00e2ntica, em Copacabana. Para prevenir o excesso de \u00e1lcool, o uso de drogas e a depend\u00eancia qu\u00edmica, o psiquiatra Jorge Jaber, presidente da Ass Bras de Alcoolismo e Drogase e assessor da presid\u00eancia da Ass Bras de Psiquiatria, comandou mais uma vez a folia consciente. Centenas de dependentes qu\u00edmicos e familiares brincaram carnaval para lembrar que ningu\u00e9m precisa de drogas para se divertir.<\/p>\n<p align=\"justify\">A madrinha Luzia Tom\u00e9 manteve a tradi\u00e7\u00e3o de levar anima\u00e7\u00e3o para quem esteve na festa. Ela teve um irm\u00e3o que morreu por overdose e seu outro irm\u00e3o \u00e9 terapeuta depois de se recuperar da depend\u00eancia qu\u00edmica que o levou a mais de 10 interna\u00e7\u00f5es.<\/p>\n<p align=\"justify\">Jogadores e torcedores do Flamengo estiveram no bloco e levantaram a faixa da campanha da ABP &#8220;Craque que \u00e9 craque n\u00e3o usa crack&#8221;.<\/p>\n<p align=\"justify\">A rainha do bloco Bafo da On\u00e7a, Geise Lima, e sua madrasta Judith Savaget, que \u00e9 terapeuta em depend\u00eancia qu\u00edmica, tamb\u00e9m estavam no carnaval s\u00f3brio. A passista abra\u00e7a a causa porque seu pai sofre de alcoolismo e est\u00e1 tentando se recuperar.Ao lado do passista do Cacique de Ramos e da Lins Imperial, ela mostrou como \u00e9 que se samba.<\/p>\n<p align=\"justify\">GALERIA DE FOTOS<\/p>\n<p style=\"text-align: center;\" align=\"justify\"><a title=\"Alegria Sem Ressaca 2016\" href=\"https:\/\/www.flickr.com\/photos\/135362049@N04\/albums\/72157663031625281\" data-flickr-embed=\"true\"><img fetchpriority=\"high\" decoding=\"async\" src=\"https:\/\/c1.staticflickr.com\/2\/1634\/23545571914_e97ac0bbb5_z.jpg\" alt=\"Alegria Sem Ressaca 2016\" width=\"640\" height=\"427\" \/><\/a><script src=\"\/\/embedr.flickr.com\/assets\/client-code.js\" async=\"\" charset=\"utf-8\"><\/script><\/p>\n<p align=\"justify\"><strong>V\u00cdDEO<\/strong><\/p>\n<p style=\"text-align: center;\" align=\"justify\"><iframe src=\"https:\/\/player.vimeo.com\/video\/149592026\" width=\"640\" height=\"360\" frameborder=\"0\" allowfullscreen=\"allowfullscreen\"><\/iframe><\/p>\n<p align=\"center\"><strong>VEJA O QUE SAIU NA M\u00cdDIA SOBRE O DESFILE 2016 DO ALEGRIA SEM RESSACA<\/strong><\/p>\n<p align=\"center\"><img decoding=\"async\" src=\"http:\/\/www.clinicajorgejaber.com.br\/imagens\/conteudo\/2016\/fev_alegria_.jpg\" alt=\"\" width=\"500\" height=\"750\" \/><\/p>\n<p align=\"center\"><img decoding=\"async\" src=\"http:\/\/www.clinicajorgejaber.com.br\/imagens\/conteudo\/2016\/fev_alegria_2.jpg\" alt=\"\" width=\"400\" height=\"445\" \/><\/p>\n<p align=\"center\"><img loading=\"lazy\" decoding=\"async\" src=\"http:\/\/www.clinicajorgejaber.com.br\/imagens\/conteudo\/2016\/fev_alegria_3.jpg\" alt=\"\" width=\"450\" height=\"390\" \/><\/p>\n<p align=\"center\"><img loading=\"lazy\" decoding=\"async\" src=\"http:\/\/www.clinicajorgejaber.com.br\/imagens\/conteudo\/2016\/fev_alegria_4.jpg\" alt=\"\" width=\"450\" height=\"431\" \/><\/p>\n<p align=\"center\"><img loading=\"lazy\" decoding=\"async\" src=\"http:\/\/www.clinicajorgejaber.com.br\/imagens\/conteudo\/2016\/fev_alegria_5.jpg\" alt=\"\" width=\"450\" height=\"334\" \/><\/p>\n<p align=\"center\"><img loading=\"lazy\" decoding=\"async\" src=\"http:\/\/www.clinicajorgejaber.com.br\/imagens\/conteudo\/2016\/fev_alegria_6.jpg\" alt=\"\" width=\"450\" height=\"474\" \/><\/p>\n<p align=\"justify\"><strong>29.12.2015<\/strong> <a href=\"http:\/\/blogs.odia.ig.com.br\/reginarito\/2015\/12\/29\/madrinha-do-alegria-sem-ressaca\/\" target=\"_blank\">Madrinha do Alegria Sem Ressaca<\/a><\/p>\n<p align=\"justify\"><strong>28.12.2015<\/strong> <a href=\"http:\/\/lulacerda.ig.com.br\/alegria-sem-ressaca-desfile-ao-som-dos-beatles\/\" target=\"_blank\">Alegria sem Ressaca: desfile ao som dos Beatles<\/a><\/p>\n<p align=\"center\"><img loading=\"lazy\" decoding=\"async\" src=\"http:\/\/www.clinicajorgejaber.com.br\/imagens\/conteudo\/2015\/dez_alegria_1.jpg\" alt=\"\" width=\"500\" height=\"556\" \/><\/p>\n<p align=\"center\"><img loading=\"lazy\" decoding=\"async\" src=\"http:\/\/www.clinicajorgejaber.com.br\/imagens\/conteudo\/2015\/dez_alegria_2.jpg\" alt=\"\" width=\"500\" height=\"479\" \/><\/p>\n","protected":false},"excerpt":{"rendered":"<p>Saiba como foi o desfile do Alegria Sem Ressaca O Alegria Sem Ressaca fez sua 13\u00aa apresenta\u00e7\u00e3o na manh\u00e3 deste domingo, na esquina de Rep\u00fablica do Peru com Atl\u00e2ntica, em Copacabana. Para prevenir o excesso de \u00e1lcool, o uso de<\/p>\n","protected":false},"author":1,"featured_media":0,"parent":366,"menu_order":0,"comment_status":"closed","ping_status":"closed","template":"","meta":{"footnotes":""},"class_list":["post-387","page","type-page","status-publish","hentry"],"yoast_head":"<!-- This site is optimized with the Yoast SEO plugin v27.4 - https:\/\/yoast.com\/product\/yoast-seo-wordpress\/ -->\n<title>Carnaval 2016 - Cl\u00ednica Jorge Jaber<\/title>\n<meta name=\"robots\" content=\"index, follow, max-snippet:-1, max-image-preview:large, max-video-preview:-1\" \/>\n<link rel=\"canonical\" href=\"https:\/\/clinicajorgejaber.com.br\/novo\/alegria-sem-ressaca\/carnaval-2016\/\" \/>\n<meta property=\"og:locale\" content=\"pt_BR\" \/>\n<meta property=\"og:type\" content=\"article\" \/>\n<meta property=\"og:title\" content=\"Carnaval 2016 - Cl\u00ednica Jorge Jaber\" \/>\n<meta property=\"og:description\" content=\"Saiba como foi o desfile do Alegria Sem Ressaca O Alegria Sem Ressaca fez sua 13\u00aa apresenta\u00e7\u00e3o na manh\u00e3 deste domingo, na esquina de Rep\u00fablica do Peru com Atl\u00e2ntica, em Copacabana. Para prevenir o excesso de \u00e1lcool, o uso de\" \/>\n<meta property=\"og:url\" content=\"https:\/\/clinicajorgejaber.com.br\/novo\/alegria-sem-ressaca\/carnaval-2016\/\" \/>\n<meta property=\"og:site_name\" content=\"Cl\u00ednica Jorge Jaber\" \/>\n<meta property=\"og:image\" content=\"https:\/\/c1.staticflickr.com\/2\/1634\/23545571914_e97ac0bbb5_z.jpg\" \/>\n<meta name=\"twitter:card\" content=\"summary_large_image\" \/>\n<meta name=\"twitter:label1\" content=\"Est. tempo de leitura\" \/>\n\t<meta name=\"twitter:data1\" content=\"1 minuto\" \/>\n<script type=\"application\/ld+json\" class=\"yoast-schema-graph\">{\"@context\":\"https:\\\/\\\/schema.org\",\"@graph\":[{\"@type\":\"WebPage\",\"@id\":\"https:\\\/\\\/clinicajorgejaber.com.br\\\/novo\\\/alegria-sem-ressaca\\\/carnaval-2016\\\/\",\"url\":\"https:\\\/\\\/clinicajorgejaber.com.br\\\/novo\\\/alegria-sem-ressaca\\\/carnaval-2016\\\/\",\"name\":\"Carnaval 2016 - Cl\u00ednica Jorge Jaber\",\"isPartOf\":{\"@id\":\"https:\\\/\\\/clinicajorgejaber.com.br\\\/novo\\\/#website\"},\"primaryImageOfPage\":{\"@id\":\"https:\\\/\\\/clinicajorgejaber.com.br\\\/novo\\\/alegria-sem-ressaca\\\/carnaval-2016\\\/#primaryimage\"},\"image\":{\"@id\":\"https:\\\/\\\/clinicajorgejaber.com.br\\\/novo\\\/alegria-sem-ressaca\\\/carnaval-2016\\\/#primaryimage\"},\"thumbnailUrl\":\"https:\\\/\\\/c1.staticflickr.com\\\/2\\\/1634\\\/23545571914_e97ac0bbb5_z.jpg\",\"datePublished\":\"2017-04-13T22:09:08+00:00\",\"breadcrumb\":{\"@id\":\"https:\\\/\\\/clinicajorgejaber.com.br\\\/novo\\\/alegria-sem-ressaca\\\/carnaval-2016\\\/#breadcrumb\"},\"inLanguage\":\"pt-BR\",\"potentialAction\":[{\"@type\":\"ReadAction\",\"target\":[\"https:\\\/\\\/clinicajorgejaber.com.br\\\/novo\\\/alegria-sem-ressaca\\\/carnaval-2016\\\/\"]}]},{\"@type\":\"ImageObject\",\"inLanguage\":\"pt-BR\",\"@id\":\"https:\\\/\\\/clinicajorgejaber.com.br\\\/novo\\\/alegria-sem-ressaca\\\/carnaval-2016\\\/#primaryimage\",\"url\":\"https:\\\/\\\/c1.staticflickr.com\\\/2\\\/1634\\\/23545571914_e97ac0bbb5_z.jpg\",\"contentUrl\":\"https:\\\/\\\/c1.staticflickr.com\\\/2\\\/1634\\\/23545571914_e97ac0bbb5_z.jpg\"},{\"@type\":\"BreadcrumbList\",\"@id\":\"https:\\\/\\\/clinicajorgejaber.com.br\\\/novo\\\/alegria-sem-ressaca\\\/carnaval-2016\\\/#breadcrumb\",\"itemListElement\":[{\"@type\":\"ListItem\",\"position\":1,\"name\":\"In\u00edcio\",\"item\":\"https:\\\/\\\/clinicajorgejaber.com.br\\\/novo\\\/\"},{\"@type\":\"ListItem\",\"position\":2,\"name\":\"Alegria Sem Ressaca\",\"item\":\"https:\\\/\\\/clinicajorgejaber.com.br\\\/novo\\\/alegria-sem-ressaca\\\/\"},{\"@type\":\"ListItem\",\"position\":3,\"name\":\"Carnaval 2016\"}]},{\"@type\":\"WebSite\",\"@id\":\"https:\\\/\\\/clinicajorgejaber.com.br\\\/novo\\\/#website\",\"url\":\"https:\\\/\\\/clinicajorgejaber.com.br\\\/novo\\\/\",\"name\":\"Cl\u00ednica Jorge Jaber\",\"description\":\"A Cl\u00ednica Jorge Jaber, filiada \u00e0 World Federation for Mental Health (WFMH), atua na preven\u00e7\u00e3o e tratamento da sa\u00fade mental\",\"publisher\":{\"@id\":\"https:\\\/\\\/clinicajorgejaber.com.br\\\/novo\\\/#organization\"},\"potentialAction\":[{\"@type\":\"SearchAction\",\"target\":{\"@type\":\"EntryPoint\",\"urlTemplate\":\"https:\\\/\\\/clinicajorgejaber.com.br\\\/novo\\\/?s={search_term_string}\"},\"query-input\":{\"@type\":\"PropertyValueSpecification\",\"valueRequired\":true,\"valueName\":\"search_term_string\"}}],\"inLanguage\":\"pt-BR\"},{\"@type\":\"Organization\",\"@id\":\"https:\\\/\\\/clinicajorgejaber.com.br\\\/novo\\\/#organization\",\"name\":\"Cl\u00ednica Jorge Jaber\",\"url\":\"https:\\\/\\\/clinicajorgejaber.com.br\\\/novo\\\/\",\"logo\":{\"@type\":\"ImageObject\",\"inLanguage\":\"pt-BR\",\"@id\":\"https:\\\/\\\/clinicajorgejaber.com.br\\\/novo\\\/#\\\/schema\\\/logo\\\/image\\\/\",\"url\":\"https:\\\/\\\/clinicajorgejaber.com.br\\\/novo\\\/wp-content\\\/uploads\\\/2017\\\/04\\\/logo_nova_site.png\",\"contentUrl\":\"https:\\\/\\\/clinicajorgejaber.com.br\\\/novo\\\/wp-content\\\/uploads\\\/2017\\\/04\\\/logo_nova_site.png\",\"width\":283,\"height\":100,\"caption\":\"Cl\u00ednica Jorge Jaber\"},\"image\":{\"@id\":\"https:\\\/\\\/clinicajorgejaber.com.br\\\/novo\\\/#\\\/schema\\\/logo\\\/image\\\/\"}}]}<\/script>\n<!-- \/ Yoast SEO plugin. -->","yoast_head_json":{"title":"Carnaval 2016 - Cl\u00ednica Jorge Jaber","robots":{"index":"index","follow":"follow","max-snippet":"max-snippet:-1","max-image-preview":"max-image-preview:large","max-video-preview":"max-video-preview:-1"},"canonical":"https:\/\/clinicajorgejaber.com.br\/novo\/alegria-sem-ressaca\/carnaval-2016\/","og_locale":"pt_BR","og_type":"article","og_title":"Carnaval 2016 - Cl\u00ednica Jorge Jaber","og_description":"Saiba como foi o desfile do Alegria Sem Ressaca O Alegria Sem Ressaca fez sua 13\u00aa apresenta\u00e7\u00e3o na manh\u00e3 deste domingo, na esquina de Rep\u00fablica do Peru com Atl\u00e2ntica, em Copacabana. Para prevenir o excesso de \u00e1lcool, o uso de","og_url":"https:\/\/clinicajorgejaber.com.br\/novo\/alegria-sem-ressaca\/carnaval-2016\/","og_site_name":"Cl\u00ednica Jorge Jaber","og_image":[{"url":"https:\/\/c1.staticflickr.com\/2\/1634\/23545571914_e97ac0bbb5_z.jpg","type":"","width":"","height":""}],"twitter_card":"summary_large_image","twitter_misc":{"Est. tempo de leitura":"1 minuto"},"schema":{"@context":"https:\/\/schema.org","@graph":[{"@type":"WebPage","@id":"https:\/\/clinicajorgejaber.com.br\/novo\/alegria-sem-ressaca\/carnaval-2016\/","url":"https:\/\/clinicajorgejaber.com.br\/novo\/alegria-sem-ressaca\/carnaval-2016\/","name":"Carnaval 2016 - Cl\u00ednica Jorge Jaber","isPartOf":{"@id":"https:\/\/clinicajorgejaber.com.br\/novo\/#website"},"primaryImageOfPage":{"@id":"https:\/\/clinicajorgejaber.com.br\/novo\/alegria-sem-ressaca\/carnaval-2016\/#primaryimage"},"image":{"@id":"https:\/\/clinicajorgejaber.com.br\/novo\/alegria-sem-ressaca\/carnaval-2016\/#primaryimage"},"thumbnailUrl":"https:\/\/c1.staticflickr.com\/2\/1634\/23545571914_e97ac0bbb5_z.jpg","datePublished":"2017-04-13T22:09:08+00:00","breadcrumb":{"@id":"https:\/\/clinicajorgejaber.com.br\/novo\/alegria-sem-ressaca\/carnaval-2016\/#breadcrumb"},"inLanguage":"pt-BR","potentialAction":[{"@type":"ReadAction","target":["https:\/\/clinicajorgejaber.com.br\/novo\/alegria-sem-ressaca\/carnaval-2016\/"]}]},{"@type":"ImageObject","inLanguage":"pt-BR","@id":"https:\/\/clinicajorgejaber.com.br\/novo\/alegria-sem-ressaca\/carnaval-2016\/#primaryimage","url":"https:\/\/c1.staticflickr.com\/2\/1634\/23545571914_e97ac0bbb5_z.jpg","contentUrl":"https:\/\/c1.staticflickr.com\/2\/1634\/23545571914_e97ac0bbb5_z.jpg"},{"@type":"BreadcrumbList","@id":"https:\/\/clinicajorgejaber.com.br\/novo\/alegria-sem-ressaca\/carnaval-2016\/#breadcrumb","itemListElement":[{"@type":"ListItem","position":1,"name":"In\u00edcio","item":"https:\/\/clinicajorgejaber.com.br\/novo\/"},{"@type":"ListItem","position":2,"name":"Alegria Sem Ressaca","item":"https:\/\/clinicajorgejaber.com.br\/novo\/alegria-sem-ressaca\/"},{"@type":"ListItem","position":3,"name":"Carnaval 2016"}]},{"@type":"WebSite","@id":"https:\/\/clinicajorgejaber.com.br\/novo\/#website","url":"https:\/\/clinicajorgejaber.com.br\/novo\/","name":"Cl\u00ednica Jorge Jaber","description":"A Cl\u00ednica Jorge Jaber, filiada \u00e0 World Federation for Mental Health (WFMH), atua na preven\u00e7\u00e3o e tratamento da sa\u00fade mental","publisher":{"@id":"https:\/\/clinicajorgejaber.com.br\/novo\/#organization"},"potentialAction":[{"@type":"SearchAction","target":{"@type":"EntryPoint","urlTemplate":"https:\/\/clinicajorgejaber.com.br\/novo\/?s={search_term_string}"},"query-input":{"@type":"PropertyValueSpecification","valueRequired":true,"valueName":"search_term_string"}}],"inLanguage":"pt-BR"},{"@type":"Organization","@id":"https:\/\/clinicajorgejaber.com.br\/novo\/#organization","name":"Cl\u00ednica Jorge Jaber","url":"https:\/\/clinicajorgejaber.com.br\/novo\/","logo":{"@type":"ImageObject","inLanguage":"pt-BR","@id":"https:\/\/clinicajorgejaber.com.br\/novo\/#\/schema\/logo\/image\/","url":"https:\/\/clinicajorgejaber.com.br\/novo\/wp-content\/uploads\/2017\/04\/logo_nova_site.png","contentUrl":"https:\/\/clinicajorgejaber.com.br\/novo\/wp-content\/uploads\/2017\/04\/logo_nova_site.png","width":283,"height":100,"caption":"Cl\u00ednica Jorge Jaber"},"image":{"@id":"https:\/\/clinicajorgejaber.com.br\/novo\/#\/schema\/logo\/image\/"}}]}},"_links":{"self":[{"href":"https:\/\/clinicajorgejaber.com.br\/novo\/wp-json\/wp\/v2\/pages\/387","targetHints":{"allow":["GET"]}}],"collection":[{"href":"https:\/\/clinicajorgejaber.com.br\/novo\/wp-json\/wp\/v2\/pages"}],"about":[{"href":"https:\/\/clinicajorgejaber.com.br\/novo\/wp-json\/wp\/v2\/types\/page"}],"author":[{"embeddable":true,"href":"https:\/\/clinicajorgejaber.com.br\/novo\/wp-json\/wp\/v2\/users\/1"}],"replies":[{"embeddable":true,"href":"https:\/\/clinicajorgejaber.com.br\/novo\/wp-json\/wp\/v2\/comments?post=387"}],"version-history":[{"count":1,"href":"https:\/\/clinicajorgejaber.com.br\/novo\/wp-json\/wp\/v2\/pages\/387\/revisions"}],"predecessor-version":[{"id":388,"href":"https:\/\/clinicajorgejaber.com.br\/novo\/wp-json\/wp\/v2\/pages\/387\/revisions\/388"}],"up":[{"embeddable":true,"href":"https:\/\/clinicajorgejaber.com.br\/novo\/wp-json\/wp\/v2\/pages\/366"}],"wp:attachment":[{"href":"https:\/\/clinicajorgejaber.com.br\/novo\/wp-json\/wp\/v2\/media?parent=387"}],"curies":[{"name":"wp","href":"https:\/\/api.w.org\/{rel}","templated":true}]}}