{"id":5485,"date":"2022-05-27T06:51:53","date_gmt":"2022-05-27T09:51:53","guid":{"rendered":"https:\/\/clinicajorgejaber.com.br\/novo\/?page_id=5485"},"modified":"2022-07-29T07:03:20","modified_gmt":"2022-07-29T10:03:20","slug":"curso-de-educacao-fisica-no-tratamento-da-dependencia","status":"publish","type":"page","link":"https:\/\/clinicajorgejaber.com.br\/novo\/curso-de-educacao-fisica-no-tratamento-da-dependencia\/","title":{"rendered":"Curso de Educa\u00e7\u00e3o F\u00edsica no Tratamento da Depend\u00eancia"},"content":{"rendered":"<p style=\"text-align: center;\"><strong><u>N\u00daCLEO\u00a0 DE ATIVIDADES F\u00cdSICAS DA CL\u00cdNICA JORGE JABER<\/u><\/strong><\/p>\n<p style=\"text-align: center;\"><strong>Apresenta<\/strong><\/p>\n<p style=\"text-align: center;\"><strong>Curso \u201cEDUCA\u00c7\u00c3O F\u00cdSICA NO TRATAMENTO DA DEPEND\u00caNCIA\u201d<\/strong><\/p>\n<p><strong>Objetivos:<\/strong><\/p>\n<p>Ressaltar a import\u00e2ncia da atividade f\u00edsica na preserva\u00e7\u00e3o do corpo e da mente, tanto na preven\u00e7\u00e3o de doen\u00e7as quanto em seu tratamento.<\/p>\n<p>Apresentar as diferentes atividades f\u00edsicas realizadas numa Cl\u00ednica Psiqui\u00e1trica, respeitando as diferen\u00e7as e necessidades de cada paciente.<\/p>\n<p>Oferecer experi\u00eancia pr\u00e1tica aos alunos, com um est\u00e1gio presencial na Cl\u00ednica Jorge Jaber.<\/p>\n<p><strong>P\u00fablico-alvo:<\/strong><\/p>\n<p>Curso livre, com especial interesse em profissionais e estudantes das \u00e1reas de Educa\u00e7\u00e3o F\u00edsica, Medicina, Fisioterapia e outras.<\/p>\n<p><strong>Modelo:<\/strong><\/p>\n<p>Curso online e gratuito, com aulas transmitidas pelo Facebook. As aulas ficam gravadas, podendo ser assistidas posteriormente.<\/p>\n<p><strong>Carga hor\u00e1ria:<\/strong><\/p>\n<p>M\u00f3dulo te\u00f3rico: Quatro aulas, \u00e0s quintas-feiras, \u00e0s 19 horas, de 90 minutos cada, num total de 06 horas.<\/p>\n<p>M\u00f3dulo pr\u00e1tico: 24 aulas presenciais, nas depend\u00eancias da Cl\u00ednica Jorge Jaber, em datas marcadas de comum acordo entre aluno e coordena\u00e7\u00e3o do Curso.<\/p>\n<p><b>PROGRAMA<\/b><\/p>\n<p><strong>Aula I \u2013 07 de julho<\/strong><\/p>\n<p><strong><u>Contexto Hist\u00f3rico e Social da Atividade F\u00edsica<\/u><\/strong><\/p>\n<p>1 &#8211; Hist\u00f3ria da Atividade F\u00edsica<\/p>\n<p>2 &#8211; Atividade F\u00edsica X Exerc\u00edcio F\u00edsico<\/p>\n<p>3 &#8211; Sedentarismo<\/p>\n<p>4 &#8211; OMS e Exerc\u00edcio F\u00edsico<\/p>\n<p><a href=\"https:\/\/clinicajorgejaber.com.br\/novo\/wp-content\/uploads\/2022\/07\/1a-aula-PDF.pdf\" target=\"_blank\" rel=\"noopener\">BAIXE O PDF<\/a><\/p>\n<p><strong>Aula II \u201314 de julho<\/strong><\/p>\n<p><strong><u>Fisiologia aplicada ao treinamento f\u00edsico em Cl\u00ednica Psiqui\u00e1trica<\/u><\/strong><\/p>\n<p>1 &#8211; Horm\u00f4nios e atividade f\u00edsica<\/p>\n<p>2 &#8211; Atividade f\u00edsica nas diferentes fases da vida<\/p>\n<p><a href=\"https:\/\/clinicajorgejaber.com.br\/novo\/wp-content\/uploads\/2022\/07\/Aula-2-educac\u0327a\u0303o-fi\u0301sica.pdf\" target=\"_blank\" rel=\"noopener\">BAIXE O PDF<\/a><\/p>\n<p><strong>Aula III \u2013 21 de julho<\/strong><\/p>\n<p><strong><u>Atividade f\u00edsica na sa\u00fade mental, depend\u00eancia qu\u00edmica e 12 Passos<\/u><\/strong><\/p>\n<p>1 &#8211; Benef\u00edcios da atividade f\u00edsica em pacientes psiqui\u00e1tricos e dependentes qu\u00edmicos<\/p>\n<p>2 &#8211; O que \u00e9 a depend\u00eancia qu\u00edmica e como a atividade f\u00edsica colabora na recupera\u00e7\u00e3o<\/p>\n<p>3 &#8211; A viv\u00eancia do Programa dos 12 Passos nas atividades f\u00edsicas<\/p>\n<p><a href=\"https:\/\/clinicajorgejaber.com.br\/novo\/wp-content\/uploads\/2022\/07\/ATIVIDADE-FISICA-X-SAUDE-MENTAL-DQ-12PASSOS.pdf\" target=\"_blank\" rel=\"noopener\">BAIXE O PDF<\/a><\/p>\n<p><strong>Aula IV \u2013 28 de julho<\/strong><\/p>\n<p><strong><u>Atividades F\u00edsicas em Cl\u00ednica Psiqui\u00e1trica<\/u><\/strong><\/p>\n<p>1 &#8211; Atividades f\u00edsicas e sua prescri\u00e7\u00e3o nos diferentes transtornos<\/p>\n<p>2 &#8211; Atividades f\u00edsicas ministradas em Cl\u00ednica Psiqui\u00e1trica<\/p>\n<p>3 &#8211; Objetivos gerais e espec\u00edficos nas diferentes manifesta\u00e7\u00f5es de atividades f\u00edsicas.<\/p>\n<p><a href=\"https:\/\/clinicajorgejaber.com.br\/novo\/wp-content\/uploads\/2022\/07\/4a-aula.pdf\" target=\"_blank\" rel=\"noopener\">BAIXE O PDF<\/a><\/p>\n<p>Inscri\u00e7\u00f5es:<\/p>\n<p>Envie email para email <a href=\"mailto:cr@clinicajorgejaber.com.br\">cr@clinicajorgejaber.com.br<\/a>, escrevendo \u201cCURSO EDUCA\u00c7\u00c3O F\u00cdSICA\u201d no campo \u201cAssunto\u201d.<\/p>\n<p>No corpo do email, escreva seu nome, telefone (COM DDD), nome que utiliza no Facebook e forma\u00e7\u00e3o acad\u00eamica.<\/p>\n<p>ATEN\u00c7\u00c3O: A participa\u00e7\u00e3o no Curso \u00e9 gratuita. O Certificado de Conclus\u00e3o dos M\u00f3dulos (opcional) ter\u00e1 um custo de R$ 80,00 cada.<\/p>\n<p>Para obten\u00e7\u00e3o do Certificado do M\u00f3dulo Pr\u00e1tico, o aluno dever\u00e1 entregar um relat\u00f3rio de no m\u00e1ximo 30 linhas sobre as atividades do dia de aula, num total de 24 textos, que ser\u00e3o arquivados na Cl\u00ednica.<\/p>\n","protected":false},"excerpt":{"rendered":"<p>N\u00daCLEO\u00a0 DE ATIVIDADES F\u00cdSICAS DA CL\u00cdNICA JORGE JABER Apresenta Curso \u201cEDUCA\u00c7\u00c3O F\u00cdSICA NO TRATAMENTO DA DEPEND\u00caNCIA\u201d Objetivos: Ressaltar a import\u00e2ncia da atividade f\u00edsica na preserva\u00e7\u00e3o do corpo e da mente, tanto na preven\u00e7\u00e3o de doen\u00e7as quanto em seu tratamento. Apresentar<\/p>\n","protected":false},"author":1,"featured_media":0,"parent":0,"menu_order":0,"comment_status":"closed","ping_status":"closed","template":"","meta":{"footnotes":""},"class_list":["post-5485","page","type-page","status-publish","hentry"],"yoast_head":"<!-- This site is optimized with the Yoast SEO plugin v27.4 - https:\/\/yoast.com\/product\/yoast-seo-wordpress\/ -->\n<title>Curso de Educa\u00e7\u00e3o F\u00edsica no Tratamento da Depend\u00eancia - Cl\u00ednica Jorge Jaber<\/title>\n<meta name=\"robots\" content=\"index, follow, max-snippet:-1, max-image-preview:large, max-video-preview:-1\" \/>\n<link rel=\"canonical\" href=\"https:\/\/clinicajorgejaber.com.br\/novo\/curso-de-educacao-fisica-no-tratamento-da-dependencia\/\" \/>\n<meta property=\"og:locale\" content=\"pt_BR\" \/>\n<meta property=\"og:type\" content=\"article\" \/>\n<meta property=\"og:title\" content=\"Curso de Educa\u00e7\u00e3o F\u00edsica no Tratamento da Depend\u00eancia - Cl\u00ednica Jorge Jaber\" \/>\n<meta property=\"og:description\" content=\"N\u00daCLEO\u00a0 DE ATIVIDADES F\u00cdSICAS DA CL\u00cdNICA JORGE JABER Apresenta Curso \u201cEDUCA\u00c7\u00c3O F\u00cdSICA NO TRATAMENTO DA DEPEND\u00caNCIA\u201d Objetivos: Ressaltar a import\u00e2ncia da atividade f\u00edsica na preserva\u00e7\u00e3o do corpo e da mente, tanto na preven\u00e7\u00e3o de doen\u00e7as quanto em seu tratamento. Apresentar\" \/>\n<meta property=\"og:url\" content=\"https:\/\/clinicajorgejaber.com.br\/novo\/curso-de-educacao-fisica-no-tratamento-da-dependencia\/\" \/>\n<meta property=\"og:site_name\" content=\"Cl\u00ednica Jorge Jaber\" \/>\n<meta property=\"article:modified_time\" content=\"2022-07-29T10:03:20+00:00\" \/>\n<meta name=\"twitter:card\" content=\"summary_large_image\" \/>\n<meta name=\"twitter:label1\" content=\"Est. tempo de leitura\" \/>\n\t<meta name=\"twitter:data1\" content=\"3 minutos\" \/>\n<script type=\"application\/ld+json\" class=\"yoast-schema-graph\">{\"@context\":\"https:\\\/\\\/schema.org\",\"@graph\":[{\"@type\":\"WebPage\",\"@id\":\"https:\\\/\\\/clinicajorgejaber.com.br\\\/novo\\\/curso-de-educacao-fisica-no-tratamento-da-dependencia\\\/\",\"url\":\"https:\\\/\\\/clinicajorgejaber.com.br\\\/novo\\\/curso-de-educacao-fisica-no-tratamento-da-dependencia\\\/\",\"name\":\"Curso de Educa\u00e7\u00e3o F\u00edsica no Tratamento da Depend\u00eancia - Cl\u00ednica Jorge Jaber\",\"isPartOf\":{\"@id\":\"https:\\\/\\\/clinicajorgejaber.com.br\\\/novo\\\/#website\"},\"datePublished\":\"2022-05-27T09:51:53+00:00\",\"dateModified\":\"2022-07-29T10:03:20+00:00\",\"breadcrumb\":{\"@id\":\"https:\\\/\\\/clinicajorgejaber.com.br\\\/novo\\\/curso-de-educacao-fisica-no-tratamento-da-dependencia\\\/#breadcrumb\"},\"inLanguage\":\"pt-BR\",\"potentialAction\":[{\"@type\":\"ReadAction\",\"target\":[\"https:\\\/\\\/clinicajorgejaber.com.br\\\/novo\\\/curso-de-educacao-fisica-no-tratamento-da-dependencia\\\/\"]}]},{\"@type\":\"BreadcrumbList\",\"@id\":\"https:\\\/\\\/clinicajorgejaber.com.br\\\/novo\\\/curso-de-educacao-fisica-no-tratamento-da-dependencia\\\/#breadcrumb\",\"itemListElement\":[{\"@type\":\"ListItem\",\"position\":1,\"name\":\"In\u00edcio\",\"item\":\"https:\\\/\\\/clinicajorgejaber.com.br\\\/novo\\\/\"},{\"@type\":\"ListItem\",\"position\":2,\"name\":\"Curso de Educa\u00e7\u00e3o F\u00edsica no Tratamento da Depend\u00eancia\"}]},{\"@type\":\"WebSite\",\"@id\":\"https:\\\/\\\/clinicajorgejaber.com.br\\\/novo\\\/#website\",\"url\":\"https:\\\/\\\/clinicajorgejaber.com.br\\\/novo\\\/\",\"name\":\"Cl\u00ednica Jorge Jaber\",\"description\":\"A Cl\u00ednica Jorge Jaber, filiada \u00e0 World Federation for Mental Health (WFMH), atua na preven\u00e7\u00e3o e tratamento da sa\u00fade mental\",\"publisher\":{\"@id\":\"https:\\\/\\\/clinicajorgejaber.com.br\\\/novo\\\/#organization\"},\"potentialAction\":[{\"@type\":\"SearchAction\",\"target\":{\"@type\":\"EntryPoint\",\"urlTemplate\":\"https:\\\/\\\/clinicajorgejaber.com.br\\\/novo\\\/?s={search_term_string}\"},\"query-input\":{\"@type\":\"PropertyValueSpecification\",\"valueRequired\":true,\"valueName\":\"search_term_string\"}}],\"inLanguage\":\"pt-BR\"},{\"@type\":\"Organization\",\"@id\":\"https:\\\/\\\/clinicajorgejaber.com.br\\\/novo\\\/#organization\",\"name\":\"Cl\u00ednica Jorge Jaber\",\"url\":\"https:\\\/\\\/clinicajorgejaber.com.br\\\/novo\\\/\",\"logo\":{\"@type\":\"ImageObject\",\"inLanguage\":\"pt-BR\",\"@id\":\"https:\\\/\\\/clinicajorgejaber.com.br\\\/novo\\\/#\\\/schema\\\/logo\\\/image\\\/\",\"url\":\"https:\\\/\\\/clinicajorgejaber.com.br\\\/novo\\\/wp-content\\\/uploads\\\/2017\\\/04\\\/logo_nova_site.png\",\"contentUrl\":\"https:\\\/\\\/clinicajorgejaber.com.br\\\/novo\\\/wp-content\\\/uploads\\\/2017\\\/04\\\/logo_nova_site.png\",\"width\":283,\"height\":100,\"caption\":\"Cl\u00ednica Jorge Jaber\"},\"image\":{\"@id\":\"https:\\\/\\\/clinicajorgejaber.com.br\\\/novo\\\/#\\\/schema\\\/logo\\\/image\\\/\"}}]}<\/script>\n<!-- \/ Yoast SEO plugin. -->","yoast_head_json":{"title":"Curso de Educa\u00e7\u00e3o F\u00edsica no Tratamento da Depend\u00eancia - Cl\u00ednica Jorge Jaber","robots":{"index":"index","follow":"follow","max-snippet":"max-snippet:-1","max-image-preview":"max-image-preview:large","max-video-preview":"max-video-preview:-1"},"canonical":"https:\/\/clinicajorgejaber.com.br\/novo\/curso-de-educacao-fisica-no-tratamento-da-dependencia\/","og_locale":"pt_BR","og_type":"article","og_title":"Curso de Educa\u00e7\u00e3o F\u00edsica no Tratamento da Depend\u00eancia - Cl\u00ednica Jorge Jaber","og_description":"N\u00daCLEO\u00a0 DE ATIVIDADES F\u00cdSICAS DA CL\u00cdNICA JORGE JABER Apresenta Curso \u201cEDUCA\u00c7\u00c3O F\u00cdSICA NO TRATAMENTO DA DEPEND\u00caNCIA\u201d Objetivos: Ressaltar a import\u00e2ncia da atividade f\u00edsica na preserva\u00e7\u00e3o do corpo e da mente, tanto na preven\u00e7\u00e3o de doen\u00e7as quanto em seu tratamento. Apresentar","og_url":"https:\/\/clinicajorgejaber.com.br\/novo\/curso-de-educacao-fisica-no-tratamento-da-dependencia\/","og_site_name":"Cl\u00ednica Jorge Jaber","article_modified_time":"2022-07-29T10:03:20+00:00","twitter_card":"summary_large_image","twitter_misc":{"Est. tempo de leitura":"3 minutos"},"schema":{"@context":"https:\/\/schema.org","@graph":[{"@type":"WebPage","@id":"https:\/\/clinicajorgejaber.com.br\/novo\/curso-de-educacao-fisica-no-tratamento-da-dependencia\/","url":"https:\/\/clinicajorgejaber.com.br\/novo\/curso-de-educacao-fisica-no-tratamento-da-dependencia\/","name":"Curso de Educa\u00e7\u00e3o F\u00edsica no Tratamento da Depend\u00eancia - Cl\u00ednica Jorge Jaber","isPartOf":{"@id":"https:\/\/clinicajorgejaber.com.br\/novo\/#website"},"datePublished":"2022-05-27T09:51:53+00:00","dateModified":"2022-07-29T10:03:20+00:00","breadcrumb":{"@id":"https:\/\/clinicajorgejaber.com.br\/novo\/curso-de-educacao-fisica-no-tratamento-da-dependencia\/#breadcrumb"},"inLanguage":"pt-BR","potentialAction":[{"@type":"ReadAction","target":["https:\/\/clinicajorgejaber.com.br\/novo\/curso-de-educacao-fisica-no-tratamento-da-dependencia\/"]}]},{"@type":"BreadcrumbList","@id":"https:\/\/clinicajorgejaber.com.br\/novo\/curso-de-educacao-fisica-no-tratamento-da-dependencia\/#breadcrumb","itemListElement":[{"@type":"ListItem","position":1,"name":"In\u00edcio","item":"https:\/\/clinicajorgejaber.com.br\/novo\/"},{"@type":"ListItem","position":2,"name":"Curso de Educa\u00e7\u00e3o F\u00edsica no Tratamento da Depend\u00eancia"}]},{"@type":"WebSite","@id":"https:\/\/clinicajorgejaber.com.br\/novo\/#website","url":"https:\/\/clinicajorgejaber.com.br\/novo\/","name":"Cl\u00ednica Jorge Jaber","description":"A Cl\u00ednica Jorge Jaber, filiada \u00e0 World Federation for Mental Health (WFMH), atua na preven\u00e7\u00e3o e tratamento da sa\u00fade mental","publisher":{"@id":"https:\/\/clinicajorgejaber.com.br\/novo\/#organization"},"potentialAction":[{"@type":"SearchAction","target":{"@type":"EntryPoint","urlTemplate":"https:\/\/clinicajorgejaber.com.br\/novo\/?s={search_term_string}"},"query-input":{"@type":"PropertyValueSpecification","valueRequired":true,"valueName":"search_term_string"}}],"inLanguage":"pt-BR"},{"@type":"Organization","@id":"https:\/\/clinicajorgejaber.com.br\/novo\/#organization","name":"Cl\u00ednica Jorge Jaber","url":"https:\/\/clinicajorgejaber.com.br\/novo\/","logo":{"@type":"ImageObject","inLanguage":"pt-BR","@id":"https:\/\/clinicajorgejaber.com.br\/novo\/#\/schema\/logo\/image\/","url":"https:\/\/clinicajorgejaber.com.br\/novo\/wp-content\/uploads\/2017\/04\/logo_nova_site.png","contentUrl":"https:\/\/clinicajorgejaber.com.br\/novo\/wp-content\/uploads\/2017\/04\/logo_nova_site.png","width":283,"height":100,"caption":"Cl\u00ednica Jorge Jaber"},"image":{"@id":"https:\/\/clinicajorgejaber.com.br\/novo\/#\/schema\/logo\/image\/"}}]}},"_links":{"self":[{"href":"https:\/\/clinicajorgejaber.com.br\/novo\/wp-json\/wp\/v2\/pages\/5485","targetHints":{"allow":["GET"]}}],"collection":[{"href":"https:\/\/clinicajorgejaber.com.br\/novo\/wp-json\/wp\/v2\/pages"}],"about":[{"href":"https:\/\/clinicajorgejaber.com.br\/novo\/wp-json\/wp\/v2\/types\/page"}],"author":[{"embeddable":true,"href":"https:\/\/clinicajorgejaber.com.br\/novo\/wp-json\/wp\/v2\/users\/1"}],"replies":[{"embeddable":true,"href":"https:\/\/clinicajorgejaber.com.br\/novo\/wp-json\/wp\/v2\/comments?post=5485"}],"version-history":[{"count":9,"href":"https:\/\/clinicajorgejaber.com.br\/novo\/wp-json\/wp\/v2\/pages\/5485\/revisions"}],"predecessor-version":[{"id":5567,"href":"https:\/\/clinicajorgejaber.com.br\/novo\/wp-json\/wp\/v2\/pages\/5485\/revisions\/5567"}],"wp:attachment":[{"href":"https:\/\/clinicajorgejaber.com.br\/novo\/wp-json\/wp\/v2\/media?parent=5485"}],"curies":[{"name":"wp","href":"https:\/\/api.w.org\/{rel}","templated":true}]}}