{"id":6786,"date":"2024-11-21T09:02:59","date_gmt":"2024-11-21T12:02:59","guid":{"rendered":"https:\/\/clinicajorgejaber.com.br\/novo\/?page_id=6786"},"modified":"2024-11-25T09:03:57","modified_gmt":"2024-11-25T12:03:57","slug":"livros","status":"publish","type":"page","link":"https:\/\/clinicajorgejaber.com.br\/novo\/livros\/","title":{"rendered":"Livros"},"content":{"rendered":"<p>A Cl\u00ednica Jorge Jaber possui uma s\u00e9rie de publica\u00e7\u00f5es, que podem ser conferidas abaixo.<\/p>\n<p>Caso tenha interesse na aquisi\u00e7\u00e3o de algum dos livros, basta encaminhar um e-mail para <a href=\"mailto:cr@clinjcajorgejaber.com.br\">cr@clinjcajorgejaber.com.br<\/a> e solicitar o seu exemplar.<\/p>\n<ul>\n<li><strong>SA\u00daDE MENTAL EM PAUTA<\/strong><\/li>\n<\/ul>\n<p><a href=\"https:\/\/clinicajorgejaber.com.br\/novo\/wp-content\/uploads\/2024\/11\/WhatsApp-Image-2024-11-21-at-08.41.15-1.jpeg\"><img fetchpriority=\"high\" decoding=\"async\" class=\"aligncenter size-medium wp-image-6788\" src=\"https:\/\/clinicajorgejaber.com.br\/novo\/wp-content\/uploads\/2024\/11\/WhatsApp-Image-2024-11-21-at-08.41.15-1-199x300.jpeg\" alt=\"\" width=\"199\" height=\"300\" srcset=\"https:\/\/clinicajorgejaber.com.br\/novo\/wp-content\/uploads\/2024\/11\/WhatsApp-Image-2024-11-21-at-08.41.15-1-199x300.jpeg 199w, https:\/\/clinicajorgejaber.com.br\/novo\/wp-content\/uploads\/2024\/11\/WhatsApp-Image-2024-11-21-at-08.41.15-1.jpeg 400w\" sizes=\"(max-width: 199px) 100vw, 199px\" \/><\/a><\/p>\n<p><strong>Sinopse<\/strong><\/p>\n<p>Um convite \u00e0 reflex\u00e3o sobre as crises que atingem a sociedade contempor\u00e2nea, suas consequ\u00eancias no comportamento da popula\u00e7\u00e3o e os preconceitos que sempre envolveram sua sa\u00fade mental.O psiquiatra Jorge Jaber aborda temas vistos com frequ\u00eancia em cl\u00ednicas psiqui\u00e1tricas nos \u00faltimos anos. Um per\u00edodo de pandemia, guerras, viol\u00eancia urbana e cat\u00e1strofes naturais&#8230; que geraram dores, d\u00favidas e desafios para a popula\u00e7\u00e3o. Ademais e tamb\u00e9m como consequ\u00eancia, males causados pelo alcoolismo e uso de drogas v\u00eam a reboque.Sa\u00fade mental em pauta trata de assuntos delicados e comuns \u00e0 sociedade contempor\u00e2nea. Jorge Jaber habilmente, com o objetivo de atingir o p\u00fablico em geral, traduz conceitos complexos em linguagem acess\u00edvel e \u201cdescomplicado\u201d.Este livro \u00e9 uma compila\u00e7\u00e3o de artigos assinados por Jaber e publicados pela imprensa. Cada artigo foi escolhido pelo pr\u00f3prio autor n\u00e3o apenas pela sua relev\u00e2ncia, mas tamb\u00e9m por sua capacidade de gerar reflexos positivos na vida daqueles que buscam entender, apoiar e melhorar tudo o que diz respeito \u00e0 sa\u00fade mental.<\/p>\n<p><strong>Dados<\/strong><\/p>\n<p>T\u00edtulo: Saude Mental Em Pauta: Uma Reflexao Sobre Diversos Temas Contemporaneos Que Afetam Diariamente A Sua Saude<br \/>\nISBN: 9786587041988<br \/>\nIdioma: Portugu\u00eas<br \/>\nEncaderna\u00e7\u00e3o: Brochura<br \/>\nFormato: 15,5 x 23 x 1<br \/>\nP\u00e1ginas: 160<br \/>\nAno copyright: 2024<br \/>\nAno de edi\u00e7\u00e3o: 2024<br \/>\nEdi\u00e7\u00e3o: 1\u00aa<br \/>\nAutor: Dr Jorge Jaber<\/p>\n<ul>\n<li><strong>ALCOOLISMO<\/strong><\/li>\n<\/ul>\n<p><a href=\"https:\/\/clinicajorgejaber.com.br\/novo\/wp-content\/uploads\/2024\/11\/WhatsApp-Image-2024-11-21-at-08.47.23.jpeg\"><img decoding=\"async\" class=\"aligncenter size-medium wp-image-6787\" src=\"https:\/\/clinicajorgejaber.com.br\/novo\/wp-content\/uploads\/2024\/11\/WhatsApp-Image-2024-11-21-at-08.47.23-209x300.jpeg\" alt=\"\" width=\"209\" height=\"300\" srcset=\"https:\/\/clinicajorgejaber.com.br\/novo\/wp-content\/uploads\/2024\/11\/WhatsApp-Image-2024-11-21-at-08.47.23-209x300.jpeg 209w, https:\/\/clinicajorgejaber.com.br\/novo\/wp-content\/uploads\/2024\/11\/WhatsApp-Image-2024-11-21-at-08.47.23.jpeg 698w\" sizes=\"(max-width: 209px) 100vw, 209px\" \/><\/a><\/p>\n<p><strong>Vis\u00e3o geral do livro<\/strong><\/p>\n<p>Entre outras formas de comprometimento da sa\u00fade mental, destaca-se o alcoolismo, como entidade patol\u00f3gica fortemente presente em nossa sociedade e, principalmente, em nossa pr\u00f3pria cl\u00ednica. Este livro, dedicado ao alco\u00f3latra que ainda sofre, constitui mais um elemento de a\u00e7\u00e3o no sentido de ensinar, prevenir, registrar os achados cient\u00edficos e melhorar o tratamento do alcoolismo, sendo, portanto, mais uma ferramenta no instrumental desenvolvido pela cl\u00ednica Jaber.<\/p>\n<p>Autores: Dr Jorge Jaber e Charles Andre<\/p>\n<p>&nbsp;<\/p>\n<p><em>O lucro gerado com a venda dos livros vai inteiramente para o Instituto Cultural Haroldo Britto de Jud\u00f4, na Rocinha e na Ch\u00e1cara do C\u00e9u.<\/em><\/p>\n","protected":false},"excerpt":{"rendered":"<p>A Cl\u00ednica Jorge Jaber possui uma s\u00e9rie de publica\u00e7\u00f5es, que podem ser conferidas abaixo. Caso tenha interesse na aquisi\u00e7\u00e3o de algum dos livros, basta encaminhar um e-mail para cr@clinjcajorgejaber.com.br e solicitar o seu exemplar. SA\u00daDE MENTAL EM PAUTA Sinopse Um<\/p>\n","protected":false},"author":1,"featured_media":0,"parent":0,"menu_order":0,"comment_status":"closed","ping_status":"closed","template":"","meta":{"footnotes":""},"class_list":["post-6786","page","type-page","status-publish","hentry"],"yoast_head":"<!-- This site is optimized with the Yoast SEO plugin v27.4 - https:\/\/yoast.com\/product\/yoast-seo-wordpress\/ -->\n<title>Livros - Cl\u00ednica Jorge Jaber<\/title>\n<meta name=\"robots\" content=\"index, follow, max-snippet:-1, max-image-preview:large, max-video-preview:-1\" \/>\n<link rel=\"canonical\" href=\"https:\/\/clinicajorgejaber.com.br\/novo\/livros\/\" \/>\n<meta property=\"og:locale\" content=\"pt_BR\" \/>\n<meta property=\"og:type\" content=\"article\" \/>\n<meta property=\"og:title\" content=\"Livros - Cl\u00ednica Jorge Jaber\" \/>\n<meta property=\"og:description\" content=\"A Cl\u00ednica Jorge Jaber possui uma s\u00e9rie de publica\u00e7\u00f5es, que podem ser conferidas abaixo. Caso tenha interesse na aquisi\u00e7\u00e3o de algum dos livros, basta encaminhar um e-mail para cr@clinjcajorgejaber.com.br e solicitar o seu exemplar. SA\u00daDE MENTAL EM PAUTA Sinopse Um\" \/>\n<meta property=\"og:url\" content=\"https:\/\/clinicajorgejaber.com.br\/novo\/livros\/\" \/>\n<meta property=\"og:site_name\" content=\"Cl\u00ednica Jorge Jaber\" \/>\n<meta property=\"article:modified_time\" content=\"2024-11-25T12:03:57+00:00\" \/>\n<meta property=\"og:image\" content=\"https:\/\/clinicajorgejaber.com.br\/novo\/wp-content\/uploads\/2024\/11\/WhatsApp-Image-2024-11-21-at-08.41.15-1-199x300.jpeg\" \/>\n<meta name=\"twitter:card\" content=\"summary_large_image\" \/>\n<meta name=\"twitter:label1\" content=\"Est. tempo de leitura\" \/>\n\t<meta name=\"twitter:data1\" content=\"3 minutos\" \/>\n<script type=\"application\/ld+json\" class=\"yoast-schema-graph\">{\"@context\":\"https:\\\/\\\/schema.org\",\"@graph\":[{\"@type\":\"WebPage\",\"@id\":\"https:\\\/\\\/clinicajorgejaber.com.br\\\/novo\\\/livros\\\/\",\"url\":\"https:\\\/\\\/clinicajorgejaber.com.br\\\/novo\\\/livros\\\/\",\"name\":\"Livros - Cl\u00ednica Jorge Jaber\",\"isPartOf\":{\"@id\":\"https:\\\/\\\/clinicajorgejaber.com.br\\\/novo\\\/#website\"},\"primaryImageOfPage\":{\"@id\":\"https:\\\/\\\/clinicajorgejaber.com.br\\\/novo\\\/livros\\\/#primaryimage\"},\"image\":{\"@id\":\"https:\\\/\\\/clinicajorgejaber.com.br\\\/novo\\\/livros\\\/#primaryimage\"},\"thumbnailUrl\":\"https:\\\/\\\/clinicajorgejaber.com.br\\\/novo\\\/wp-content\\\/uploads\\\/2024\\\/11\\\/WhatsApp-Image-2024-11-21-at-08.41.15-1-199x300.jpeg\",\"datePublished\":\"2024-11-21T12:02:59+00:00\",\"dateModified\":\"2024-11-25T12:03:57+00:00\",\"breadcrumb\":{\"@id\":\"https:\\\/\\\/clinicajorgejaber.com.br\\\/novo\\\/livros\\\/#breadcrumb\"},\"inLanguage\":\"pt-BR\",\"potentialAction\":[{\"@type\":\"ReadAction\",\"target\":[\"https:\\\/\\\/clinicajorgejaber.com.br\\\/novo\\\/livros\\\/\"]}]},{\"@type\":\"ImageObject\",\"inLanguage\":\"pt-BR\",\"@id\":\"https:\\\/\\\/clinicajorgejaber.com.br\\\/novo\\\/livros\\\/#primaryimage\",\"url\":\"https:\\\/\\\/clinicajorgejaber.com.br\\\/novo\\\/wp-content\\\/uploads\\\/2024\\\/11\\\/WhatsApp-Image-2024-11-21-at-08.41.15-1.jpeg\",\"contentUrl\":\"https:\\\/\\\/clinicajorgejaber.com.br\\\/novo\\\/wp-content\\\/uploads\\\/2024\\\/11\\\/WhatsApp-Image-2024-11-21-at-08.41.15-1.jpeg\",\"width\":400,\"height\":604},{\"@type\":\"BreadcrumbList\",\"@id\":\"https:\\\/\\\/clinicajorgejaber.com.br\\\/novo\\\/livros\\\/#breadcrumb\",\"itemListElement\":[{\"@type\":\"ListItem\",\"position\":1,\"name\":\"In\u00edcio\",\"item\":\"https:\\\/\\\/clinicajorgejaber.com.br\\\/novo\\\/\"},{\"@type\":\"ListItem\",\"position\":2,\"name\":\"Livros\"}]},{\"@type\":\"WebSite\",\"@id\":\"https:\\\/\\\/clinicajorgejaber.com.br\\\/novo\\\/#website\",\"url\":\"https:\\\/\\\/clinicajorgejaber.com.br\\\/novo\\\/\",\"name\":\"Cl\u00ednica Jorge Jaber\",\"description\":\"A Cl\u00ednica Jorge Jaber, filiada \u00e0 World Federation for Mental Health (WFMH), atua na preven\u00e7\u00e3o e tratamento da sa\u00fade mental\",\"publisher\":{\"@id\":\"https:\\\/\\\/clinicajorgejaber.com.br\\\/novo\\\/#organization\"},\"potentialAction\":[{\"@type\":\"SearchAction\",\"target\":{\"@type\":\"EntryPoint\",\"urlTemplate\":\"https:\\\/\\\/clinicajorgejaber.com.br\\\/novo\\\/?s={search_term_string}\"},\"query-input\":{\"@type\":\"PropertyValueSpecification\",\"valueRequired\":true,\"valueName\":\"search_term_string\"}}],\"inLanguage\":\"pt-BR\"},{\"@type\":\"Organization\",\"@id\":\"https:\\\/\\\/clinicajorgejaber.com.br\\\/novo\\\/#organization\",\"name\":\"Cl\u00ednica Jorge Jaber\",\"url\":\"https:\\\/\\\/clinicajorgejaber.com.br\\\/novo\\\/\",\"logo\":{\"@type\":\"ImageObject\",\"inLanguage\":\"pt-BR\",\"@id\":\"https:\\\/\\\/clinicajorgejaber.com.br\\\/novo\\\/#\\\/schema\\\/logo\\\/image\\\/\",\"url\":\"https:\\\/\\\/clinicajorgejaber.com.br\\\/novo\\\/wp-content\\\/uploads\\\/2017\\\/04\\\/logo_nova_site.png\",\"contentUrl\":\"https:\\\/\\\/clinicajorgejaber.com.br\\\/novo\\\/wp-content\\\/uploads\\\/2017\\\/04\\\/logo_nova_site.png\",\"width\":283,\"height\":100,\"caption\":\"Cl\u00ednica Jorge Jaber\"},\"image\":{\"@id\":\"https:\\\/\\\/clinicajorgejaber.com.br\\\/novo\\\/#\\\/schema\\\/logo\\\/image\\\/\"}}]}<\/script>\n<!-- \/ Yoast SEO plugin. -->","yoast_head_json":{"title":"Livros - Cl\u00ednica Jorge Jaber","robots":{"index":"index","follow":"follow","max-snippet":"max-snippet:-1","max-image-preview":"max-image-preview:large","max-video-preview":"max-video-preview:-1"},"canonical":"https:\/\/clinicajorgejaber.com.br\/novo\/livros\/","og_locale":"pt_BR","og_type":"article","og_title":"Livros - Cl\u00ednica Jorge Jaber","og_description":"A Cl\u00ednica Jorge Jaber possui uma s\u00e9rie de publica\u00e7\u00f5es, que podem ser conferidas abaixo. Caso tenha interesse na aquisi\u00e7\u00e3o de algum dos livros, basta encaminhar um e-mail para cr@clinjcajorgejaber.com.br e solicitar o seu exemplar. SA\u00daDE MENTAL EM PAUTA Sinopse Um","og_url":"https:\/\/clinicajorgejaber.com.br\/novo\/livros\/","og_site_name":"Cl\u00ednica Jorge Jaber","article_modified_time":"2024-11-25T12:03:57+00:00","og_image":[{"url":"https:\/\/clinicajorgejaber.com.br\/novo\/wp-content\/uploads\/2024\/11\/WhatsApp-Image-2024-11-21-at-08.41.15-1-199x300.jpeg","type":"","width":"","height":""}],"twitter_card":"summary_large_image","twitter_misc":{"Est. tempo de leitura":"3 minutos"},"schema":{"@context":"https:\/\/schema.org","@graph":[{"@type":"WebPage","@id":"https:\/\/clinicajorgejaber.com.br\/novo\/livros\/","url":"https:\/\/clinicajorgejaber.com.br\/novo\/livros\/","name":"Livros - Cl\u00ednica Jorge Jaber","isPartOf":{"@id":"https:\/\/clinicajorgejaber.com.br\/novo\/#website"},"primaryImageOfPage":{"@id":"https:\/\/clinicajorgejaber.com.br\/novo\/livros\/#primaryimage"},"image":{"@id":"https:\/\/clinicajorgejaber.com.br\/novo\/livros\/#primaryimage"},"thumbnailUrl":"https:\/\/clinicajorgejaber.com.br\/novo\/wp-content\/uploads\/2024\/11\/WhatsApp-Image-2024-11-21-at-08.41.15-1-199x300.jpeg","datePublished":"2024-11-21T12:02:59+00:00","dateModified":"2024-11-25T12:03:57+00:00","breadcrumb":{"@id":"https:\/\/clinicajorgejaber.com.br\/novo\/livros\/#breadcrumb"},"inLanguage":"pt-BR","potentialAction":[{"@type":"ReadAction","target":["https:\/\/clinicajorgejaber.com.br\/novo\/livros\/"]}]},{"@type":"ImageObject","inLanguage":"pt-BR","@id":"https:\/\/clinicajorgejaber.com.br\/novo\/livros\/#primaryimage","url":"https:\/\/clinicajorgejaber.com.br\/novo\/wp-content\/uploads\/2024\/11\/WhatsApp-Image-2024-11-21-at-08.41.15-1.jpeg","contentUrl":"https:\/\/clinicajorgejaber.com.br\/novo\/wp-content\/uploads\/2024\/11\/WhatsApp-Image-2024-11-21-at-08.41.15-1.jpeg","width":400,"height":604},{"@type":"BreadcrumbList","@id":"https:\/\/clinicajorgejaber.com.br\/novo\/livros\/#breadcrumb","itemListElement":[{"@type":"ListItem","position":1,"name":"In\u00edcio","item":"https:\/\/clinicajorgejaber.com.br\/novo\/"},{"@type":"ListItem","position":2,"name":"Livros"}]},{"@type":"WebSite","@id":"https:\/\/clinicajorgejaber.com.br\/novo\/#website","url":"https:\/\/clinicajorgejaber.com.br\/novo\/","name":"Cl\u00ednica Jorge Jaber","description":"A Cl\u00ednica Jorge Jaber, filiada \u00e0 World Federation for Mental Health (WFMH), atua na preven\u00e7\u00e3o e tratamento da sa\u00fade mental","publisher":{"@id":"https:\/\/clinicajorgejaber.com.br\/novo\/#organization"},"potentialAction":[{"@type":"SearchAction","target":{"@type":"EntryPoint","urlTemplate":"https:\/\/clinicajorgejaber.com.br\/novo\/?s={search_term_string}"},"query-input":{"@type":"PropertyValueSpecification","valueRequired":true,"valueName":"search_term_string"}}],"inLanguage":"pt-BR"},{"@type":"Organization","@id":"https:\/\/clinicajorgejaber.com.br\/novo\/#organization","name":"Cl\u00ednica Jorge Jaber","url":"https:\/\/clinicajorgejaber.com.br\/novo\/","logo":{"@type":"ImageObject","inLanguage":"pt-BR","@id":"https:\/\/clinicajorgejaber.com.br\/novo\/#\/schema\/logo\/image\/","url":"https:\/\/clinicajorgejaber.com.br\/novo\/wp-content\/uploads\/2017\/04\/logo_nova_site.png","contentUrl":"https:\/\/clinicajorgejaber.com.br\/novo\/wp-content\/uploads\/2017\/04\/logo_nova_site.png","width":283,"height":100,"caption":"Cl\u00ednica Jorge Jaber"},"image":{"@id":"https:\/\/clinicajorgejaber.com.br\/novo\/#\/schema\/logo\/image\/"}}]}},"_links":{"self":[{"href":"https:\/\/clinicajorgejaber.com.br\/novo\/wp-json\/wp\/v2\/pages\/6786","targetHints":{"allow":["GET"]}}],"collection":[{"href":"https:\/\/clinicajorgejaber.com.br\/novo\/wp-json\/wp\/v2\/pages"}],"about":[{"href":"https:\/\/clinicajorgejaber.com.br\/novo\/wp-json\/wp\/v2\/types\/page"}],"author":[{"embeddable":true,"href":"https:\/\/clinicajorgejaber.com.br\/novo\/wp-json\/wp\/v2\/users\/1"}],"replies":[{"embeddable":true,"href":"https:\/\/clinicajorgejaber.com.br\/novo\/wp-json\/wp\/v2\/comments?post=6786"}],"version-history":[{"count":3,"href":"https:\/\/clinicajorgejaber.com.br\/novo\/wp-json\/wp\/v2\/pages\/6786\/revisions"}],"predecessor-version":[{"id":6795,"href":"https:\/\/clinicajorgejaber.com.br\/novo\/wp-json\/wp\/v2\/pages\/6786\/revisions\/6795"}],"wp:attachment":[{"href":"https:\/\/clinicajorgejaber.com.br\/novo\/wp-json\/wp\/v2\/media?parent=6786"}],"curies":[{"name":"wp","href":"https:\/\/api.w.org\/{rel}","templated":true}]}}