{"id":70,"date":"2015-04-23T09:40:54","date_gmt":"2015-04-23T12:40:54","guid":{"rendered":"http:\/\/clinicajorgejaber.com.br\/novo\/?page_id=70"},"modified":"2024-06-03T09:17:35","modified_gmt":"2024-06-03T12:17:35","slug":"saiba-como-chegar","status":"publish","type":"page","link":"https:\/\/clinicajorgejaber.com.br\/novo\/fale-conosco\/saiba-como-chegar\/","title":{"rendered":"Onde estamos"},"content":{"rendered":"<p><strong>CENTRO DE RECUPERA\u00c7\u00c3O<\/strong><\/p>\n<p>Rua El\u00edsio de Ara\u00fajo, 263, Vargem Pequena, Rio de Janeiro, RJ. CEP 22763-360<br \/>\nTELS: (21) 2442 4354 | 2442 2230 | 2442 2583 |\u00a02529 8585 | 2540 9091<\/p>\n<p><strong>WHATSAPP<\/strong>:\u00a0<a href=\"http:\/\/api.whatsapp.com\/send?1=pt_BR&amp;phone=5521991073875\">(21) 99107-3875<\/a><\/p>\n<p style=\"text-align: center;\"><iframe style=\"border: 0;\" src=\"https:\/\/www.google.com\/maps\/embed?pb=!1m14!1m8!1m3!1d29384.799337709606!2d-43.459071!3d-22.983353!3m2!1i1024!2i768!4f13.1!3m3!1m2!1s0x9bdd09f027467f%3A0x66d01c1f1bd917cd!2sR.+El%C3%ADsio+de+Ara%C3%BAjo%2C+263+-+Vargem+Pequena%2C+Rio+de+Janeiro+-+RJ%2C+22783-415%2C+Brasil!5e0!3m2!1spt-PT!2sus!4v1492120354000\" width=\"600\" height=\"300\" frameborder=\"0\" allowfullscreen=\"allowfullscreen\"><\/iframe><\/p>\n","protected":false},"excerpt":{"rendered":"<p>CENTRO DE RECUPERA\u00c7\u00c3O Rua El\u00edsio de Ara\u00fajo, 263, Vargem Pequena, Rio de Janeiro, RJ. CEP 22763-360 TELS: (21) 2442 4354 | 2442 2230 | 2442 2583 |\u00a02529 8585 | 2540 9091 WHATSAPP:\u00a0(21) 99107-3875<\/p>\n","protected":false},"author":1,"featured_media":0,"parent":34,"menu_order":0,"comment_status":"closed","ping_status":"closed","template":"","meta":{"footnotes":""},"class_list":["post-70","page","type-page","status-publish","hentry"],"yoast_head":"<!-- This site is optimized with the Yoast SEO plugin v27.4 - https:\/\/yoast.com\/product\/yoast-seo-wordpress\/ -->\n<title>Onde estamos - Cl\u00ednica Jorge Jaber<\/title>\n<meta name=\"robots\" content=\"index, follow, max-snippet:-1, max-image-preview:large, max-video-preview:-1\" \/>\n<link rel=\"canonical\" href=\"https:\/\/clinicajorgejaber.com.br\/novo\/fale-conosco\/saiba-como-chegar\/\" \/>\n<meta property=\"og:locale\" content=\"pt_BR\" \/>\n<meta property=\"og:type\" content=\"article\" \/>\n<meta property=\"og:title\" content=\"Onde estamos - Cl\u00ednica Jorge Jaber\" \/>\n<meta property=\"og:description\" content=\"CENTRO DE RECUPERA\u00c7\u00c3O Rua El\u00edsio de Ara\u00fajo, 263, Vargem Pequena, Rio de Janeiro, RJ. CEP 22763-360 TELS: (21) 2442 4354 | 2442 2230 | 2442 2583 |\u00a02529 8585 | 2540 9091 WHATSAPP:\u00a0(21) 99107-3875\" \/>\n<meta property=\"og:url\" content=\"https:\/\/clinicajorgejaber.com.br\/novo\/fale-conosco\/saiba-como-chegar\/\" \/>\n<meta property=\"og:site_name\" content=\"Cl\u00ednica Jorge Jaber\" \/>\n<meta property=\"article:modified_time\" content=\"2024-06-03T12:17:35+00:00\" \/>\n<meta name=\"twitter:card\" content=\"summary_large_image\" \/>\n<meta name=\"twitter:label1\" content=\"Est. tempo de leitura\" \/>\n\t<meta name=\"twitter:data1\" content=\"1 minuto\" \/>\n<script type=\"application\/ld+json\" class=\"yoast-schema-graph\">{\"@context\":\"https:\\\/\\\/schema.org\",\"@graph\":[{\"@type\":\"WebPage\",\"@id\":\"https:\\\/\\\/clinicajorgejaber.com.br\\\/novo\\\/fale-conosco\\\/saiba-como-chegar\\\/\",\"url\":\"https:\\\/\\\/clinicajorgejaber.com.br\\\/novo\\\/fale-conosco\\\/saiba-como-chegar\\\/\",\"name\":\"Onde estamos - Cl\u00ednica Jorge Jaber\",\"isPartOf\":{\"@id\":\"https:\\\/\\\/clinicajorgejaber.com.br\\\/novo\\\/#website\"},\"datePublished\":\"2015-04-23T12:40:54+00:00\",\"dateModified\":\"2024-06-03T12:17:35+00:00\",\"breadcrumb\":{\"@id\":\"https:\\\/\\\/clinicajorgejaber.com.br\\\/novo\\\/fale-conosco\\\/saiba-como-chegar\\\/#breadcrumb\"},\"inLanguage\":\"pt-BR\",\"potentialAction\":[{\"@type\":\"ReadAction\",\"target\":[\"https:\\\/\\\/clinicajorgejaber.com.br\\\/novo\\\/fale-conosco\\\/saiba-como-chegar\\\/\"]}]},{\"@type\":\"BreadcrumbList\",\"@id\":\"https:\\\/\\\/clinicajorgejaber.com.br\\\/novo\\\/fale-conosco\\\/saiba-como-chegar\\\/#breadcrumb\",\"itemListElement\":[{\"@type\":\"ListItem\",\"position\":1,\"name\":\"In\u00edcio\",\"item\":\"https:\\\/\\\/clinicajorgejaber.com.br\\\/novo\\\/\"},{\"@type\":\"ListItem\",\"position\":2,\"name\":\"Fale conosco\",\"item\":\"https:\\\/\\\/clinicajorgejaber.com.br\\\/novo\\\/fale-conosco\\\/\"},{\"@type\":\"ListItem\",\"position\":3,\"name\":\"Onde estamos\"}]},{\"@type\":\"WebSite\",\"@id\":\"https:\\\/\\\/clinicajorgejaber.com.br\\\/novo\\\/#website\",\"url\":\"https:\\\/\\\/clinicajorgejaber.com.br\\\/novo\\\/\",\"name\":\"Cl\u00ednica Jorge Jaber\",\"description\":\"A Cl\u00ednica Jorge Jaber, filiada \u00e0 World Federation for Mental Health (WFMH), atua na preven\u00e7\u00e3o e tratamento da sa\u00fade mental\",\"publisher\":{\"@id\":\"https:\\\/\\\/clinicajorgejaber.com.br\\\/novo\\\/#organization\"},\"potentialAction\":[{\"@type\":\"SearchAction\",\"target\":{\"@type\":\"EntryPoint\",\"urlTemplate\":\"https:\\\/\\\/clinicajorgejaber.com.br\\\/novo\\\/?s={search_term_string}\"},\"query-input\":{\"@type\":\"PropertyValueSpecification\",\"valueRequired\":true,\"valueName\":\"search_term_string\"}}],\"inLanguage\":\"pt-BR\"},{\"@type\":\"Organization\",\"@id\":\"https:\\\/\\\/clinicajorgejaber.com.br\\\/novo\\\/#organization\",\"name\":\"Cl\u00ednica Jorge Jaber\",\"url\":\"https:\\\/\\\/clinicajorgejaber.com.br\\\/novo\\\/\",\"logo\":{\"@type\":\"ImageObject\",\"inLanguage\":\"pt-BR\",\"@id\":\"https:\\\/\\\/clinicajorgejaber.com.br\\\/novo\\\/#\\\/schema\\\/logo\\\/image\\\/\",\"url\":\"https:\\\/\\\/clinicajorgejaber.com.br\\\/novo\\\/wp-content\\\/uploads\\\/2017\\\/04\\\/logo_nova_site.png\",\"contentUrl\":\"https:\\\/\\\/clinicajorgejaber.com.br\\\/novo\\\/wp-content\\\/uploads\\\/2017\\\/04\\\/logo_nova_site.png\",\"width\":283,\"height\":100,\"caption\":\"Cl\u00ednica Jorge Jaber\"},\"image\":{\"@id\":\"https:\\\/\\\/clinicajorgejaber.com.br\\\/novo\\\/#\\\/schema\\\/logo\\\/image\\\/\"}}]}<\/script>\n<!-- \/ Yoast SEO plugin. -->","yoast_head_json":{"title":"Onde estamos - Cl\u00ednica Jorge Jaber","robots":{"index":"index","follow":"follow","max-snippet":"max-snippet:-1","max-image-preview":"max-image-preview:large","max-video-preview":"max-video-preview:-1"},"canonical":"https:\/\/clinicajorgejaber.com.br\/novo\/fale-conosco\/saiba-como-chegar\/","og_locale":"pt_BR","og_type":"article","og_title":"Onde estamos - Cl\u00ednica Jorge Jaber","og_description":"CENTRO DE RECUPERA\u00c7\u00c3O Rua El\u00edsio de Ara\u00fajo, 263, Vargem Pequena, Rio de Janeiro, RJ. CEP 22763-360 TELS: (21) 2442 4354 | 2442 2230 | 2442 2583 |\u00a02529 8585 | 2540 9091 WHATSAPP:\u00a0(21) 99107-3875","og_url":"https:\/\/clinicajorgejaber.com.br\/novo\/fale-conosco\/saiba-como-chegar\/","og_site_name":"Cl\u00ednica Jorge Jaber","article_modified_time":"2024-06-03T12:17:35+00:00","twitter_card":"summary_large_image","twitter_misc":{"Est. tempo de leitura":"1 minuto"},"schema":{"@context":"https:\/\/schema.org","@graph":[{"@type":"WebPage","@id":"https:\/\/clinicajorgejaber.com.br\/novo\/fale-conosco\/saiba-como-chegar\/","url":"https:\/\/clinicajorgejaber.com.br\/novo\/fale-conosco\/saiba-como-chegar\/","name":"Onde estamos - Cl\u00ednica Jorge Jaber","isPartOf":{"@id":"https:\/\/clinicajorgejaber.com.br\/novo\/#website"},"datePublished":"2015-04-23T12:40:54+00:00","dateModified":"2024-06-03T12:17:35+00:00","breadcrumb":{"@id":"https:\/\/clinicajorgejaber.com.br\/novo\/fale-conosco\/saiba-como-chegar\/#breadcrumb"},"inLanguage":"pt-BR","potentialAction":[{"@type":"ReadAction","target":["https:\/\/clinicajorgejaber.com.br\/novo\/fale-conosco\/saiba-como-chegar\/"]}]},{"@type":"BreadcrumbList","@id":"https:\/\/clinicajorgejaber.com.br\/novo\/fale-conosco\/saiba-como-chegar\/#breadcrumb","itemListElement":[{"@type":"ListItem","position":1,"name":"In\u00edcio","item":"https:\/\/clinicajorgejaber.com.br\/novo\/"},{"@type":"ListItem","position":2,"name":"Fale conosco","item":"https:\/\/clinicajorgejaber.com.br\/novo\/fale-conosco\/"},{"@type":"ListItem","position":3,"name":"Onde estamos"}]},{"@type":"WebSite","@id":"https:\/\/clinicajorgejaber.com.br\/novo\/#website","url":"https:\/\/clinicajorgejaber.com.br\/novo\/","name":"Cl\u00ednica Jorge Jaber","description":"A Cl\u00ednica Jorge Jaber, filiada \u00e0 World Federation for Mental Health (WFMH), atua na preven\u00e7\u00e3o e tratamento da sa\u00fade mental","publisher":{"@id":"https:\/\/clinicajorgejaber.com.br\/novo\/#organization"},"potentialAction":[{"@type":"SearchAction","target":{"@type":"EntryPoint","urlTemplate":"https:\/\/clinicajorgejaber.com.br\/novo\/?s={search_term_string}"},"query-input":{"@type":"PropertyValueSpecification","valueRequired":true,"valueName":"search_term_string"}}],"inLanguage":"pt-BR"},{"@type":"Organization","@id":"https:\/\/clinicajorgejaber.com.br\/novo\/#organization","name":"Cl\u00ednica Jorge Jaber","url":"https:\/\/clinicajorgejaber.com.br\/novo\/","logo":{"@type":"ImageObject","inLanguage":"pt-BR","@id":"https:\/\/clinicajorgejaber.com.br\/novo\/#\/schema\/logo\/image\/","url":"https:\/\/clinicajorgejaber.com.br\/novo\/wp-content\/uploads\/2017\/04\/logo_nova_site.png","contentUrl":"https:\/\/clinicajorgejaber.com.br\/novo\/wp-content\/uploads\/2017\/04\/logo_nova_site.png","width":283,"height":100,"caption":"Cl\u00ednica Jorge Jaber"},"image":{"@id":"https:\/\/clinicajorgejaber.com.br\/novo\/#\/schema\/logo\/image\/"}}]}},"_links":{"self":[{"href":"https:\/\/clinicajorgejaber.com.br\/novo\/wp-json\/wp\/v2\/pages\/70","targetHints":{"allow":["GET"]}}],"collection":[{"href":"https:\/\/clinicajorgejaber.com.br\/novo\/wp-json\/wp\/v2\/pages"}],"about":[{"href":"https:\/\/clinicajorgejaber.com.br\/novo\/wp-json\/wp\/v2\/types\/page"}],"author":[{"embeddable":true,"href":"https:\/\/clinicajorgejaber.com.br\/novo\/wp-json\/wp\/v2\/users\/1"}],"replies":[{"embeddable":true,"href":"https:\/\/clinicajorgejaber.com.br\/novo\/wp-json\/wp\/v2\/comments?post=70"}],"version-history":[{"count":10,"href":"https:\/\/clinicajorgejaber.com.br\/novo\/wp-json\/wp\/v2\/pages\/70\/revisions"}],"predecessor-version":[{"id":6404,"href":"https:\/\/clinicajorgejaber.com.br\/novo\/wp-json\/wp\/v2\/pages\/70\/revisions\/6404"}],"up":[{"embeddable":true,"href":"https:\/\/clinicajorgejaber.com.br\/novo\/wp-json\/wp\/v2\/pages\/34"}],"wp:attachment":[{"href":"https:\/\/clinicajorgejaber.com.br\/novo\/wp-json\/wp\/v2\/media?parent=70"}],"curies":[{"name":"wp","href":"https:\/\/api.w.org\/{rel}","templated":true}]}}