{"id":703,"date":"2017-04-28T10:44:07","date_gmt":"2017-04-28T13:44:07","guid":{"rendered":"http:\/\/clinicajorgejaber.com.br\/novo\/?page_id=703"},"modified":"2024-08-23T11:09:44","modified_gmt":"2024-08-23T14:09:44","slug":"equipe","status":"publish","type":"page","link":"https:\/\/clinicajorgejaber.com.br\/novo\/a-clinica\/equipe\/","title":{"rendered":"Equipe"},"content":{"rendered":"<p><strong><img decoding=\"async\" class=\"alignleft wp-image-4419\" src=\"https:\/\/clinicajorgejaber.com.br\/novo\/wp-content\/uploads\/2020\/11\/jorgejaber-252x300.jpeg\" alt=\"\" width=\"192\" height=\"229\" srcset=\"https:\/\/clinicajorgejaber.com.br\/novo\/wp-content\/uploads\/2020\/11\/jorgejaber-252x300.jpeg 252w, https:\/\/clinicajorgejaber.com.br\/novo\/wp-content\/uploads\/2020\/11\/jorgejaber-859x1024.jpeg 859w, https:\/\/clinicajorgejaber.com.br\/novo\/wp-content\/uploads\/2020\/11\/jorgejaber-768x915.jpeg 768w, https:\/\/clinicajorgejaber.com.br\/novo\/wp-content\/uploads\/2020\/11\/jorgejaber-1007x1200.jpeg 1007w, https:\/\/clinicajorgejaber.com.br\/novo\/wp-content\/uploads\/2020\/11\/jorgejaber.jpeg 1074w\" sizes=\"(max-width: 192px) 100vw, 192px\" \/>DR. JORGE JABER<\/strong> Diretor presidente<\/p>\n<p>Psiquiatra, formado em Medicina pela Universidade do Estado do Rio de Janeiro (UERJ) com MBA em Medicina pela Funda\u00e7\u00e3o Get\u00falio Vargas. Diretor-t\u00e9cnico da Cl\u00ednica Jorge Jaber,\u00a0Membro Fundador e Associado da International Society of Addiction Medicine,\u00a0Membro do Conselho Administrativo da\u00a0Association of Psychiatric Administrators &#8211; AAP, associado da\u00a0New York Academy Of Sciences, associado da\u00a0American Psychiatric Associations &#8211; APA, associado da\u00a0World Federation Against Drugs &#8211; WFAD,\u00a0Fundador da banda carnavalesca \u201cAlegria Sem Ressaca\u201d.<\/p>\n<p>&nbsp;<\/p>\n<p>&nbsp;<\/p>\n<p><strong>EQUIPE<\/strong><\/p>\n<p><img fetchpriority=\"high\" decoding=\"async\" class=\"alignleft size-large wp-image-5611\" src=\"https:\/\/clinicajorgejaber.com.br\/novo\/wp-content\/uploads\/2022\/09\/thiago_site.png\" alt=\"\" width=\"200\" height=\"300\" \/> <img decoding=\"async\" class=\"alignleft size-large wp-image-5608\" src=\"https:\/\/clinicajorgejaber.com.br\/novo\/wp-content\/uploads\/2022\/09\/paula_site.png\" alt=\"\" width=\"200\" height=\"300\" \/><\/p>\n","protected":false},"excerpt":{"rendered":"<p>DR. JORGE JABER Diretor presidente Psiquiatra, formado em Medicina pela Universidade do Estado do Rio de Janeiro (UERJ) com MBA em Medicina pela Funda\u00e7\u00e3o Get\u00falio Vargas. Diretor-t\u00e9cnico da Cl\u00ednica Jorge Jaber,\u00a0Membro Fundador e Associado da International Society of Addiction Medicine,\u00a0Membro<\/p>\n","protected":false},"author":1,"featured_media":0,"parent":15,"menu_order":0,"comment_status":"closed","ping_status":"closed","template":"","meta":{"footnotes":""},"class_list":["post-703","page","type-page","status-publish","hentry"],"yoast_head":"<!-- This site is optimized with the Yoast SEO plugin v27.4 - https:\/\/yoast.com\/product\/yoast-seo-wordpress\/ -->\n<title>Equipe - Cl\u00ednica Jorge Jaber<\/title>\n<meta name=\"robots\" content=\"index, follow, max-snippet:-1, max-image-preview:large, max-video-preview:-1\" \/>\n<link rel=\"canonical\" href=\"https:\/\/clinicajorgejaber.com.br\/novo\/a-clinica\/equipe\/\" \/>\n<meta property=\"og:locale\" content=\"pt_BR\" \/>\n<meta property=\"og:type\" content=\"article\" \/>\n<meta property=\"og:title\" content=\"Equipe - Cl\u00ednica Jorge Jaber\" \/>\n<meta property=\"og:description\" content=\"DR. JORGE JABER Diretor presidente Psiquiatra, formado em Medicina pela Universidade do Estado do Rio de Janeiro (UERJ) com MBA em Medicina pela Funda\u00e7\u00e3o Get\u00falio Vargas. Diretor-t\u00e9cnico da Cl\u00ednica Jorge Jaber,\u00a0Membro Fundador e Associado da International Society of Addiction Medicine,\u00a0Membro\" \/>\n<meta property=\"og:url\" content=\"https:\/\/clinicajorgejaber.com.br\/novo\/a-clinica\/equipe\/\" \/>\n<meta property=\"og:site_name\" content=\"Cl\u00ednica Jorge Jaber\" \/>\n<meta property=\"article:modified_time\" content=\"2024-08-23T14:09:44+00:00\" \/>\n<meta property=\"og:image\" content=\"https:\/\/clinicajorgejaber.com.br\/novo\/wp-content\/uploads\/2020\/11\/jorgejaber-252x300.jpeg\" \/>\n<meta name=\"twitter:card\" content=\"summary_large_image\" \/>\n<meta name=\"twitter:label1\" content=\"Est. tempo de leitura\" \/>\n\t<meta name=\"twitter:data1\" content=\"2 minutos\" \/>\n<script type=\"application\/ld+json\" class=\"yoast-schema-graph\">{\"@context\":\"https:\\\/\\\/schema.org\",\"@graph\":[{\"@type\":\"WebPage\",\"@id\":\"https:\\\/\\\/clinicajorgejaber.com.br\\\/novo\\\/a-clinica\\\/equipe\\\/\",\"url\":\"https:\\\/\\\/clinicajorgejaber.com.br\\\/novo\\\/a-clinica\\\/equipe\\\/\",\"name\":\"Equipe - Cl\u00ednica Jorge Jaber\",\"isPartOf\":{\"@id\":\"https:\\\/\\\/clinicajorgejaber.com.br\\\/novo\\\/#website\"},\"primaryImageOfPage\":{\"@id\":\"https:\\\/\\\/clinicajorgejaber.com.br\\\/novo\\\/a-clinica\\\/equipe\\\/#primaryimage\"},\"image\":{\"@id\":\"https:\\\/\\\/clinicajorgejaber.com.br\\\/novo\\\/a-clinica\\\/equipe\\\/#primaryimage\"},\"thumbnailUrl\":\"https:\\\/\\\/clinicajorgejaber.com.br\\\/novo\\\/wp-content\\\/uploads\\\/2020\\\/11\\\/jorgejaber-252x300.jpeg\",\"datePublished\":\"2017-04-28T13:44:07+00:00\",\"dateModified\":\"2024-08-23T14:09:44+00:00\",\"breadcrumb\":{\"@id\":\"https:\\\/\\\/clinicajorgejaber.com.br\\\/novo\\\/a-clinica\\\/equipe\\\/#breadcrumb\"},\"inLanguage\":\"pt-BR\",\"potentialAction\":[{\"@type\":\"ReadAction\",\"target\":[\"https:\\\/\\\/clinicajorgejaber.com.br\\\/novo\\\/a-clinica\\\/equipe\\\/\"]}]},{\"@type\":\"ImageObject\",\"inLanguage\":\"pt-BR\",\"@id\":\"https:\\\/\\\/clinicajorgejaber.com.br\\\/novo\\\/a-clinica\\\/equipe\\\/#primaryimage\",\"url\":\"https:\\\/\\\/clinicajorgejaber.com.br\\\/novo\\\/wp-content\\\/uploads\\\/2020\\\/11\\\/jorgejaber.jpeg\",\"contentUrl\":\"https:\\\/\\\/clinicajorgejaber.com.br\\\/novo\\\/wp-content\\\/uploads\\\/2020\\\/11\\\/jorgejaber.jpeg\",\"width\":1074,\"height\":1280},{\"@type\":\"BreadcrumbList\",\"@id\":\"https:\\\/\\\/clinicajorgejaber.com.br\\\/novo\\\/a-clinica\\\/equipe\\\/#breadcrumb\",\"itemListElement\":[{\"@type\":\"ListItem\",\"position\":1,\"name\":\"In\u00edcio\",\"item\":\"https:\\\/\\\/clinicajorgejaber.com.br\\\/novo\\\/\"},{\"@type\":\"ListItem\",\"position\":2,\"name\":\"A Cl\u00ednica Jorge Jaber\",\"item\":\"https:\\\/\\\/clinicajorgejaber.com.br\\\/novo\\\/a-clinica\\\/\"},{\"@type\":\"ListItem\",\"position\":3,\"name\":\"Equipe\"}]},{\"@type\":\"WebSite\",\"@id\":\"https:\\\/\\\/clinicajorgejaber.com.br\\\/novo\\\/#website\",\"url\":\"https:\\\/\\\/clinicajorgejaber.com.br\\\/novo\\\/\",\"name\":\"Cl\u00ednica Jorge Jaber\",\"description\":\"A Cl\u00ednica Jorge Jaber, filiada \u00e0 World Federation for Mental Health (WFMH), atua na preven\u00e7\u00e3o e tratamento da sa\u00fade mental\",\"publisher\":{\"@id\":\"https:\\\/\\\/clinicajorgejaber.com.br\\\/novo\\\/#organization\"},\"potentialAction\":[{\"@type\":\"SearchAction\",\"target\":{\"@type\":\"EntryPoint\",\"urlTemplate\":\"https:\\\/\\\/clinicajorgejaber.com.br\\\/novo\\\/?s={search_term_string}\"},\"query-input\":{\"@type\":\"PropertyValueSpecification\",\"valueRequired\":true,\"valueName\":\"search_term_string\"}}],\"inLanguage\":\"pt-BR\"},{\"@type\":\"Organization\",\"@id\":\"https:\\\/\\\/clinicajorgejaber.com.br\\\/novo\\\/#organization\",\"name\":\"Cl\u00ednica Jorge Jaber\",\"url\":\"https:\\\/\\\/clinicajorgejaber.com.br\\\/novo\\\/\",\"logo\":{\"@type\":\"ImageObject\",\"inLanguage\":\"pt-BR\",\"@id\":\"https:\\\/\\\/clinicajorgejaber.com.br\\\/novo\\\/#\\\/schema\\\/logo\\\/image\\\/\",\"url\":\"https:\\\/\\\/clinicajorgejaber.com.br\\\/novo\\\/wp-content\\\/uploads\\\/2017\\\/04\\\/logo_nova_site.png\",\"contentUrl\":\"https:\\\/\\\/clinicajorgejaber.com.br\\\/novo\\\/wp-content\\\/uploads\\\/2017\\\/04\\\/logo_nova_site.png\",\"width\":283,\"height\":100,\"caption\":\"Cl\u00ednica Jorge Jaber\"},\"image\":{\"@id\":\"https:\\\/\\\/clinicajorgejaber.com.br\\\/novo\\\/#\\\/schema\\\/logo\\\/image\\\/\"}}]}<\/script>\n<!-- \/ Yoast SEO plugin. -->","yoast_head_json":{"title":"Equipe - Cl\u00ednica Jorge Jaber","robots":{"index":"index","follow":"follow","max-snippet":"max-snippet:-1","max-image-preview":"max-image-preview:large","max-video-preview":"max-video-preview:-1"},"canonical":"https:\/\/clinicajorgejaber.com.br\/novo\/a-clinica\/equipe\/","og_locale":"pt_BR","og_type":"article","og_title":"Equipe - Cl\u00ednica Jorge Jaber","og_description":"DR. JORGE JABER Diretor presidente Psiquiatra, formado em Medicina pela Universidade do Estado do Rio de Janeiro (UERJ) com MBA em Medicina pela Funda\u00e7\u00e3o Get\u00falio Vargas. Diretor-t\u00e9cnico da Cl\u00ednica Jorge Jaber,\u00a0Membro Fundador e Associado da International Society of Addiction Medicine,\u00a0Membro","og_url":"https:\/\/clinicajorgejaber.com.br\/novo\/a-clinica\/equipe\/","og_site_name":"Cl\u00ednica Jorge Jaber","article_modified_time":"2024-08-23T14:09:44+00:00","og_image":[{"url":"https:\/\/clinicajorgejaber.com.br\/novo\/wp-content\/uploads\/2020\/11\/jorgejaber-252x300.jpeg","type":"","width":"","height":""}],"twitter_card":"summary_large_image","twitter_misc":{"Est. tempo de leitura":"2 minutos"},"schema":{"@context":"https:\/\/schema.org","@graph":[{"@type":"WebPage","@id":"https:\/\/clinicajorgejaber.com.br\/novo\/a-clinica\/equipe\/","url":"https:\/\/clinicajorgejaber.com.br\/novo\/a-clinica\/equipe\/","name":"Equipe - Cl\u00ednica Jorge Jaber","isPartOf":{"@id":"https:\/\/clinicajorgejaber.com.br\/novo\/#website"},"primaryImageOfPage":{"@id":"https:\/\/clinicajorgejaber.com.br\/novo\/a-clinica\/equipe\/#primaryimage"},"image":{"@id":"https:\/\/clinicajorgejaber.com.br\/novo\/a-clinica\/equipe\/#primaryimage"},"thumbnailUrl":"https:\/\/clinicajorgejaber.com.br\/novo\/wp-content\/uploads\/2020\/11\/jorgejaber-252x300.jpeg","datePublished":"2017-04-28T13:44:07+00:00","dateModified":"2024-08-23T14:09:44+00:00","breadcrumb":{"@id":"https:\/\/clinicajorgejaber.com.br\/novo\/a-clinica\/equipe\/#breadcrumb"},"inLanguage":"pt-BR","potentialAction":[{"@type":"ReadAction","target":["https:\/\/clinicajorgejaber.com.br\/novo\/a-clinica\/equipe\/"]}]},{"@type":"ImageObject","inLanguage":"pt-BR","@id":"https:\/\/clinicajorgejaber.com.br\/novo\/a-clinica\/equipe\/#primaryimage","url":"https:\/\/clinicajorgejaber.com.br\/novo\/wp-content\/uploads\/2020\/11\/jorgejaber.jpeg","contentUrl":"https:\/\/clinicajorgejaber.com.br\/novo\/wp-content\/uploads\/2020\/11\/jorgejaber.jpeg","width":1074,"height":1280},{"@type":"BreadcrumbList","@id":"https:\/\/clinicajorgejaber.com.br\/novo\/a-clinica\/equipe\/#breadcrumb","itemListElement":[{"@type":"ListItem","position":1,"name":"In\u00edcio","item":"https:\/\/clinicajorgejaber.com.br\/novo\/"},{"@type":"ListItem","position":2,"name":"A Cl\u00ednica Jorge Jaber","item":"https:\/\/clinicajorgejaber.com.br\/novo\/a-clinica\/"},{"@type":"ListItem","position":3,"name":"Equipe"}]},{"@type":"WebSite","@id":"https:\/\/clinicajorgejaber.com.br\/novo\/#website","url":"https:\/\/clinicajorgejaber.com.br\/novo\/","name":"Cl\u00ednica Jorge Jaber","description":"A Cl\u00ednica Jorge Jaber, filiada \u00e0 World Federation for Mental Health (WFMH), atua na preven\u00e7\u00e3o e tratamento da sa\u00fade mental","publisher":{"@id":"https:\/\/clinicajorgejaber.com.br\/novo\/#organization"},"potentialAction":[{"@type":"SearchAction","target":{"@type":"EntryPoint","urlTemplate":"https:\/\/clinicajorgejaber.com.br\/novo\/?s={search_term_string}"},"query-input":{"@type":"PropertyValueSpecification","valueRequired":true,"valueName":"search_term_string"}}],"inLanguage":"pt-BR"},{"@type":"Organization","@id":"https:\/\/clinicajorgejaber.com.br\/novo\/#organization","name":"Cl\u00ednica Jorge Jaber","url":"https:\/\/clinicajorgejaber.com.br\/novo\/","logo":{"@type":"ImageObject","inLanguage":"pt-BR","@id":"https:\/\/clinicajorgejaber.com.br\/novo\/#\/schema\/logo\/image\/","url":"https:\/\/clinicajorgejaber.com.br\/novo\/wp-content\/uploads\/2017\/04\/logo_nova_site.png","contentUrl":"https:\/\/clinicajorgejaber.com.br\/novo\/wp-content\/uploads\/2017\/04\/logo_nova_site.png","width":283,"height":100,"caption":"Cl\u00ednica Jorge Jaber"},"image":{"@id":"https:\/\/clinicajorgejaber.com.br\/novo\/#\/schema\/logo\/image\/"}}]}},"_links":{"self":[{"href":"https:\/\/clinicajorgejaber.com.br\/novo\/wp-json\/wp\/v2\/pages\/703","targetHints":{"allow":["GET"]}}],"collection":[{"href":"https:\/\/clinicajorgejaber.com.br\/novo\/wp-json\/wp\/v2\/pages"}],"about":[{"href":"https:\/\/clinicajorgejaber.com.br\/novo\/wp-json\/wp\/v2\/types\/page"}],"author":[{"embeddable":true,"href":"https:\/\/clinicajorgejaber.com.br\/novo\/wp-json\/wp\/v2\/users\/1"}],"replies":[{"embeddable":true,"href":"https:\/\/clinicajorgejaber.com.br\/novo\/wp-json\/wp\/v2\/comments?post=703"}],"version-history":[{"count":40,"href":"https:\/\/clinicajorgejaber.com.br\/novo\/wp-json\/wp\/v2\/pages\/703\/revisions"}],"predecessor-version":[{"id":6614,"href":"https:\/\/clinicajorgejaber.com.br\/novo\/wp-json\/wp\/v2\/pages\/703\/revisions\/6614"}],"up":[{"embeddable":true,"href":"https:\/\/clinicajorgejaber.com.br\/novo\/wp-json\/wp\/v2\/pages\/15"}],"wp:attachment":[{"href":"https:\/\/clinicajorgejaber.com.br\/novo\/wp-json\/wp\/v2\/media?parent=703"}],"curies":[{"name":"wp","href":"https:\/\/api.w.org\/{rel}","templated":true}]}}